{"id":852,"date":"2019-04-30T10:32:14","date_gmt":"2019-04-30T08:32:14","guid":{"rendered":"http:\/\/archiwumnauki.pan.pl\/?page_id=852"},"modified":"2019-04-30T10:39:45","modified_gmt":"2019-04-30T08:39:45","slug":"pauart-2015","status":"publish","type":"page","link":"https:\/\/archiwumnauki.pan.pl\/?page_id=852","title":{"rendered":"PAUart 2015"},"content":{"rendered":"<div>\n<div class=\"zdjecie\" style=\"text-align: center;\"><a href=\"http:\/\/pauart.pl\/app\"><img decoding=\"async\" loading=\"lazy\" class=\"alignnone wp-image-853\" src=\"https:\/\/archiwumnauki.pan.pl\/wp-content\/uploads\/2019\/04\/PAUart_plakat_promo_2015_small-208x300.jpg\" alt=\"\" width=\"377\" height=\"544\" srcset=\"https:\/\/archiwumnauki.pan.pl\/wp-content\/uploads\/2019\/04\/PAUart_plakat_promo_2015_small-208x300.jpg 208w, https:\/\/archiwumnauki.pan.pl\/wp-content\/uploads\/2019\/04\/PAUart_plakat_promo_2015_small-187x270.jpg 187w, https:\/\/archiwumnauki.pan.pl\/wp-content\/uploads\/2019\/04\/PAUart_plakat_promo_2015_small.jpg 416w\" sizes=\"(max-width: 377px) 100vw, 377px\" \/><\/a><\/div>\n<\/div>\n<p><strong><span style=\"font-size: 12pt;\">Zbiory ikonograficzne PAU w otwartym dost\u0119pie!<\/span><\/strong><\/p>\n<div style=\"text-align: justify;\" align=\"justify\">Zarz\u0105d PAU podj\u0105\u0142 w br. uchwa\u0142\u0119 o nieodp\u0142atnym udost\u0119pnieniu zdigitalizowanych zbior\u00f3w ikonograficznych publikowanych na stronie internetowej PAUart Katalog zbior\u00f3w artystycznych i naukowych Polskiej Akademii Umiej\u0119tno\u015bci (www.pauart.pl). Do ko\u0144ca br. opublikowanych zostanie 15\u00a0000 obiekt\u00f3w z oko\u0142o 265\u00a0000, m. in. grafiki Albrechta D\u00fcrera, Rembrandta van Rijn, Stefano della Belli, warsztatu P. P. Rubensa, fotografie z podr\u00f3\u017cy dooko\u0142a \u015bwiata Karola Lanckoro\u0144skiego, rysunki i akwarele C. Norwida, portrety uczonych i tw\u00f3rc\u00f3w, przedstawicieli \u015bwiata artystyczno-literackiego, dzia\u0142aczy politycznych, gospodarczych i spo\u0142ecznych, zdj\u0119cia ze spu\u015bcizn r\u00f3\u017cnych rodzin i rod\u00f3w np. Karoliny Lanckoro\u0144skiej, fotografie zabytk\u00f3w i reporta\u017cowe z okresu I wojny \u015bwiatowej. Obiekty przechowywane s\u0105 w zbiorach jednostek wchodz\u0105cych w struktur\u0119 PAU, tj. w Zbiorach Specjalnych i Gabinecie Rycin Biblioteki Naukowej PAU i PAN w Krakowie, Fototece Lanckoro\u0144skich PAU oraz Archiwum Nauki PAN i PAU. Obecnie zbli\u017camy si\u0119 do zako\u0144czenia realizacji 2 etapu projektu, kt\u00f3ry jak w roku poprzednim wsp\u00f3\u0142finansowany jest ze \u015brodk\u00f3w Ministra Kultury i Dziedzictwa Narodowego.<\/div>\n<p style=\"text-align: justify;\" align=\"justify\">Umo\u017cliwiono pobranie digitalizat\u00f3w wprost ze strony PAUart, w \u015bredniej jako\u015bci, bez znak\u00f3w wodnych i innych zabezpiecze\u0144 oraz zapisanie na dysku u\u017cytkownika. Co istotne, do cel\u00f3w naukowych (w tym publikacji), PAU udost\u0119pnia\u0107 b\u0119dzie r\u00f3wnie\u017c nieodp\u0142atnie wizerunki cyfrowe obiekt\u00f3w w wysokiej rozdzielczo\u015bci. W celu zapoznania si\u0119 z warunkami korzystania zach\u0119camy do odwiedzenia strony PAUart, podstrona Polityka otwarto\u015bci (<a href=\"http:\/\/www.pauart.pl\/app\/content\/opennessPolicy\">http:\/\/www.pauart.pl\/app\/content\/opennessPolicy<\/a>)<\/p>\n<p style=\"text-align: justify;\" align=\"justify\">Katalog b\u0119dzie sukcesywnie rozwijany i wzbogacany o kolejne obiekty o charakterze artystycznym i naukowym z ww. zbior\u00f3w w miar\u0119 pozyskiwania nowych \u015brodk\u00f3w, a tak\u017ce o zasoby innych instytucji i os\u00f3b prywatnych, kt\u00f3re przyst\u0105pi\u0105 do wsp\u00f3\u0142pracy. Polska Akademia Umiej\u0119tno\u015bci, promuj\u0105c otwarty dost\u0119p do \u017ar\u00f3de\u0142 polskiego i \u015bwiatowego dziedzictwa kulturowego \u017cywi nadziej\u0119, \u017ce udost\u0119pniany zas\u00f3b przyczyni si\u0119 do rozwoju bada\u0144 naukowych w wielu dziedzinach, a tak\u017ce pos\u0142u\u017cy do cel\u00f3w edukacyjnych, inspiruj\u0105c nauczycieli, uczni\u00f3w, wyk\u0142adowc\u00f3w, student\u00f3w i mi\u0142o\u015bnik\u00f3w sztuki do jego kreatywnego wykorzystania.<\/p>\n<p><iframe loading=\"lazy\" width=\"640\" height=\"360\" src=\"https:\/\/www.youtube.com\/embed\/YU6IivmFlgM?feature=oembed\" frameborder=\"0\" allow=\"accelerometer; autoplay; encrypted-media; gyroscope; picture-in-picture\" allowfullscreen><\/iframe><\/p>\n","protected":false},"excerpt":{"rendered":"<p>Zbiory ikonograficzne PAU w otwartym dost\u0119pie! Zarz\u0105d PAU podj\u0105\u0142 w br. uchwa\u0142\u0119 o nieodp\u0142atnym udost\u0119pnieniu zdigitalizowanych zbior\u00f3w ikonograficznych publikowanych na stronie internetowej PAUart Katalog zbior\u00f3w artystycznych i naukowych Polskiej Akademii Umiej\u0119tno\u015bci (www.pauart.pl). Do ko\u0144ca br. opublikowanych zostanie 15\u00a0000 obiekt\u00f3w z oko\u0142o 265\u00a0000, m. in. grafiki Albrechta D\u00fcrera, Rembrandta van Rijn, Stefano della Belli, warsztatu P. &hellip; <\/p>\n<p class=\"read-more\"><a class=\"btn btn-default\" href=\"https:\/\/archiwumnauki.pan.pl\/?page_id=852\"> Read More<span class=\"screen-reader-text\">  Read More<\/span><\/a><\/p>\n","protected":false},"author":55,"featured_media":0,"parent":0,"menu_order":0,"comment_status":"closed","ping_status":"closed","template":"","meta":[],"_links":{"self":[{"href":"https:\/\/archiwumnauki.pan.pl\/index.php?rest_route=\/wp\/v2\/pages\/852"}],"collection":[{"href":"https:\/\/archiwumnauki.pan.pl\/index.php?rest_route=\/wp\/v2\/pages"}],"about":[{"href":"https:\/\/archiwumnauki.pan.pl\/index.php?rest_route=\/wp\/v2\/types\/page"}],"author":[{"embeddable":true,"href":"https:\/\/archiwumnauki.pan.pl\/index.php?rest_route=\/wp\/v2\/users\/55"}],"replies":[{"embeddable":true,"href":"https:\/\/archiwumnauki.pan.pl\/index.php?rest_route=%2Fwp%2Fv2%2Fcomments&post=852"}],"version-history":[{"count":5,"href":"https:\/\/archiwumnauki.pan.pl\/index.php?rest_route=\/wp\/v2\/pages\/852\/revisions"}],"predecessor-version":[{"id":855,"href":"https:\/\/archiwumnauki.pan.pl\/index.php?rest_route=\/wp\/v2\/pages\/852\/revisions\/855"}],"wp:attachment":[{"href":"https:\/\/archiwumnauki.pan.pl\/index.php?rest_route=%2Fwp%2Fv2%2Fmedia&parent=852"}],"curies":[{"name":"wp","href":"https:\/\/api.w.org\/{rel}","templated":true}]}}