{"id":843,"date":"2019-04-30T10:26:36","date_gmt":"2019-04-30T08:26:36","guid":{"rendered":"http:\/\/archiwumnauki.pan.pl\/?page_id=843"},"modified":"2019-04-30T10:29:54","modified_gmt":"2019-04-30T08:29:54","slug":"pauart-2014","status":"publish","type":"page","link":"https:\/\/archiwumnauki.pan.pl\/?page_id=843","title":{"rendered":"PAUart 2014"},"content":{"rendered":"<p style=\"text-align: justify;\" align=\"justify\">Katalog PAUart jest inicjatyw\u0105 wspomagaj\u0105c\u0105 dzia\u0142alno\u015b\u0107 na rzecz rozwoju oraz popularyzacji kultury i nauki, wpisuj\u0105c\u0105 si\u0119 w pe\u0142ni w misj\u0119 Polskiej Akademii Umiej\u0119tno\u015bci. Ma na celu upowszechnienie polskiego i kolekcjonowanego przez Polak\u00f3w \u015bwiatowego dziedzictwa kulturowego. Realizacja zadania w bie\u017c\u0105cym roku zosta\u0142a dofinansowana z programu\u00a0<em>Dziedzictwo kulturowe<\/em>\u00a0Ministerstwa Kultury i Dziedzictwa Narodowego (Nr 43664\/13).<\/p>\n<p style=\"text-align: justify;\" align=\"justify\">Obiekty przechowywane s\u0105 w zbiorach trzech jednostek wsp\u00f3\u0142pracuj\u0105cych przy realizacji projektu: Biblioteki Naukowej PAU i PAN w Krakowie, Fototeki Lanckoro\u0144skich oraz Archiwum Nauki PAN i PAU.<\/p>\n<p style=\"text-align: justify;\" align=\"justify\">W bie\u017c\u0105cym roku udost\u0119pniono w domenie publicznej 9000 obiekt\u00f3w, w tym 2500 rycin i 6500 fotografii. W\u015br\u00f3d nich znajduj\u0105 si\u0119 arcydzie\u0142a dawnych mistrz\u00f3w np. Albrechta D\u00fcrera, Rembrandta van Rijn, Jacques\u2019a Callota oraz zdj\u0119cia z kolekcji Stanis\u0142awa Wyspia\u0144skiego, Karola Lanckoro\u0144skiego, a tak\u017ce spu\u015bcizn historyka sztuki Karoliny Lanckoro\u0144skiej (1898-2002) i filozofa Wincentego Lutos\u0142awskiego (1863-1954). Ze zbior\u00f3w Biblioteki Naukowej PAU i PAN szczeg\u00f3lnej uwadze polecamy tak\u017ce albumy fotografii Bronis\u0142awa Pi\u0142sudskiego z Sachalina i Micha\u0142a Greima z Kamie\u0144ca Podolskiego, prezentuj\u0105ce wysokie walory naukowe i artystyczne.<\/p>\n<p style=\"text-align: justify;\" align=\"justify\">Zgromadzone w spu\u015bciznach fotografie ilustruj\u0105 dzia\u0142alno\u015b\u0107 naukow\u0105, zainteresowania badawcze i \u017cycie rodzinne uczonych, stanowi\u0105c cenne \u017ar\u00f3d\u0142o do historii nauki i kultury. W\u015br\u00f3d obecnie prezentowanych obiekt\u00f3w na uwag\u0119 zas\u0142uguje album historyka i dyplomaty Carla Burckhardta, fotografie z atelier J\u00f3zefa Jahudki, Carla Pietznera, Ernsta F\u00f6rstera oraz fotografie maj\u0105tk\u00f3w rodziny Lanckoro\u0144skich utrwalaj\u0105ce \u201e\u015bwiat, kt\u00f3rego ju\u017c nie ma\u201d, czyli Kresy Wschodnie<em>.<\/em><\/p>\n<div class=\"zdjecie\" style=\"text-align: center;\"><img decoding=\"async\" loading=\"lazy\" class=\"alignnone size-medium wp-image-844\" src=\"https:\/\/archiwumnauki.pan.pl\/wp-content\/uploads\/2019\/04\/karolinaantonimatka-209x300.jpg\" alt=\"\" width=\"209\" height=\"300\" srcset=\"https:\/\/archiwumnauki.pan.pl\/wp-content\/uploads\/2019\/04\/karolinaantonimatka-209x300.jpg 209w, https:\/\/archiwumnauki.pan.pl\/wp-content\/uploads\/2019\/04\/karolinaantonimatka-188x270.jpg 188w, https:\/\/archiwumnauki.pan.pl\/wp-content\/uploads\/2019\/04\/karolinaantonimatka.jpg 299w\" sizes=\"(max-width: 209px) 100vw, 209px\" \/><br \/>\n<span style=\"font-size: 10pt;\"><em>Karolina Lanckoro\u0144ska z matk\u0105 Ma\u0142gorzat\u0105 Lanckoro\u0144sk\u0105 von Lichnovsky oraz bratem Antonim<\/em><\/span><\/div>\n<div><\/div>\n<div><\/div>\n<div class=\"zdjecie \" style=\"text-align: center;\"><img decoding=\"async\" loading=\"lazy\" class=\"alignnone size-medium wp-image-845\" src=\"https:\/\/archiwumnauki.pan.pl\/wp-content\/uploads\/2019\/04\/karolwpalarni-223x300.jpg\" alt=\"\" width=\"223\" height=\"300\" srcset=\"https:\/\/archiwumnauki.pan.pl\/wp-content\/uploads\/2019\/04\/karolwpalarni-223x300.jpg 223w, https:\/\/archiwumnauki.pan.pl\/wp-content\/uploads\/2019\/04\/karolwpalarni-201x270.jpg 201w, https:\/\/archiwumnauki.pan.pl\/wp-content\/uploads\/2019\/04\/karolwpalarni.jpg 299w\" sizes=\"(max-width: 223px) 100vw, 223px\" \/><br \/>\n<span style=\"font-size: 10pt;\"><em>Karol Lanckoro\u0144ski w Palarni<\/em><\/span><\/div>\n<div><\/div>\n<div><\/div>\n<p style=\"text-align: center;\"><em><img decoding=\"async\" loading=\"lazy\" class=\"alignnone size-medium wp-image-846 aligncenter\" src=\"https:\/\/archiwumnauki.pan.pl\/wp-content\/uploads\/2019\/04\/manewryjahudka-300x218.jpg\" alt=\"\" width=\"300\" height=\"218\" srcset=\"https:\/\/archiwumnauki.pan.pl\/wp-content\/uploads\/2019\/04\/manewryjahudka-300x218.jpg 300w, https:\/\/archiwumnauki.pan.pl\/wp-content\/uploads\/2019\/04\/manewryjahudka-371x270.jpg 371w, https:\/\/archiwumnauki.pan.pl\/wp-content\/uploads\/2019\/04\/manewryjahudka.jpg 500w\" sizes=\"(max-width: 300px) 100vw, 300px\" \/><\/em><span style=\"font-size: 10pt;\"><em>Manewry wojskowe w Komarnie<\/em><\/span><\/p>\n<div style=\"text-align: center;\"><\/div>\n<div><\/div>\n<p style=\"text-align: justify;\" align=\"justify\">Katalog b\u0119dzie sukcesywnie rozbudowywany. W perspektywie d\u0142ugofalowej projekt zak\u0142ada digitalizacj\u0119 ca\u0142o\u015bci zbior\u00f3w ikonograficznych, kt\u00f3rych liczba szacowana jest obecnie na oko\u0142o 240 tys. ( w tym 60 ty\u015b. obiekt\u00f3w z Archiwum Nauki PAN i PAU).<\/p>\n","protected":false},"excerpt":{"rendered":"<p>Katalog PAUart jest inicjatyw\u0105 wspomagaj\u0105c\u0105 dzia\u0142alno\u015b\u0107 na rzecz rozwoju oraz popularyzacji kultury i nauki, wpisuj\u0105c\u0105 si\u0119 w pe\u0142ni w misj\u0119 Polskiej Akademii Umiej\u0119tno\u015bci. Ma na celu upowszechnienie polskiego i kolekcjonowanego przez Polak\u00f3w \u015bwiatowego dziedzictwa kulturowego. Realizacja zadania w bie\u017c\u0105cym roku zosta\u0142a dofinansowana z programu\u00a0Dziedzictwo kulturowe\u00a0Ministerstwa Kultury i Dziedzictwa Narodowego (Nr 43664\/13). Obiekty przechowywane s\u0105 w &hellip; <\/p>\n<p class=\"read-more\"><a class=\"btn btn-default\" href=\"https:\/\/archiwumnauki.pan.pl\/?page_id=843\"> Read More<span class=\"screen-reader-text\">  Read More<\/span><\/a><\/p>\n","protected":false},"author":55,"featured_media":0,"parent":0,"menu_order":0,"comment_status":"closed","ping_status":"closed","template":"","meta":[],"_links":{"self":[{"href":"https:\/\/archiwumnauki.pan.pl\/index.php?rest_route=\/wp\/v2\/pages\/843"}],"collection":[{"href":"https:\/\/archiwumnauki.pan.pl\/index.php?rest_route=\/wp\/v2\/pages"}],"about":[{"href":"https:\/\/archiwumnauki.pan.pl\/index.php?rest_route=\/wp\/v2\/types\/page"}],"author":[{"embeddable":true,"href":"https:\/\/archiwumnauki.pan.pl\/index.php?rest_route=\/wp\/v2\/users\/55"}],"replies":[{"embeddable":true,"href":"https:\/\/archiwumnauki.pan.pl\/index.php?rest_route=%2Fwp%2Fv2%2Fcomments&post=843"}],"version-history":[{"count":5,"href":"https:\/\/archiwumnauki.pan.pl\/index.php?rest_route=\/wp\/v2\/pages\/843\/revisions"}],"predecessor-version":[{"id":851,"href":"https:\/\/archiwumnauki.pan.pl\/index.php?rest_route=\/wp\/v2\/pages\/843\/revisions\/851"}],"wp:attachment":[{"href":"https:\/\/archiwumnauki.pan.pl\/index.php?rest_route=%2Fwp%2Fv2%2Fmedia&parent=843"}],"curies":[{"name":"wp","href":"https:\/\/api.w.org\/{rel}","templated":true}]}}