{"id":774,"date":"2019-04-30T09:07:09","date_gmt":"2019-04-30T07:07:09","guid":{"rendered":"http:\/\/archiwumnauki.pan.pl\/?page_id=774"},"modified":"2024-03-26T11:00:34","modified_gmt":"2024-03-26T10:00:34","slug":"wydawnictwa-wlasne-archiwum","status":"publish","type":"page","link":"https:\/\/archiwumnauki.pan.pl\/?page_id=774","title":{"rendered":"Wydawnictwa w\u0142asne Archiwum Nauki"},"content":{"rendered":"<p style=\"text-align: justify;\">Publikacje, wydawane przez Archiwum Nauki PAN i PAU, s\u0105 wynikiem prac nad zasobem, przechowywanym w naszej instytucji. Opr\u00f3cz tego Archiwum publikuje materia\u0142y z organizowanych przez siebie konferencji. Szczeg\u00f3lnym przypadkiem jest wydawnictwo <em>Archiwum Nauki\u00a0PAN i PAU z\u00a0perspektywy 20 lat. Rzeczywisto\u015b\u0107 i wyzwania<\/em>, kt\u00f3re ukaza\u0142o si\u0119 z okazji 20. rocznicy powo\u0142ania instytucji.<\/p>\n<div>\n<div id=\"31\" class=\"wydawnictwo\">\n<hr \/>\n<div>\n<div id=\"50\" class=\"wydawnictwo\">\n<h2 style=\"text-align: center;\"><span style=\"font-size: 12pt; font-family: georgia, palatino, serif;\"><em>Archiwum Nauki PAN i PAU z perspektywy 20 lat. Rzeczywisto\u015b\u0107 i wyzwania<br \/>\n<\/em> <\/span><\/h2>\n<p style=\"text-align: center;\"><span style=\"font-size: 12pt; font-family: georgia, palatino, serif;\"><strong>red. P. Krzywda, T. Pud\u0142ocki<br \/>\nKrak\u00f3w 2022<\/strong><\/span><\/p>\n<p style=\"text-align: center;\"><a href=\"https:\/\/archiwumnauki.pan.pl\/wp-content\/uploads\/2024\/03\/20-lat-AN_okl-web.jpg\"><img decoding=\"async\" loading=\"lazy\" class=\"aligncenter wp-image-6024 size-medium\" src=\"https:\/\/archiwumnauki.pan.pl\/wp-content\/uploads\/2024\/03\/20-lat-AN_okl-web-206x300.jpg\" alt=\"\" width=\"206\" height=\"300\" srcset=\"https:\/\/archiwumnauki.pan.pl\/wp-content\/uploads\/2024\/03\/20-lat-AN_okl-web-206x300.jpg 206w, https:\/\/archiwumnauki.pan.pl\/wp-content\/uploads\/2024\/03\/20-lat-AN_okl-web-704x1024.jpg 704w, https:\/\/archiwumnauki.pan.pl\/wp-content\/uploads\/2024\/03\/20-lat-AN_okl-web-768x1117.jpg 768w, https:\/\/archiwumnauki.pan.pl\/wp-content\/uploads\/2024\/03\/20-lat-AN_okl-web-186x270.jpg 186w, https:\/\/archiwumnauki.pan.pl\/wp-content\/uploads\/2024\/03\/20-lat-AN_okl-web.jpg 975w\" sizes=\"(max-width: 206px) 100vw, 206px\" \/><\/a><\/p>\n<p style=\"text-align: center;\"><strong><a href=\"https:\/\/archiwumnauki.pan.pl\/wp-content\/uploads\/2024\/03\/20-lat-AN_spis-tresci.pdf\"><span style=\"font-size: 12pt;\">Spis tre\u015bci<\/span><\/a><\/strong><\/p>\n<hr \/>\n<h2 style=\"text-align: center;\"><span style=\"font-size: 12pt; font-family: georgia, palatino, serif;\"><em>Spu\u015bcizny &#8211; co po nas zostaje? Zagadnienia metodologiczne<br \/>\n<\/em><em>Materia\u0142y konferencji naukowych organizowanych przez Archiwum Nauki PAN i PAU i Polsk\u0105 Akademi\u0119 Umiej\u0119tno\u015bci<\/em><\/span><\/h2>\n<p style=\"text-align: center;\"><span style=\"font-size: 12pt; font-family: georgia, palatino, serif;\"><strong>red. A. G\u00f3rski<\/strong><\/span><br \/>\n<strong><span style=\"font-size: 12pt; font-family: georgia, palatino, serif;\">Krak\u00f3w 2018<\/span><br \/>\n<span style=\"font-size: 12pt; font-family: georgia, palatino, serif;\">ISBN 978\u201383\u2013951378\u20132\u20132<\/span><br \/>\n<\/strong><\/p>\n<p><a href=\"https:\/\/archiwumnauki.pan.pl\/wp-content\/uploads\/2024\/03\/Spuscizny-okladka.jpg\"><img decoding=\"async\" loading=\"lazy\" class=\"wp-image-6025 size-medium aligncenter\" src=\"https:\/\/archiwumnauki.pan.pl\/wp-content\/uploads\/2024\/03\/Spuscizny-okladka-207x300.jpg\" alt=\"\" width=\"207\" height=\"300\" srcset=\"https:\/\/archiwumnauki.pan.pl\/wp-content\/uploads\/2024\/03\/Spuscizny-okladka-207x300.jpg 207w, https:\/\/archiwumnauki.pan.pl\/wp-content\/uploads\/2024\/03\/Spuscizny-okladka-186x270.jpg 186w, https:\/\/archiwumnauki.pan.pl\/wp-content\/uploads\/2024\/03\/Spuscizny-okladka.jpg 479w\" sizes=\"(max-width: 207px) 100vw, 207px\" \/><\/a><\/p>\n<p style=\"text-align: center;\"><a href=\"https:\/\/archiwumnauki.pan.pl\/wp-content\/uploads\/2024\/03\/Spuscizny_spis-tresci.pdf\"><strong>Spis tre\u015bci<\/strong><\/a><\/p>\n<hr \/>\n<h2><em><span style=\"font-size: 12pt;\">W\u0142adys\u0142aw Natanson &#8211; Listy do narzeczonej<\/span><\/em><\/h2>\n<h4 style=\"text-align: center;\"><span style=\"font-size: 12pt;\">Krak\u00f3w 2012<\/span><\/h4>\n<p><span style=\"font-size: 12pt;\"><a href=\"https:\/\/archiwumnauki.pan.pl\/wp-content\/uploads\/2019\/04\/listynatanson.jpg\"><img decoding=\"async\" loading=\"lazy\" class=\"aligncenter wp-image-779 size-full\" src=\"https:\/\/archiwumnauki.pan.pl\/wp-content\/uploads\/2019\/04\/listynatanson.jpg\" alt=\"\" width=\"187\" height=\"283\" srcset=\"https:\/\/archiwumnauki.pan.pl\/wp-content\/uploads\/2019\/04\/listynatanson.jpg 187w, https:\/\/archiwumnauki.pan.pl\/wp-content\/uploads\/2019\/04\/listynatanson-178x270.jpg 178w\" sizes=\"(max-width: 187px) 100vw, 187px\" \/><\/a><\/span><\/p>\n<\/div>\n<hr \/>\n<\/div>\n<h2><em><span style=\"font-size: 12pt;\">Archiwa, biblioteki, muzea wobec nowych wyzwa\u0144 w dobie digitalizacji<\/span><\/em><\/h2>\n<h3><em><span style=\"font-size: 12pt;\">Materia\u0142y z konferencji zorganizowanej przez Archiwum Nauki PAN i PAU oraz Komisj\u0119 Historii Nauki PAU 3 grudnia 2010 roku<\/span><\/em><\/h3>\n<h4 style=\"text-align: center;\"><span style=\"font-size: 12pt;\">Krak\u00f3w 2011<\/span><\/h4>\n<p><span style=\"font-size: 12pt;\"><a href=\"https:\/\/archiwumnauki.pan.pl\/wp-content\/uploads\/2019\/04\/archiwadig.jpg\"><img decoding=\"async\" loading=\"lazy\" class=\"aligncenter wp-image-776 size-full\" src=\"https:\/\/archiwumnauki.pan.pl\/wp-content\/uploads\/2019\/04\/archiwadig.jpg\" alt=\"\" width=\"198\" height=\"284\" srcset=\"https:\/\/archiwumnauki.pan.pl\/wp-content\/uploads\/2019\/04\/archiwadig.jpg 198w, https:\/\/archiwumnauki.pan.pl\/wp-content\/uploads\/2019\/04\/archiwadig-188x270.jpg 188w\" sizes=\"(max-width: 198px) 100vw, 198px\" \/><\/a><\/span><\/p>\n<hr \/>\n<h2><em><span style=\"font-size: 12pt;\">Archiwa dla nauki. Dlaczego nauce potrzebne s\u0105 archiwa naukowe?<\/span><\/em><\/h2>\n<h3><em><span style=\"font-size: 12pt;\">Materia\u0142y z konferencji zorganizowanej przez Archiwum Nauki PAN i PAU Komisj\u0119 Historii Nauki PAU oraz Oddzia\u0142 Krakowski Stowarzyszenia Archiwist\u00f3w Polskich<\/span><\/em><\/h3>\n<h4 style=\"text-align: center;\"><span style=\"font-size: 12pt;\">Krak\u00f3w 2011<\/span><\/h4>\n<p><span style=\"font-size: 12pt;\"><a href=\"https:\/\/archiwumnauki.pan.pl\/wp-content\/uploads\/2019\/04\/archiwam.jpg\"><img decoding=\"async\" loading=\"lazy\" class=\"aligncenter wp-image-777 size-full\" src=\"https:\/\/archiwumnauki.pan.pl\/wp-content\/uploads\/2019\/04\/archiwam.jpg\" alt=\"\" width=\"198\" height=\"284\" srcset=\"https:\/\/archiwumnauki.pan.pl\/wp-content\/uploads\/2019\/04\/archiwam.jpg 198w, https:\/\/archiwumnauki.pan.pl\/wp-content\/uploads\/2019\/04\/archiwam-188x270.jpg 188w\" sizes=\"(max-width: 198px) 100vw, 198px\" \/><\/a><\/span><\/p>\n<hr \/>\n<h2><em><span style=\"font-size: 12pt;\">Korespondencja Tadeusza Kowalskiego z Janem Rypk\u0105 i Bedrichem Hroznym<\/span><\/em><\/h2>\n<h4 style=\"text-align: center;\"><span style=\"font-size: 12pt;\">Krak\u00f3w 2007<\/span><\/h4>\n<p><span style=\"font-size: 12pt;\"><a href=\"https:\/\/archiwumnauki.pan.pl\/wp-content\/uploads\/2019\/04\/korespondmini.jpg\"><img decoding=\"async\" loading=\"lazy\" class=\"aligncenter wp-image-778 size-full\" src=\"https:\/\/archiwumnauki.pan.pl\/wp-content\/uploads\/2019\/04\/korespondmini.jpg\" alt=\"\" width=\"198\" height=\"278\" srcset=\"https:\/\/archiwumnauki.pan.pl\/wp-content\/uploads\/2019\/04\/korespondmini.jpg 198w, https:\/\/archiwumnauki.pan.pl\/wp-content\/uploads\/2019\/04\/korespondmini-192x270.jpg 192w\" sizes=\"(max-width: 198px) 100vw, 198px\" \/><\/a><\/span><\/p>\n<hr \/>\n<h2><em><span style=\"font-size: 12pt;\">Poczet cz\u0142onk\u00f3w Akademii Umiej\u0119tno\u015bci i Polskiej Akademii Umiej\u0119tno\u015bci w latach 1872-2000<\/span><\/em><\/h2>\n<h4 style=\"text-align: center;\"><span style=\"font-size: 12pt;\">Krak\u00f3w 2006<\/span><\/h4>\n<p><span style=\"font-size: 12pt;\"><a href=\"https:\/\/archiwumnauki.pan.pl\/wp-content\/uploads\/2019\/04\/poczet.jpg\"><img decoding=\"async\" loading=\"lazy\" class=\"aligncenter wp-image-780 size-full\" src=\"https:\/\/archiwumnauki.pan.pl\/wp-content\/uploads\/2019\/04\/poczet.jpg\" alt=\"\" width=\"197\" height=\"280\" srcset=\"https:\/\/archiwumnauki.pan.pl\/wp-content\/uploads\/2019\/04\/poczet.jpg 197w, https:\/\/archiwumnauki.pan.pl\/wp-content\/uploads\/2019\/04\/poczet-190x270.jpg 190w\" sizes=\"(max-width: 197px) 100vw, 197px\" \/><\/a><\/span><\/p>\n<div class=\"wydawnictwo_opis\"><\/div>\n<\/div>\n<hr \/>\n<div id=\"38\" class=\"wydawnictwo\">\n<p>&nbsp;<\/p>\n<\/div>\n<hr \/>\n<div id=\"43\" class=\"wydawnictwo\">\n<p>&nbsp;<\/p>\n<\/div>\n<hr \/>\n<div id=\"44\" class=\"wydawnictwo\">\n<p>&nbsp;<\/p>\n<\/div>\n<hr \/>\n<div id=\"50\" class=\"wydawnictwo\"><\/div>\n<\/div>\n<p><span style=\"font-size: 12pt;\">Powy\u017csze wydawnictwa mo\u017cna zamawia\u0107 w Dziale Wydawnictw Polskiej Akademii Umiej\u0119tno\u015bci.<\/span><\/p>\n<ul class=\"listapusta\">\n<li><span style=\"font-size: 12pt;\"><strong>Adres:<\/strong>\u00a031-016 Krak\u00f3w, ul. S\u0142awkowska 17,<\/span><\/li>\n<li><span style=\"font-size: 12pt;\"><strong>tel:<\/strong>\u00a0(012) 424-02-12,<\/span><\/li>\n<li><span style=\"font-size: 12pt;\"><strong>fax:<\/strong>\u00a0(012) 422-54-22,<\/span><\/li>\n<li><span style=\"font-size: 12pt;\"><strong>e-mail:<\/strong>\u00a0<a href=\"mailto:wydawnictwo@pau.krakow.pl\">wydawnictwo@pau.krakow.pl<\/a><\/span><\/li>\n<\/ul>\n","protected":false},"excerpt":{"rendered":"<p>Publikacje, wydawane przez Archiwum Nauki PAN i PAU, s\u0105 wynikiem prac nad zasobem, przechowywanym w naszej instytucji. Opr\u00f3cz tego Archiwum publikuje materia\u0142y z organizowanych przez siebie konferencji. Szczeg\u00f3lnym przypadkiem jest wydawnictwo Archiwum Nauki\u00a0PAN i PAU z\u00a0perspektywy 20 lat. Rzeczywisto\u015b\u0107 i wyzwania, kt\u00f3re ukaza\u0142o si\u0119 z okazji 20. rocznicy powo\u0142ania instytucji. Archiwum Nauki PAN i PAU &hellip; <\/p>\n<p class=\"read-more\"><a class=\"btn btn-default\" href=\"https:\/\/archiwumnauki.pan.pl\/?page_id=774\"> Read More<span class=\"screen-reader-text\">  Read More<\/span><\/a><\/p>\n","protected":false},"author":55,"featured_media":0,"parent":0,"menu_order":0,"comment_status":"closed","ping_status":"closed","template":"","meta":[],"_links":{"self":[{"href":"https:\/\/archiwumnauki.pan.pl\/index.php?rest_route=\/wp\/v2\/pages\/774"}],"collection":[{"href":"https:\/\/archiwumnauki.pan.pl\/index.php?rest_route=\/wp\/v2\/pages"}],"about":[{"href":"https:\/\/archiwumnauki.pan.pl\/index.php?rest_route=\/wp\/v2\/types\/page"}],"author":[{"embeddable":true,"href":"https:\/\/archiwumnauki.pan.pl\/index.php?rest_route=\/wp\/v2\/users\/55"}],"replies":[{"embeddable":true,"href":"https:\/\/archiwumnauki.pan.pl\/index.php?rest_route=%2Fwp%2Fv2%2Fcomments&post=774"}],"version-history":[{"count":21,"href":"https:\/\/archiwumnauki.pan.pl\/index.php?rest_route=\/wp\/v2\/pages\/774\/revisions"}],"predecessor-version":[{"id":6038,"href":"https:\/\/archiwumnauki.pan.pl\/index.php?rest_route=\/wp\/v2\/pages\/774\/revisions\/6038"}],"wp:attachment":[{"href":"https:\/\/archiwumnauki.pan.pl\/index.php?rest_route=%2Fwp%2Fv2%2Fmedia&parent=774"}],"curies":[{"name":"wp","href":"https:\/\/api.w.org\/{rel}","templated":true}]}}