{"id":772,"date":"2019-04-30T09:05:37","date_gmt":"2019-04-30T07:05:37","guid":{"rendered":"http:\/\/archiwumnauki.pan.pl\/?page_id=772"},"modified":"2024-03-26T11:31:30","modified_gmt":"2024-03-26T10:31:30","slug":"wydawnictwa-pan","status":"publish","type":"page","link":"https:\/\/archiwumnauki.pan.pl\/?page_id=772","title":{"rendered":"Wydawnictwa PAN"},"content":{"rendered":"<p style=\"text-align: justify;\"><span style=\"font-size: 12pt;\">Zas\u00f3b Archiwum Nauki zawiera szereg materia\u0142\u00f3w stanowi\u0105cych podstaw\u0119 dla publikacji po\u015bwi\u0119conych historii Oddzia\u0142u PAN w Krakowie. Informacje o nabytkach Archiwum ukazuj\u0105 si\u0119 systematycznie w &#8222;Roczniku Oddzia\u0142u PAN w Krakowie&#8221;.<\/span><\/p>\n<hr \/>\n<p><span style=\"font-size: 14pt;\"><em><strong>Polska Akademia Nauk Oddzia\u0142 w Krakowie 1957-1997<\/strong><\/em><\/span><br \/>\n<strong><span style=\"font-size: 12pt;\">Piotr Milczanowski<\/span><\/strong><br \/>\n<strong><span style=\"font-size: 12pt;\">Krak\u00f3w 1997<\/span><\/strong><\/p>\n<p><a href=\"https:\/\/archiwumnauki.pan.pl\/wp-content\/uploads\/2019\/04\/wyd_PAN_PAN_Krakow.jpg\"><img decoding=\"async\" loading=\"lazy\" class=\"alignnone wp-image-785 size-full\" src=\"https:\/\/archiwumnauki.pan.pl\/wp-content\/uploads\/2019\/04\/wyd_PAN_PAN_Krakow.jpg\" alt=\"\" width=\"240\" height=\"220\" \/><\/a><\/p>\n<div>\n<hr \/>\n<\/div>\n<div><span style=\"font-size: 14pt;\"><em><strong>Research Institiutes and Scientific Commissions Cracow Branch of The Polish Academy of Sciences<\/strong><\/em><\/span><\/div>\n<div><strong><span style=\"font-size: 12pt;\">Oddzia\u0142 PAN w Krakowie<\/span><\/strong><\/div>\n<div><strong><span style=\"font-size: 12pt;\">Krak\u00f3w 2002<\/span><\/strong><\/div>\n<p><a href=\"https:\/\/archiwumnauki.pan.pl\/wp-content\/uploads\/2019\/04\/wyd_PAN_research.jpg\"><img decoding=\"async\" loading=\"lazy\" class=\"alignnone wp-image-786 size-full\" src=\"https:\/\/archiwumnauki.pan.pl\/wp-content\/uploads\/2019\/04\/wyd_PAN_research.jpg\" alt=\"\" width=\"240\" height=\"225\" \/><\/a><\/p>\n<div>\n<hr \/>\n<\/div>\n<p><span style=\"font-size: 12pt;\">Powy\u017csze wydawnictwa mo\u017cna zamawia\u0107 w <strong>Dziale Wydawnictw Oddzia\u0142u PAN w Krakowie<\/strong><\/span><\/p>\n<p><span style=\"font-size: 12pt;\"><strong>Adres:<\/strong>\u00a031-018 Krak\u00f3w, ul. \u015bw. Jana 28<\/span><\/p>\n","protected":false},"excerpt":{"rendered":"<p>Zas\u00f3b Archiwum Nauki zawiera szereg materia\u0142\u00f3w stanowi\u0105cych podstaw\u0119 dla publikacji po\u015bwi\u0119conych historii Oddzia\u0142u PAN w Krakowie. Informacje o nabytkach Archiwum ukazuj\u0105 si\u0119 systematycznie w &#8222;Roczniku Oddzia\u0142u PAN w Krakowie&#8221;. Polska Akademia Nauk Oddzia\u0142 w Krakowie 1957-1997 Piotr Milczanowski Krak\u00f3w 1997 Research Institiutes and Scientific Commissions Cracow Branch of The Polish Academy of Sciences Oddzia\u0142 PAN &hellip; <\/p>\n<p class=\"read-more\"><a class=\"btn btn-default\" href=\"https:\/\/archiwumnauki.pan.pl\/?page_id=772\"> Read More<span class=\"screen-reader-text\">  Read More<\/span><\/a><\/p>\n","protected":false},"author":55,"featured_media":0,"parent":0,"menu_order":0,"comment_status":"closed","ping_status":"closed","template":"","meta":[],"_links":{"self":[{"href":"https:\/\/archiwumnauki.pan.pl\/index.php?rest_route=\/wp\/v2\/pages\/772"}],"collection":[{"href":"https:\/\/archiwumnauki.pan.pl\/index.php?rest_route=\/wp\/v2\/pages"}],"about":[{"href":"https:\/\/archiwumnauki.pan.pl\/index.php?rest_route=\/wp\/v2\/types\/page"}],"author":[{"embeddable":true,"href":"https:\/\/archiwumnauki.pan.pl\/index.php?rest_route=\/wp\/v2\/users\/55"}],"replies":[{"embeddable":true,"href":"https:\/\/archiwumnauki.pan.pl\/index.php?rest_route=%2Fwp%2Fv2%2Fcomments&post=772"}],"version-history":[{"count":5,"href":"https:\/\/archiwumnauki.pan.pl\/index.php?rest_route=\/wp\/v2\/pages\/772\/revisions"}],"predecessor-version":[{"id":6053,"href":"https:\/\/archiwumnauki.pan.pl\/index.php?rest_route=\/wp\/v2\/pages\/772\/revisions\/6053"}],"wp:attachment":[{"href":"https:\/\/archiwumnauki.pan.pl\/index.php?rest_route=%2Fwp%2Fv2%2Fmedia&parent=772"}],"curies":[{"name":"wp","href":"https:\/\/api.w.org\/{rel}","templated":true}]}}