{"id":770,"date":"2019-04-30T09:04:07","date_gmt":"2019-04-30T07:04:07","guid":{"rendered":"http:\/\/archiwumnauki.pan.pl\/?page_id=770"},"modified":"2024-03-26T11:21:31","modified_gmt":"2024-03-26T10:21:31","slug":"cykl-studia-i-materialy","status":"publish","type":"page","link":"https:\/\/archiwumnauki.pan.pl\/?page_id=770","title":{"rendered":"Cykl \u201eStudia i materia\u0142y&#8230;\u201d"},"content":{"rendered":"<p style=\"text-align: justify;\">Na materia\u0142ach z zasobu Archiwum Nauki oparta jest seria &#8222;Studia i materia\u0142y do dziej\u00f3w Polskiej Akademii Umiej\u0119tno\u015bci&#8221;, zainicjowana i wydawana przez PAU.<\/p>\n<ul style=\"text-align: justify;\">\n<li><em>Od Towarzystwa Naukowego Krakowskiego do Polskiej Akademii Umiej\u0119tno\u015bci<\/em><\/li>\n<li><em>Botanika w Towarzystwie Naukowym Krakowskim, Akademii Umiej\u0119tno\u015bci i Polskiej Akademii Umiej\u0119tno\u015bci (1815-1952)<\/em><\/li>\n<li><em>Starunia i badania czwartorz\u0119du w tradycji i inicjatywach Polskiej Akademii Umiej\u0119tno\u015bci<\/em><\/li>\n<li><em>Jan Baudouin de Courtenay i Jooseppi J. Mikkola korespondencja z lat 1898-1926&#8243;<\/em><\/li>\n<li><em>140 rocznica utworzenia Komisji Fizjograficznej Towarzystwa Naukowego Krakowskiego oraz Akademii Umiej\u0119tno\u015bci i Polskiej Akademii Umiej\u0119tno\u015bci<\/em><\/li>\n<li><em>Micha\u0142 Rybi\u0144ski (1844-1905) Kustosz Muzeum Fizjograficznego Akademii Umiej\u0119tno\u015bci<\/em><\/li>\n<\/ul>\n<hr \/>\n<div style=\"text-align: justify;\"><em><strong><span style=\"font-size: 12pt;\">Od Towarzystwa Naukowego Krakowskiego do Polskiej Akademii Umiej\u0119tno\u015bci<\/span><\/strong><\/em><\/div>\n<div style=\"text-align: justify;\"><strong><span style=\"font-size: 12pt;\">Tom I &#8211; Piotr H\u00fcbner<\/span><\/strong><\/div>\n<div style=\"text-align: justify;\"><strong><span style=\"font-size: 12pt;\">Krak\u00f3w 2002<\/span><\/strong><\/div>\n<p style=\"text-align: justify;\"><span style=\"font-size: 12pt;\"><a href=\"https:\/\/archiwumnauki.pan.pl\/wp-content\/uploads\/2019\/04\/wyd_PAU_tom01.jpg\"><img decoding=\"async\" loading=\"lazy\" class=\"alignnone wp-image-791 size-full\" src=\"https:\/\/archiwumnauki.pan.pl\/wp-content\/uploads\/2019\/04\/wyd_PAU_tom01.jpg\" alt=\"\" width=\"138\" height=\"206\" \/><\/a><\/span><\/p>\n<div style=\"text-align: justify;\">\n<hr \/>\n<\/div>\n<div style=\"text-align: justify;\"><em><strong><span style=\"font-size: 12pt;\">Botanika w Towarzystwie Naukowym Krakowskim, Akademii Umiej\u0119tno\u015bci i Polskiej Akademii Umiej\u0119tno\u015bci (1815-1952)<\/span><\/strong><\/em><\/div>\n<div style=\"text-align: justify;\"><strong><span style=\"font-size: 12pt;\">Tom II &#8211; Piotr K\u00f6hler<\/span><\/strong><\/div>\n<div style=\"text-align: justify;\"><strong><span style=\"font-size: 12pt;\">Krak\u00f3w 2002<\/span><\/strong><\/div>\n<p style=\"text-align: justify;\"><span style=\"font-size: 12pt;\"><a href=\"https:\/\/archiwumnauki.pan.pl\/wp-content\/uploads\/2019\/04\/wyd_PAU_tom02.jpg\"><img decoding=\"async\" loading=\"lazy\" class=\"alignnone wp-image-793 size-full\" src=\"https:\/\/archiwumnauki.pan.pl\/wp-content\/uploads\/2019\/04\/wyd_PAU_tom02.jpg\" alt=\"\" width=\"138\" height=\"206\" \/><\/a><\/span><\/p>\n<div style=\"text-align: justify;\">\n<hr \/>\n<\/div>\n<div style=\"text-align: justify;\"><em><strong><span style=\"font-size: 12pt;\">Starunia i badania czwartorz\u0119du w tradycji i inicjatywach Polskiej Akademii Umiej\u0119tno\u015bci<\/span><\/strong><\/em><\/div>\n<div style=\"text-align: justify;\"><strong><span style=\"font-size: 12pt;\">Tom III &#8211; Stefan Witold Alexandrowicz<\/span><\/strong><\/div>\n<div style=\"text-align: justify;\"><strong><span style=\"font-size: 12pt;\">Krak\u00f3w 2004<\/span><\/strong><\/div>\n<p style=\"text-align: justify;\"><span style=\"font-size: 12pt;\"><a href=\"https:\/\/archiwumnauki.pan.pl\/wp-content\/uploads\/2019\/04\/wyd_PAU_tom03.jpg\"><img decoding=\"async\" loading=\"lazy\" class=\"alignnone wp-image-794 size-full\" src=\"https:\/\/archiwumnauki.pan.pl\/wp-content\/uploads\/2019\/04\/wyd_PAU_tom03.jpg\" alt=\"\" width=\"138\" height=\"206\" \/><\/a><\/span><\/p>\n<div style=\"text-align: justify;\">\n<hr \/>\n<\/div>\n<div style=\"text-align: justify;\"><em><strong><span style=\"font-size: 12pt;\">Jan Baudouin de Courtenay i Jooseppi J. Mikkola korespondencja z lat 1898-1926<\/span><\/strong><\/em><\/div>\n<div style=\"text-align: justify;\"><strong><span style=\"font-size: 12pt;\">Tom IV &#8211; Raimo Pullat<\/span><\/strong><\/div>\n<div style=\"text-align: justify;\"><strong><span style=\"font-size: 12pt;\">Krak\u00f3w 2004<\/span><\/strong><\/div>\n<div style=\"text-align: justify;\">\n<p><a href=\"https:\/\/archiwumnauki.pan.pl\/wp-content\/uploads\/2019\/04\/wyd_PAU_tom04.jpg\"><img decoding=\"async\" loading=\"lazy\" class=\"alignnone wp-image-795 size-full\" src=\"https:\/\/archiwumnauki.pan.pl\/wp-content\/uploads\/2019\/04\/wyd_PAU_tom04.jpg\" alt=\"\" width=\"138\" height=\"198\" \/><\/a><\/p>\n<hr \/>\n<\/div>\n<div style=\"text-align: justify;\"><em><strong><span style=\"font-size: 12pt;\">140 rocznica utworzenia Komisji Fizjograficznej Towarzystwa Naukowego Krakowskiego oraz Akademii Umiej\u0119tno\u015bci i Polskiej Akademii Umiej\u0119tno\u015bci<\/span><\/strong><\/em><\/div>\n<div style=\"text-align: justify;\"><strong><span style=\"font-size: 12pt;\">Tom V<\/span><\/strong><\/div>\n<div style=\"text-align: justify;\"><strong><span style=\"font-size: 12pt;\">Krak\u00f3w 2009<\/span><\/strong><\/div>\n<div style=\"text-align: justify;\">\n<p><a href=\"https:\/\/archiwumnauki.pan.pl\/wp-content\/uploads\/2019\/04\/komfizmini.jpg\"><img decoding=\"async\" loading=\"lazy\" class=\"alignnone wp-image-796 size-full\" src=\"https:\/\/archiwumnauki.pan.pl\/wp-content\/uploads\/2019\/04\/komfizmini.jpg\" alt=\"\" width=\"187\" height=\"278\" srcset=\"https:\/\/archiwumnauki.pan.pl\/wp-content\/uploads\/2019\/04\/komfizmini.jpg 187w, https:\/\/archiwumnauki.pan.pl\/wp-content\/uploads\/2019\/04\/komfizmini-182x270.jpg 182w\" sizes=\"(max-width: 187px) 100vw, 187px\" \/><\/a><\/p>\n<hr \/>\n<\/div>\n<div style=\"text-align: justify;\"><em><strong><span style=\"font-size: 12pt;\">Micha\u0142 Rybi\u0144ski (1844-1905) Kustosz Muzeum Fizjograficznego Akademii Umiej\u0119tno\u015bci<\/span><\/strong><\/em><\/div>\n<div style=\"text-align: justify;\"><strong><span style=\"font-size: 12pt;\">Tom VI &#8211; Jerzy Paw\u0142owski<\/span><\/strong><\/div>\n<div style=\"text-align: justify;\"><strong><span style=\"font-size: 12pt;\">Krak\u00f3w 2010<\/span><\/strong><\/div>\n<div style=\"text-align: justify;\">\n<p><a href=\"https:\/\/archiwumnauki.pan.pl\/wp-content\/uploads\/2019\/04\/rybinski.jpg\"><img decoding=\"async\" loading=\"lazy\" class=\"alignnone wp-image-797 size-full\" src=\"https:\/\/archiwumnauki.pan.pl\/wp-content\/uploads\/2019\/04\/rybinski.jpg\" alt=\"\" width=\"187\" height=\"285\" srcset=\"https:\/\/archiwumnauki.pan.pl\/wp-content\/uploads\/2019\/04\/rybinski.jpg 187w, https:\/\/archiwumnauki.pan.pl\/wp-content\/uploads\/2019\/04\/rybinski-177x270.jpg 177w\" sizes=\"(max-width: 187px) 100vw, 187px\" \/><\/a><\/p>\n<hr \/>\n<\/div>\n<p style=\"text-align: justify;\">Powy\u017csze wydawnictwa mo\u017cna zamawia\u0107 w Dziale Wydawnictw Polskiej Akademii Umiej\u0119tno\u015bci.<\/p>\n<ul class=\"listapusta\">\n<li style=\"text-align: justify;\"><strong>Adres:<\/strong>\u00a031-016 Krak\u00f3w, ul. S\u0142awkowska 17,<\/li>\n<li style=\"text-align: justify;\"><strong>tel:<\/strong>\u00a0(012) 424-02-12,<\/li>\n<li style=\"text-align: justify;\"><strong>fax:<\/strong>\u00a0(012) 422-54-22,<\/li>\n<li style=\"text-align: justify;\"><strong>e-mail:<\/strong>\u00a0<a href=\"mailto:wydawnictwo@pau.krakow.pl\">wydawnictwo@pau.krakow.pl<\/a><\/li>\n<\/ul>\n","protected":false},"excerpt":{"rendered":"<p>Na materia\u0142ach z zasobu Archiwum Nauki oparta jest seria &#8222;Studia i materia\u0142y do dziej\u00f3w Polskiej Akademii Umiej\u0119tno\u015bci&#8221;, zainicjowana i wydawana przez PAU. Od Towarzystwa Naukowego Krakowskiego do Polskiej Akademii Umiej\u0119tno\u015bci Botanika w Towarzystwie Naukowym Krakowskim, Akademii Umiej\u0119tno\u015bci i Polskiej Akademii Umiej\u0119tno\u015bci (1815-1952) Starunia i badania czwartorz\u0119du w tradycji i inicjatywach Polskiej Akademii Umiej\u0119tno\u015bci Jan Baudouin &hellip; <\/p>\n<p class=\"read-more\"><a class=\"btn btn-default\" href=\"https:\/\/archiwumnauki.pan.pl\/?page_id=770\"> Read More<span class=\"screen-reader-text\">  Read More<\/span><\/a><\/p>\n","protected":false},"author":55,"featured_media":0,"parent":0,"menu_order":0,"comment_status":"closed","ping_status":"closed","template":"","meta":[],"_links":{"self":[{"href":"https:\/\/archiwumnauki.pan.pl\/index.php?rest_route=\/wp\/v2\/pages\/770"}],"collection":[{"href":"https:\/\/archiwumnauki.pan.pl\/index.php?rest_route=\/wp\/v2\/pages"}],"about":[{"href":"https:\/\/archiwumnauki.pan.pl\/index.php?rest_route=\/wp\/v2\/types\/page"}],"author":[{"embeddable":true,"href":"https:\/\/archiwumnauki.pan.pl\/index.php?rest_route=\/wp\/v2\/users\/55"}],"replies":[{"embeddable":true,"href":"https:\/\/archiwumnauki.pan.pl\/index.php?rest_route=%2Fwp%2Fv2%2Fcomments&post=770"}],"version-history":[{"count":8,"href":"https:\/\/archiwumnauki.pan.pl\/index.php?rest_route=\/wp\/v2\/pages\/770\/revisions"}],"predecessor-version":[{"id":6041,"href":"https:\/\/archiwumnauki.pan.pl\/index.php?rest_route=\/wp\/v2\/pages\/770\/revisions\/6041"}],"wp:attachment":[{"href":"https:\/\/archiwumnauki.pan.pl\/index.php?rest_route=%2Fwp%2Fv2%2Fmedia&parent=770"}],"curies":[{"name":"wp","href":"https:\/\/api.w.org\/{rel}","templated":true}]}}