{"id":7191,"date":"2026-03-09T14:41:29","date_gmt":"2026-03-09T13:41:29","guid":{"rendered":"https:\/\/archiwumnauki.pan.pl\/?page_id=7191"},"modified":"2026-03-09T16:11:29","modified_gmt":"2026-03-09T15:11:29","slug":"reprodukcje-materialow-archiwalnych","status":"publish","type":"page","link":"https:\/\/archiwumnauki.pan.pl\/?page_id=7191","title":{"rendered":"Reprodukcje materia\u0142\u00f3w archiwalnych"},"content":{"rendered":"<p style=\"text-align: justify;\">Informujemy, \u017ce kwestie wykonywania kopii materia\u0142\u00f3w archiwalnych z zasobu Archiwum Nauki PAN i PAU reguluje \u00a7 8 <a href=\"https:\/\/archiwumnauki.pan.pl\/wp-content\/uploads\/2025\/04\/Regulamin-Pracowni-Naukowej-AN-PAN-i-PAU.pdf\"><em><strong>Regulaminu korzystania z materia\u0142\u00f3w archiwalnych<\/strong><\/em><\/a>.<\/p>\n<p style=\"text-align: justify;\">Podstawowe informacje:<\/p>\n<p style=\"text-align: justify;\"><strong>FOTOGRAFOWANIE<\/strong>: w czasie wizyty w Archiwum istnieje mo\u017cliwo\u015b\u0107 wykonania kopii roboczych materia\u0142\u00f3w archiwalnych za pomoc\u0105 w\u0142asnego aparatu fotograficznego, w spos\u00f3b nieinwazyjny i bez u\u017cycia flesza, wy\u0142\u0105cznie do cel\u00f3w warsztatowych (kopie fotograficzne nie mog\u0105 by\u0107 rozpowszechniane ani publikowane bez zgody Dyrektora Archiwum);<\/p>\n<p style=\"text-align: justify;\"><strong>KSEROKOPIE:<\/strong> Archiwum Nauki nie wykonuje i nie zezwala na wykonywanie kserokopii materia\u0142\u00f3w archiwalnych (wyj\u0105tek dotyczy sytuacji, w kt\u00f3rych uwierzytelnione kserokopie s\u0105 niezb\u0119dne dla cel\u00f3w urz\u0119dowych lub emerytalnych);<\/p>\n<p style=\"text-align: justify;\"><strong>SKANOWANIE:<\/strong> istnieje mo\u017cliwo\u015b\u0107 uzyskania kopii cyfrowych (skan\u00f3w) materia\u0142\u00f3w archiwalnych w ramach us\u0142ugi odp\u0142atnej.<\/p>\n<ul>\n<li style=\"text-align: justify;\">Zamawiaj\u0105cy skany przesy\u0142a w tym celu poczt\u0105 tradycyjn\u0105 lub w formie za\u0142\u0105czonego do e-maila skanu podpisane przez siebie pismo (podanie), skierowane do Dyrektora Archiwum Nauki. Zob. przyk\u0142adowy wz\u00f3r <strong><a href=\"https:\/\/archiwumnauki.pan.pl\/wp-content\/uploads\/2026\/03\/Wzor-podania-o-skany-AN-PAN-i-PAU.docx\">pisma<\/a><\/strong>.<\/li>\n<li>Niezb\u0119dne jest wskazanie nie tylko przedmiotu zam\u00f3wienia, lecz r\u00f3wnie\u017c celu uzyskania skan\u00f3w oraz danych do faktury (osoby prywatne: imi\u0119 i nazwisko oraz adres; instytucje i przedsi\u0119biorstwa: nazwa, adres, NIP).<\/li>\n<\/ul>\n<p>&nbsp;<\/p>\n<p style=\"text-align: justify;\"><strong>Uwaga<\/strong>: powy\u017csze mo\u017cliwo\u015bci nie dotycz\u0105 materia\u0142\u00f3w archiwalnych pochodzenia prywatnego, zastrze\u017conych przez tw\u00f3rc\u00f3w lub ich spadkobierc\u00f3w. W takiej sytuacji nale\u017cy wyst\u0105pi\u0107 o zgod\u0119 na fotografowanie \/ uzyskanie skan\u00f3w do dysponent\u00f3w konkretnych zespo\u0142\u00f3w, za po\u015brednictwem Dyrektora Archiwum Nauki.<\/p>\n<p style=\"text-align: justify;\">\n","protected":false},"excerpt":{"rendered":"<p>Informujemy, \u017ce kwestie wykonywania kopii materia\u0142\u00f3w archiwalnych z zasobu Archiwum Nauki PAN i PAU reguluje \u00a7 8 Regulaminu korzystania z materia\u0142\u00f3w archiwalnych. Podstawowe informacje: FOTOGRAFOWANIE: w czasie wizyty w Archiwum istnieje mo\u017cliwo\u015b\u0107 wykonania kopii roboczych materia\u0142\u00f3w archiwalnych za pomoc\u0105 w\u0142asnego aparatu fotograficznego, w spos\u00f3b nieinwazyjny i bez u\u017cycia flesza, wy\u0142\u0105cznie do cel\u00f3w warsztatowych (kopie fotograficzne &hellip; <\/p>\n<p class=\"read-more\"><a class=\"btn btn-default\" href=\"https:\/\/archiwumnauki.pan.pl\/?page_id=7191\"> Read More<span class=\"screen-reader-text\">  Read More<\/span><\/a><\/p>\n","protected":false},"author":55,"featured_media":0,"parent":0,"menu_order":0,"comment_status":"closed","ping_status":"closed","template":"","meta":[],"_links":{"self":[{"href":"https:\/\/archiwumnauki.pan.pl\/index.php?rest_route=\/wp\/v2\/pages\/7191"}],"collection":[{"href":"https:\/\/archiwumnauki.pan.pl\/index.php?rest_route=\/wp\/v2\/pages"}],"about":[{"href":"https:\/\/archiwumnauki.pan.pl\/index.php?rest_route=\/wp\/v2\/types\/page"}],"author":[{"embeddable":true,"href":"https:\/\/archiwumnauki.pan.pl\/index.php?rest_route=\/wp\/v2\/users\/55"}],"replies":[{"embeddable":true,"href":"https:\/\/archiwumnauki.pan.pl\/index.php?rest_route=%2Fwp%2Fv2%2Fcomments&post=7191"}],"version-history":[{"count":9,"href":"https:\/\/archiwumnauki.pan.pl\/index.php?rest_route=\/wp\/v2\/pages\/7191\/revisions"}],"predecessor-version":[{"id":7195,"href":"https:\/\/archiwumnauki.pan.pl\/index.php?rest_route=\/wp\/v2\/pages\/7191\/revisions\/7195"}],"wp:attachment":[{"href":"https:\/\/archiwumnauki.pan.pl\/index.php?rest_route=%2Fwp%2Fv2%2Fmedia&parent=7191"}],"curies":[{"name":"wp","href":"https:\/\/api.w.org\/{rel}","templated":true}]}}