{"id":703,"date":"2019-04-29T14:43:48","date_gmt":"2019-04-29T12:43:48","guid":{"rendered":"http:\/\/knopips.pan.pl\/?page_id=703"},"modified":"2024-05-07T11:39:45","modified_gmt":"2024-05-07T09:39:45","slug":"zbiory-archiwalne","status":"publish","type":"page","link":"https:\/\/archiwumnauki.pan.pl\/?page_id=703","title":{"rendered":"Zbiory archiwalne"},"content":{"rendered":"<div id=\"right_column\">\n<p style=\"text-align: justify;\">Archiwum Nauki gromadzi materia\u0142y archiwalne nale\u017c\u0105ce do pa\u0144stwowego zasobu archiwalnego zgodnie z dokumentem powierzenia z 6 marca 2002 roku, wydanego przez Naczelnego Dyrektora Archiw\u00f3w Pa\u0144stwowych dla PAN, oraz materia\u0142y archiwalne nale\u017c\u0105ce do niepa\u0144stwowego zasobu archiwalnego stanowi\u0105ce w\u0142asno\u015b\u0107 PAU.<\/p>\n<p style=\"text-align: justify;\">Zgodnie z profilem specjalistycznego archiwum instytucji naukowych zbiory archiwalne gromadzone s\u0105 w trzech dzia\u0142ach:<\/p>\n<ul style=\"list-style-type: circle;\">\n<li><span style=\"text-decoration: underline;\"><strong><strong><a href=\"https:\/\/archiwumnauki.pan.pl\/?page_id=4515\">Dzia\u0142 I: Materia\u0142y TNK, PAU, towarzystw naukowych oraz innych instytucji naukowych<\/a><\/strong><\/strong>\n<p><\/span><\/li>\n<li><span style=\"text-decoration: underline;\"><strong><strong><a href=\"https:\/\/archiwumnauki.pan.pl\/?page_id=4639\">Dzia\u0142 II: Materia\u0142y Oddzia\u0142u PAN i plac\u00f3wek naukowych PAN w Krakowie<\/a><\/strong><\/strong>\n<p><\/span><\/li>\n<li><span style=\"text-decoration: underline;\"><strong><a href=\"https:\/\/archiwumnauki.pan.pl\/?page_id=4656\">Dzia\u0142 III: Spu\u015bcizny (archiwa osobiste) ludzi nauki i kultury<\/a><\/strong><\/span><\/li>\n<\/ul>\n<\/div>\n<p>&nbsp;<\/p>\n<p style=\"text-align: center;\"><span class=\"note\" style=\"font-size: 10pt;\"><a href=\"https:\/\/archiwumnauki.pan.pl\/wp-content\/uploads\/2019\/04\/ksiegatnk1b.jpg\"><img decoding=\"async\" loading=\"lazy\" class=\"aligncenter wp-image-717 size-medium\" src=\"https:\/\/archiwumnauki.pan.pl\/wp-content\/uploads\/2019\/04\/ksiegatnk1b-300x213.jpg\" alt=\"\" width=\"300\" height=\"213\" srcset=\"https:\/\/archiwumnauki.pan.pl\/wp-content\/uploads\/2019\/04\/ksiegatnk1b-300x213.jpg 300w, https:\/\/archiwumnauki.pan.pl\/wp-content\/uploads\/2019\/04\/ksiegatnk1b-380x270.jpg 380w, https:\/\/archiwumnauki.pan.pl\/wp-content\/uploads\/2019\/04\/ksiegatnk1b.jpg 480w\" sizes=\"(max-width: 300px) 100vw, 300px\" \/><\/a>Ksi\u0119ga korespondencji Towarzystwa Naukowego Krakowskiego<br \/>\nz lat 1840-1844 (ze zbior\u00f3w Dzia\u0142u I)<\/span><\/p>\n<p style=\"text-align: center;\"><a href=\"https:\/\/archiwumnauki.pan.pl\/wp-content\/uploads\/2019\/04\/mogilany.jpg\"><img decoding=\"async\" loading=\"lazy\" class=\"wp-image-720 size-medium aligncenter\" src=\"https:\/\/archiwumnauki.pan.pl\/wp-content\/uploads\/2019\/04\/mogilany-300x224.jpg\" alt=\"\" width=\"300\" height=\"224\" srcset=\"https:\/\/archiwumnauki.pan.pl\/wp-content\/uploads\/2019\/04\/mogilany-300x224.jpg 300w, https:\/\/archiwumnauki.pan.pl\/wp-content\/uploads\/2019\/04\/mogilany-362x270.jpg 362w, https:\/\/archiwumnauki.pan.pl\/wp-content\/uploads\/2019\/04\/mogilany.jpg 480w\" sizes=\"(max-width: 300px) 100vw, 300px\" \/><\/a><span style=\"font-size: 10pt;\">Wyjazdowe posiedzenie Prezydium Oddzia\u0142u PAN w Krakowie<br \/>\n<\/span><span style=\"font-size: 10pt;\">w zwi\u0105zku z uruchomieniem O\u015brodka Konferencyjnego w Mogilanach, 22 XII 1976.<br \/>\n<\/span><span style=\"font-size: 10pt;\">Od lewej: Adam Biela\u0144ski, Tadeusz Ruebenbauer, Marian Mi\u0119sowicz, Janusz Wiltowski,<br \/>\n<\/span><span style=\"font-size: 10pt;\">Jerzy Litwiniszyn, Henryk Markiewicz, W\u0142odzimierz Ostrowski<br \/>\n<\/span><span style=\"font-size: 10pt;\">(ze zbior\u00f3w Dzia\u0142u II)<br \/>\n<\/span><\/p>\n<div id=\"right_column\">\n<div style=\"text-align: center;\" align=\"center\"><a href=\"https:\/\/archiwumnauki.pan.pl\/wp-content\/uploads\/2019\/04\/lanckoronscy_album.jpg\"><img decoding=\"async\" loading=\"lazy\" class=\"wp-image-719 size-full aligncenter\" src=\"https:\/\/archiwumnauki.pan.pl\/wp-content\/uploads\/2019\/04\/lanckoronscy_album.jpg\" alt=\"\" width=\"258\" height=\"200\" \/><\/a><span class=\"note\" style=\"font-size: 10pt;\"><span class=\"note\" style=\"font-size: 10pt;\"><span class=\"note\" style=\"font-size: 10pt;\">Album ze zdj\u0119ciami s\u0142ynnych Polak\u00f3w oraz fotografie<br \/>\nz albumu rodzinnego Karoliny Lanckoro\u0144skiej.<br \/>\n(ze zbior\u00f3w Dzia\u0142u III)<\/span><\/span><\/span><\/div>\n<div align=\"center\"><\/div>\n<\/div>\n<div align=\"center\"><\/div>\n<div align=\"center\"><\/div>\n","protected":false},"excerpt":{"rendered":"<p>Archiwum Nauki gromadzi materia\u0142y archiwalne nale\u017c\u0105ce do pa\u0144stwowego zasobu archiwalnego zgodnie z dokumentem powierzenia z 6 marca 2002 roku, wydanego przez Naczelnego Dyrektora Archiw\u00f3w Pa\u0144stwowych dla PAN, oraz materia\u0142y archiwalne nale\u017c\u0105ce do niepa\u0144stwowego zasobu archiwalnego stanowi\u0105ce w\u0142asno\u015b\u0107 PAU. Zgodnie z profilem specjalistycznego archiwum instytucji naukowych zbiory archiwalne gromadzone s\u0105 w trzech dzia\u0142ach: Dzia\u0142 I: Materia\u0142y &hellip; <\/p>\n<p class=\"read-more\"><a class=\"btn btn-default\" href=\"https:\/\/archiwumnauki.pan.pl\/?page_id=703\"> Read More<span class=\"screen-reader-text\">  Read More<\/span><\/a><\/p>\n","protected":false},"author":55,"featured_media":0,"parent":0,"menu_order":0,"comment_status":"closed","ping_status":"closed","template":"","meta":[],"_links":{"self":[{"href":"https:\/\/archiwumnauki.pan.pl\/index.php?rest_route=\/wp\/v2\/pages\/703"}],"collection":[{"href":"https:\/\/archiwumnauki.pan.pl\/index.php?rest_route=\/wp\/v2\/pages"}],"about":[{"href":"https:\/\/archiwumnauki.pan.pl\/index.php?rest_route=\/wp\/v2\/types\/page"}],"author":[{"embeddable":true,"href":"https:\/\/archiwumnauki.pan.pl\/index.php?rest_route=\/wp\/v2\/users\/55"}],"replies":[{"embeddable":true,"href":"https:\/\/archiwumnauki.pan.pl\/index.php?rest_route=%2Fwp%2Fv2%2Fcomments&post=703"}],"version-history":[{"count":58,"href":"https:\/\/archiwumnauki.pan.pl\/index.php?rest_route=\/wp\/v2\/pages\/703\/revisions"}],"predecessor-version":[{"id":6118,"href":"https:\/\/archiwumnauki.pan.pl\/index.php?rest_route=\/wp\/v2\/pages\/703\/revisions\/6118"}],"wp:attachment":[{"href":"https:\/\/archiwumnauki.pan.pl\/index.php?rest_route=%2Fwp%2Fv2%2Fmedia&parent=703"}],"curies":[{"name":"wp","href":"https:\/\/api.w.org\/{rel}","templated":true}]}}