{"id":681,"date":"2019-04-29T12:56:39","date_gmt":"2019-04-29T10:56:39","guid":{"rendered":"http:\/\/knopips.pan.pl\/?page_id=681"},"modified":"2024-04-15T15:06:18","modified_gmt":"2024-04-15T13:06:18","slug":"pracownicy-archiwum","status":"publish","type":"page","link":"https:\/\/archiwumnauki.pan.pl\/?page_id=681","title":{"rendered":"Pracownicy Archiwum Nauki PAN i PAU"},"content":{"rendered":"<div id=\"right_column\">\n<p style=\"text-align: justify;\">Zesp\u00f3\u0142 pracownik\u00f3w Archiwum Nauki PAN i PAU:<\/p>\n<ul>\n<li><strong>Dyrektor: <\/strong>dr Adam Korczy\u0144ski<\/li>\n<\/ul>\n<p style=\"padding-left: 80px;\">e-mail: adam.korczynski@archiwumnauki.pan.pl<\/p>\n<ul>\n<li>mgr Ewa Dziurzy\u0144ska &#8211; kustosz<\/li>\n<\/ul>\n<p style=\"padding-left: 80px;\">e-mail: ewa.dziurzynska@archiwumnauki.pan.pl<\/p>\n<ul>\n<li>Bogus\u0142awa Hajduk<\/li>\n<\/ul>\n<p style=\"padding-left: 80px;\">e-mail: boguslawa.hajduk@archiwumnauki.pan.pl<\/p>\n<ul>\n<li>Jolanta Krawczyk &#8211; pe\u0142nomocnik ds. finansowych<\/li>\n<\/ul>\n<p style=\"padding-left: 80px;\">e-mail: jolanta.krawczyk@archiwumnauki.pan.pl<\/p>\n<ul>\n<li>mgr Paulina Krzywda &#8211; kustosz<\/li>\n<\/ul>\n<p style=\"padding-left: 80px;\">e-mail: paulina.krzywda@archiwumnauki.pan.pl<\/p>\n<ul>\n<li>mgr Joanna Laskosz &#8211; kustosz<\/li>\n<\/ul>\n<p style=\"padding-left: 80px;\">e-mail: joanna.laskosz@archiwumnauki.pan.pl<\/p>\n<ul>\n<li>mgr Ma\u0142gorzata Mr\u00f3wka &#8211; kustosz<\/li>\n<\/ul>\n<p style=\"padding-left: 80px;\">e-mail: malgorzata.mrowka@archiwumnauki.pan.pl<\/p>\n<ul>\n<li>mgr Agnieszka Nowakowska<\/li>\n<\/ul>\n<p style=\"padding-left: 80px;\">e-mail: agnieszka.nowakowska@archiwumnauki.pan.pl<\/p>\n<\/div>\n<ul>\n<li>mgr Maciej Pir\u00f3g &#8211; archiwista<\/li>\n<\/ul>\n<p style=\"padding-left: 80px;\">e-mail: maciej.pirog@archiwumnauki.pan.pl<\/p>\n<div id=\"right_column\">\n<ul>\n<li>mgr Marta Tylka &#8211; kustosz<\/li>\n<\/ul>\n<p style=\"padding-left: 80px;\">e-mail: marta.tylka@archiwumnauki.pan.pl<\/p>\n<ul>\n<li>dr Bernadeta Wilk &#8211; kustosz<\/li>\n<\/ul>\n<p style=\"padding-left: 80px;\">e-mail: bernadeta.wilk@archiwumnauki.pan.pl<\/p>\n<ul>\n<li>mgr Marzena W\u0142odek &#8211; kustosz<\/li>\n<\/ul>\n<p style=\"padding-left: 80px;\">e-mail: marzena.wlodek@archiwumnauki.pan.pl<\/p>\n<\/div>\n","protected":false},"excerpt":{"rendered":"<p>Zesp\u00f3\u0142 pracownik\u00f3w Archiwum Nauki PAN i PAU: Dyrektor: dr Adam Korczy\u0144ski e-mail: adam.korczynski@archiwumnauki.pan.pl mgr Ewa Dziurzy\u0144ska &#8211; kustosz e-mail: ewa.dziurzynska@archiwumnauki.pan.pl Bogus\u0142awa Hajduk e-mail: boguslawa.hajduk@archiwumnauki.pan.pl Jolanta Krawczyk &#8211; pe\u0142nomocnik ds. finansowych e-mail: jolanta.krawczyk@archiwumnauki.pan.pl mgr Paulina Krzywda &#8211; kustosz e-mail: paulina.krzywda@archiwumnauki.pan.pl mgr Joanna Laskosz &#8211; kustosz e-mail: joanna.laskosz@archiwumnauki.pan.pl mgr Ma\u0142gorzata Mr\u00f3wka &#8211; kustosz e-mail: malgorzata.mrowka@archiwumnauki.pan.pl mgr Agnieszka &hellip; <\/p>\n<p class=\"read-more\"><a class=\"btn btn-default\" href=\"https:\/\/archiwumnauki.pan.pl\/?page_id=681\"> Read More<span class=\"screen-reader-text\">  Read More<\/span><\/a><\/p>\n","protected":false},"author":55,"featured_media":0,"parent":0,"menu_order":0,"comment_status":"closed","ping_status":"closed","template":"","meta":[],"_links":{"self":[{"href":"https:\/\/archiwumnauki.pan.pl\/index.php?rest_route=\/wp\/v2\/pages\/681"}],"collection":[{"href":"https:\/\/archiwumnauki.pan.pl\/index.php?rest_route=\/wp\/v2\/pages"}],"about":[{"href":"https:\/\/archiwumnauki.pan.pl\/index.php?rest_route=\/wp\/v2\/types\/page"}],"author":[{"embeddable":true,"href":"https:\/\/archiwumnauki.pan.pl\/index.php?rest_route=\/wp\/v2\/users\/55"}],"replies":[{"embeddable":true,"href":"https:\/\/archiwumnauki.pan.pl\/index.php?rest_route=%2Fwp%2Fv2%2Fcomments&post=681"}],"version-history":[{"count":33,"href":"https:\/\/archiwumnauki.pan.pl\/index.php?rest_route=\/wp\/v2\/pages\/681\/revisions"}],"predecessor-version":[{"id":6103,"href":"https:\/\/archiwumnauki.pan.pl\/index.php?rest_route=\/wp\/v2\/pages\/681\/revisions\/6103"}],"wp:attachment":[{"href":"https:\/\/archiwumnauki.pan.pl\/index.php?rest_route=%2Fwp%2Fv2%2Fmedia&parent=681"}],"curies":[{"name":"wp","href":"https:\/\/api.w.org\/{rel}","templated":true}]}}