{"id":676,"date":"2019-04-29T12:53:27","date_gmt":"2019-04-29T10:53:27","guid":{"rendered":"http:\/\/knopips.pan.pl\/?page_id=676"},"modified":"2024-03-25T14:09:07","modified_gmt":"2024-03-25T13:09:07","slug":"organizacja","status":"publish","type":"page","link":"https:\/\/archiwumnauki.pan.pl\/?page_id=676","title":{"rendered":"Organizacja"},"content":{"rendered":"<p style=\"text-align: center;\"><strong>\u00a0<\/strong><\/p>\n<p style=\"text-align: justify;\">Archiwum Nauki jako specjalistyczne, sprofilowane archiwum maj\u0105ce na celu gromadzenie, opracowywanie, udost\u0119pnianie oraz publikowanie \u017ar\u00f3de\u0142 do historii nauki i\u00a0kultury, rozpocz\u0119\u0142o dzia\u0142alno\u015b\u0107 z dniem 1 kwietnia 2002 roku, dzi\u0119ki wsp\u00f3\u0142pracy dw\u00f3ch instytucji: Polskiej Akademii Nauk oraz Polskiej Akademii Umiej\u0119tno\u015bci. Zbiory i\u00a0wyposa\u017cenie zlikwidowanego Oddzia\u0142u Archiwum PAN w Krakowie zosta\u0142y przekazane nowej plac\u00f3wce przez Archiwum PAN w Warszawie. Zas\u00f3b archiwalny, zbiory biblioteczne i\u00a0maj\u0105tek trwa\u0142y reaktywowanego w 1993 roku Archiwum PAU przekaza\u0142a w zarz\u0105d Archiwum Nauki \u2013 Polska Akademia Umiej\u0119tno\u015bci.<\/p>\n<p style=\"text-align: justify;\">Archiwum Nauki jako pomocnicza jednostka naukowa obu Akademii dzia\u0142a zgodnie z\u00a0porozumieniem z 3 kwietnia 2002 roku w sprawie zasad finansowego i organizacyjnego udzia\u0142u Polskiej Akademii Nauk oraz Polskiej Akademii Umiej\u0119tno\u015bci w jej utrzymaniu.<\/p>\n<p style=\"text-align: justify;\">Zas\u00f3b stanowi\u0105 materia\u0142y archiwalne nale\u017c\u0105ce do pa\u0144stwowego zasobu archiwalnego, zgodnie z dokumentem powierzenia z dnia 6 marca 2002 r. wydanego Polskiej Akademii Nauk przez Naczelnego Dyrektora Archiw\u00f3w Pa\u0144stwowych oraz nale\u017c\u0105ce do\u00a0niepa\u0144stwowego zasobu archiwalnego, stanowi\u0105ce w\u0142asno\u015b\u0107 Polskiej Akademii Umiej\u0119tno\u015bci. Prowadzona jest odr\u0119bna ewidencja dla pa\u0144stwowego i niepa\u0144stwowego zasobu archiwalnego.<\/p>\n<p style=\"text-align: justify;\">G\u0142\u00f3wnym zadaniem instytucji jest s\u0142u\u017cba nauce i spo\u0142ecze\u0144stwu. Dzia\u0142a w oparciu o\u00a0statut nadany przez prezes\u00f3w obu Akademii z dnia 9 czerwca 2016 roku. Nadz\u00f3r nad dzia\u0142alno\u015bci\u0105 sprawuje z upowa\u017cnienia Prezesa\u00a0 PAN oraz Prezesa PAU \u2013 Prezes Oddzia\u0142u PAN w Krakowie. Plac\u00f3wka ma charakter jednostki samodzielnej z w\u0142asnym dyrektorem i\u00a0Rad\u0105 Naukow\u0105. Rada Naukowa sk\u0142ada si\u0119 z 12 os\u00f3b tj. 10 cz\u0142onk\u00f3w po po\u0142owie desygnowanych przez Prezydium Oddzia\u0142u PAN w Krakowie i Zarz\u0105d PAU, dyrektora oraz przedstawiciela pracownik\u00f3w.<\/p>\n<p style=\"text-align: justify;\">Do zada\u0144 statutowych Archiwum Nauki nale\u017cy:<\/p>\n<ul style=\"text-align: justify;\">\n<li>gromadzenie, przechowywanie i zabezpieczanie, ewidencjonowanie oraz opracowywanie, a tak\u017ce udost\u0119pnianie materia\u0142\u00f3w archiwalnych jednostek organizacyjnych PAN dzia\u0142aj\u0105cych na obszarze Oddzia\u0142u PAN w Krakowie, materia\u0142\u00f3w archiwalnych Polskiej Akademii Umiej\u0119tno\u015bci, stowarzysze\u0144 i instytucji naukowych oraz archiw\u00f3w osobistych (spu\u015bcizn) ludzi nauki i kultury;<\/li>\n<li>kszta\u0142towanie narastaj\u0105cego zasobu archiwalnego PAN i PAU;<\/li>\n<li>prowadzenie dzia\u0142alno\u015bci naukowej, wydawniczej, a tak\u017ce informacyjnej o Archiwum Nauki oraz popularyzacja jego zasobu i osi\u0105gni\u0119\u0107.<\/li>\n<\/ul>\n<p style=\"text-align: justify;\">\n<p style=\"text-align: justify;\">Stan zasobu Archiwum Nauki na dzie\u0144 31 grudnia 2019 roku wyni\u00f3s\u0142 1687,89 m.b. dokumentacji aktowej i pozaaktowej. Zbiory rozmieszczone s\u0105 w 6 klimatyzowanych magazynach archiwalnych. Odpowiednie warunki przechowywania zosta\u0142y stworzone dzi\u0119ki funduszom uzyskanym z Fundacji na Rzecz Nauki Polskiej i Polskiej Akademii Umiej\u0119tno\u015bci. Na uwag\u0119 zas\u0142uguje bogaty zbi\u00f3r biblioteczny. Szczeg\u00f3lne znaczenie dla opracowania zasobu oraz dla badaczy ma ksi\u0119gozbi\u00f3r historyka nauki i kultury Henryka Barycza (1901\u20131994). W\u00a0odr\u0119bnym klimatyzowanym pomieszczeniu znajduje si\u0119 Biblioteka Rozdolska Lanckoro\u0144skich, ofiarowana Polskiej Akademii Umiej\u0119tno\u015bci przez Karolin\u0119 Lanckoro\u0144sk\u0105 (1898\u20132002). Pomieszczenie to wyposa\u017cy\u0142a Fundacja Lanckoro\u0144skich. Instytucja nieodp\u0142atne korzysta z budynku kamienicy przy ul. \u015bw. Jana 26, stanowi\u0105cej w\u0142asno\u015b\u0107 PAU. Zbiory archiwalne oraz biblioteczne s\u0105 udost\u0119pniane w Pracowni Naukowej (zob. <span style=\"color: #ff6600;\"><a style=\"color: #ff6600;\" href=\"https:\/\/archiwumnauki.pan.pl\/?page_id=744\"><u>Udost\u0119pnianie zbior\u00f3w<\/u><\/a><\/span>).<\/p>\n<p style=\"text-align: justify;\">Archiwum Nauki popularyzuje swoje materia\u0142y poprzez prowadzenie systematycznej dzia\u0142alno\u015bci wystawienniczej i wydawniczej, najcz\u0119\u015bciej we wsp\u00f3\u0142pracy z PAN i PAU oraz innymi instytucjami. Dla cel\u00f3w ekspozycyjnych zosta\u0142a wydzielona w 1994 roku niewielka sala wystawowa z pozyskanych funduszy z Fundacji na Rzecz Nauki Polskiej. Sala jest wyposa\u017cona w gabloty zakupione przez Polsk\u0105 Akademi\u0119 Umiej\u0119tno\u015bci. Ekspozycjom towarzysz\u0105 foldery, katalogi oraz okoliczno\u015bciowe publikacje. Du\u017cym zainteresowaniem ciesz\u0105 si\u0119 r\u00f3wnie\u017c organizowane pokazy, konferencje naukowe oraz warsztaty.<\/p>\n<p style=\"text-align: justify;\">\n<p style=\"text-align: justify;\"><strong>Podstawowe akty prawne<\/strong><\/p>\n<p style=\"text-align: justify;\">\n<ol style=\"text-align: justify;\">\n<li>Ustawa z dnia 30 kwietnia 2010 r. o Polskiej Akademii Nauk (t.j. Dz. U. z 2018, poz. 1475 z p\u00f3\u017an. zm.);<\/li>\n<li>Statut Polskiej Akademii Nauk, uchwalony uchwa\u0142\u0105 nr 8\/2010 Zgromadzenia Og\u00f3lnego Polskiej Akademii Nauk z dnia 24 listopada 2010 r. zatwierdzony przez Prezesa Rady Ministr\u00f3w w dniu 27 grudnia 2010 r., z p\u00f3\u017an. zm.;<\/li>\n<li>Ustawa z dnia 14 lipca 1983 r. o narodowym zasobie archiwalnym i archiwach (Dz. U. z 2020, poz, 164);<\/li>\n<li>Uchwa\u0142a nr 17 z dnia 9 pa\u017adziernika 2001 r. Prezydium Polskiej Akademii Nauk w\u00a0sprawie utworzenia Archiwum Nauki Polskiej Akademii Nauk i Polskiej Akademii Umiej\u0119tno\u015bci;<\/li>\n<li>Porozumienie z dnia 3 kwietnia 2002 r. zawarte mi\u0119dzy Polsk\u0105 Akademi\u0105 Nauk i\u00a0Polsk\u0105 Akademi\u0105 Umiej\u0119tno\u015bci\u00a0 w sprawie zasad finansowego i organizacyjnego udzia\u0142u obydwu tych instytucji w utrzymaniu Archiwum Nauki;<\/li>\n<li>Dokument powierzenia z dnia 6 marca 2002 r. wydany przez Naczelnego Dyrektora Archiw\u00f3w Pa\u0144stwowych, znak WOU-56-1\/02;<\/li>\n<li>Statut Archiwum Nauki Polskiej Akademii Nauk i Polskiej Akademii Umiej\u0119tno\u015bci.<\/li>\n<\/ol>\n<p style=\"text-align: justify;\"><strong>\u00a0<\/strong><\/p>\n<p style=\"text-align: justify;\">\n","protected":false},"excerpt":{"rendered":"<p>\u00a0 Archiwum Nauki jako specjalistyczne, sprofilowane archiwum maj\u0105ce na celu gromadzenie, opracowywanie, udost\u0119pnianie oraz publikowanie \u017ar\u00f3de\u0142 do historii nauki i\u00a0kultury, rozpocz\u0119\u0142o dzia\u0142alno\u015b\u0107 z dniem 1 kwietnia 2002 roku, dzi\u0119ki wsp\u00f3\u0142pracy dw\u00f3ch instytucji: Polskiej Akademii Nauk oraz Polskiej Akademii Umiej\u0119tno\u015bci. Zbiory i\u00a0wyposa\u017cenie zlikwidowanego Oddzia\u0142u Archiwum PAN w Krakowie zosta\u0142y przekazane nowej plac\u00f3wce przez Archiwum PAN w &hellip; <\/p>\n<p class=\"read-more\"><a class=\"btn btn-default\" href=\"https:\/\/archiwumnauki.pan.pl\/?page_id=676\"> Read More<span class=\"screen-reader-text\">  Read More<\/span><\/a><\/p>\n","protected":false},"author":55,"featured_media":0,"parent":0,"menu_order":0,"comment_status":"closed","ping_status":"closed","template":"","meta":[],"_links":{"self":[{"href":"https:\/\/archiwumnauki.pan.pl\/index.php?rest_route=\/wp\/v2\/pages\/676"}],"collection":[{"href":"https:\/\/archiwumnauki.pan.pl\/index.php?rest_route=\/wp\/v2\/pages"}],"about":[{"href":"https:\/\/archiwumnauki.pan.pl\/index.php?rest_route=\/wp\/v2\/types\/page"}],"author":[{"embeddable":true,"href":"https:\/\/archiwumnauki.pan.pl\/index.php?rest_route=\/wp\/v2\/users\/55"}],"replies":[{"embeddable":true,"href":"https:\/\/archiwumnauki.pan.pl\/index.php?rest_route=%2Fwp%2Fv2%2Fcomments&post=676"}],"version-history":[{"count":5,"href":"https:\/\/archiwumnauki.pan.pl\/index.php?rest_route=\/wp\/v2\/pages\/676\/revisions"}],"predecessor-version":[{"id":5996,"href":"https:\/\/archiwumnauki.pan.pl\/index.php?rest_route=\/wp\/v2\/pages\/676\/revisions\/5996"}],"wp:attachment":[{"href":"https:\/\/archiwumnauki.pan.pl\/index.php?rest_route=%2Fwp%2Fv2%2Fmedia&parent=676"}],"curies":[{"name":"wp","href":"https:\/\/api.w.org\/{rel}","templated":true}]}}