{"id":6575,"date":"2024-12-16T19:07:23","date_gmt":"2024-12-16T18:07:23","guid":{"rendered":"https:\/\/archiwumnauki.pan.pl\/?page_id=6575"},"modified":"2024-12-17T11:16:14","modified_gmt":"2024-12-17T10:16:14","slug":"zbiory-biblioteczne-2","status":"publish","type":"page","link":"https:\/\/archiwumnauki.pan.pl\/?page_id=6575","title":{"rendered":"Zbiory biblioteczne"},"content":{"rendered":"<p style=\"text-align: justify;\">Od listopada 2024 r. <strong>zbiory biblioteczne Archiwum Nauki PAN i PAU<\/strong> stanowi\u0105 &#8211; wraz z ksi\u0119gozbiorami <strong>Biblioteki Naukowej PAU i PAN<\/strong> oraz <strong>Biblioteki Polskiej w Pary\u017cu<\/strong> &#8211; cz\u0119\u015b\u0107 zintegrowanego <strong>systemu bibliotecznego ALMA<\/strong>.<\/p>\n<p style=\"text-align: justify;\">W zwi\u0105zku z tym czytelnicy poszukuj\u0105cy w wymienionych zbiorach konkretnych pozycji mog\u0105 korzysta\u0107 z <strong>wyszukiwarki bibliotecznej PRIMO<\/strong>, dost\u0119pnej pod poni\u017cszym linkiem:<\/p>\n<p style=\"text-align: center;\"><a href=\"https:\/\/omnis-pau.primo.exlibrisgroup.com\/discovery\/search?vid=48OMNIS_PAU:48PAU\"><b>Katalog zbior\u00f3w bibliotecznych PAU<\/b><\/a><\/p>\n<p style=\"text-align: justify;\">\n<p style=\"text-align: justify;\">Zach\u0119camy r\u00f3wnie\u017c do zapoznania si\u0119 ze szczeg\u00f3\u0142owymi <a href=\"https:\/\/archiwumnauki.pan.pl\/?page_id=741\"><strong>informacjami o dziejach i zasobie Biblioteki Archiwum Nauki PAN i PAU<\/strong>.<\/a><\/p>\n","protected":false},"excerpt":{"rendered":"<p>Od listopada 2024 r. zbiory biblioteczne Archiwum Nauki PAN i PAU stanowi\u0105 &#8211; wraz z ksi\u0119gozbiorami Biblioteki Naukowej PAU i PAN oraz Biblioteki Polskiej w Pary\u017cu &#8211; cz\u0119\u015b\u0107 zintegrowanego systemu bibliotecznego ALMA. W zwi\u0105zku z tym czytelnicy poszukuj\u0105cy w wymienionych zbiorach konkretnych pozycji mog\u0105 korzysta\u0107 z wyszukiwarki bibliotecznej PRIMO, dost\u0119pnej pod poni\u017cszym linkiem: Katalog zbior\u00f3w &hellip; <\/p>\n<p class=\"read-more\"><a class=\"btn btn-default\" href=\"https:\/\/archiwumnauki.pan.pl\/?page_id=6575\"> Read More<span class=\"screen-reader-text\">  Read More<\/span><\/a><\/p>\n","protected":false},"author":55,"featured_media":0,"parent":0,"menu_order":0,"comment_status":"closed","ping_status":"closed","template":"","meta":[],"_links":{"self":[{"href":"https:\/\/archiwumnauki.pan.pl\/index.php?rest_route=\/wp\/v2\/pages\/6575"}],"collection":[{"href":"https:\/\/archiwumnauki.pan.pl\/index.php?rest_route=\/wp\/v2\/pages"}],"about":[{"href":"https:\/\/archiwumnauki.pan.pl\/index.php?rest_route=\/wp\/v2\/types\/page"}],"author":[{"embeddable":true,"href":"https:\/\/archiwumnauki.pan.pl\/index.php?rest_route=\/wp\/v2\/users\/55"}],"replies":[{"embeddable":true,"href":"https:\/\/archiwumnauki.pan.pl\/index.php?rest_route=%2Fwp%2Fv2%2Fcomments&post=6575"}],"version-history":[{"count":5,"href":"https:\/\/archiwumnauki.pan.pl\/index.php?rest_route=\/wp\/v2\/pages\/6575\/revisions"}],"predecessor-version":[{"id":6584,"href":"https:\/\/archiwumnauki.pan.pl\/index.php?rest_route=\/wp\/v2\/pages\/6575\/revisions\/6584"}],"wp:attachment":[{"href":"https:\/\/archiwumnauki.pan.pl\/index.php?rest_route=%2Fwp%2Fv2%2Fmedia&parent=6575"}],"curies":[{"name":"wp","href":"https:\/\/api.w.org\/{rel}","templated":true}]}}