{"id":623,"date":"2019-04-23T20:23:17","date_gmt":"2019-04-23T18:23:17","guid":{"rendered":"http:\/\/knopips.pan.pl\/?page_id=623"},"modified":"2026-03-13T12:31:37","modified_gmt":"2026-03-13T11:31:37","slug":"rada-naukowa","status":"publish","type":"page","link":"https:\/\/archiwumnauki.pan.pl\/?page_id=623","title":{"rendered":"Rada Naukowa Archiwum Nauki PAN i PAU"},"content":{"rendered":"<p style=\"text-align: justify;\">Rada Naukowa jest organem czuwaj\u0105cym nad dzia\u0142alno\u015bci\u0105 merytoryczn\u0105 i naukow\u0105 Archiwum Nauki PAN i PAU. Zgodnie ze statutem sk\u0142ada si\u0119 z 12 os\u00f3b: po pi\u0119ciu cz\u0142onk\u00f3w desygnowanych przez Prezydium Oddzia\u0142u PAN w Krakowie i przez Zarz\u0105d PAU. W jej sk\u0142ad z urz\u0119du wchodzi r\u00f3wnie\u017c dyrektor; a tak\u017ce przedstawiciel pracownik\u00f3w. Kadencja trwa cztery lata. Dzia\u0142a w oparciu o regulamin, okre\u015blaj\u0105cy zasady jej funkcjonowania.<\/p>\n<p style=\"text-align: justify;\">Do zada\u0144 Rady Naukowej nale\u017cy w szczeg\u00f3lno\u015bci: ocena dzia\u0142alno\u015bci Archiwum Nauki PAN i PAU, opiniowanie bud\u017cetu oraz planu dzia\u0142ania, ocena poziomu wydawnictw, wyb\u00f3r kandydata na stanowisko Dyrektora, rozpatrywanie spraw wynikaj\u0105cych z obowi\u0105zuj\u0105cych przepis\u00f3w, spraw zleconych przez w\u0142adze PAN i PAU, wniesionych przez cz\u0142onk\u00f3w Rady Naukowej, Dyrektora, pracownik\u00f3w Archiwum Nauki czy proponowanie i opiniowanie zmian w statucie oraz regulaminie Archiwum Nauki.<\/p>\n<p><strong>Sk\u0142ad Rady Naukowej kadencji 2026-2030:<\/strong><\/p>\n<p>Przewodnicz\u0105cy: dr hab.<strong> Janusz Pezda<\/strong>, prof. UJ (PAU)<\/p>\n<p>Wiceprzewodnicz\u0105ca: dr hab. <strong>Maria Stinia<\/strong>, prof. UJ (PAN)<\/p>\n<p>Sekretarz: mgr<strong> Ewa Dziurzy\u0144ska<\/strong>\u00a0(przedstawiciel pracownik\u00f3w)<\/p>\n<p>Cz\u0142onkowie:<\/p>\n<p>prof. dr hab. <strong>Barbara Bili\u0144ska<\/strong> (PAN)<\/p>\n<p>dr hab. <strong>Halina Duda\u0142a<\/strong>, prof. UKEN (PAN)<\/p>\n<p>dr <strong>Adam Korczy\u0144ski <\/strong>(dyrektor Archiwum Nauki PAN i PAU)<\/p>\n<p>prof. dr hab. <strong>Wojciech Krawczuk <\/strong>(PAU)<\/p>\n<p>dr <strong>Rita Majkowska<\/strong> (PAU)<\/p>\n<p>prof. dr hab. <strong>Andrzej M\u0105czy\u0144ski <\/strong>(PAU)<\/p>\n<p>dr hab. <strong>Maciej Miku\u0142a<\/strong>, prof. UJ (PAN)<\/p>\n<p>dr hab. <strong>Zenon Piech<\/strong>, prof. UJ (PAU)<\/p>\n<p>prof. dr hab.\u00a0<strong>Andrzej Romanowski\u00a0<\/strong>(PAN)<\/p>\n<p><a href=\"https:\/\/archiwumnauki.pan.pl\/wp-content\/uploads\/2026\/03\/IMG_3657-scaled.jpg\"><img decoding=\"async\" loading=\"lazy\" class=\"wp-image-7241 size-large aligncenter\" src=\"https:\/\/archiwumnauki.pan.pl\/wp-content\/uploads\/2026\/03\/IMG_3657-1024x683.jpg\" alt=\"\" width=\"640\" height=\"427\" srcset=\"https:\/\/archiwumnauki.pan.pl\/wp-content\/uploads\/2026\/03\/IMG_3657-1024x683.jpg 1024w, https:\/\/archiwumnauki.pan.pl\/wp-content\/uploads\/2026\/03\/IMG_3657-300x200.jpg 300w, https:\/\/archiwumnauki.pan.pl\/wp-content\/uploads\/2026\/03\/IMG_3657-768x512.jpg 768w, https:\/\/archiwumnauki.pan.pl\/wp-content\/uploads\/2026\/03\/IMG_3657-1536x1024.jpg 1536w, https:\/\/archiwumnauki.pan.pl\/wp-content\/uploads\/2026\/03\/IMG_3657-2048x1365.jpg 2048w, https:\/\/archiwumnauki.pan.pl\/wp-content\/uploads\/2026\/03\/IMG_3657-405x270.jpg 405w\" sizes=\"(max-width: 640px) 100vw, 640px\" \/><\/a><\/p>\n<p>&nbsp;<\/p>\n","protected":false},"excerpt":{"rendered":"<p>Rada Naukowa jest organem czuwaj\u0105cym nad dzia\u0142alno\u015bci\u0105 merytoryczn\u0105 i naukow\u0105 Archiwum Nauki PAN i PAU. Zgodnie ze statutem sk\u0142ada si\u0119 z 12 os\u00f3b: po pi\u0119ciu cz\u0142onk\u00f3w desygnowanych przez Prezydium Oddzia\u0142u PAN w Krakowie i przez Zarz\u0105d PAU. W jej sk\u0142ad z urz\u0119du wchodzi r\u00f3wnie\u017c dyrektor; a tak\u017ce przedstawiciel pracownik\u00f3w. Kadencja trwa cztery lata. Dzia\u0142a w &hellip; <\/p>\n<p class=\"read-more\"><a class=\"btn btn-default\" href=\"https:\/\/archiwumnauki.pan.pl\/?page_id=623\"> Read More<span class=\"screen-reader-text\">  Read More<\/span><\/a><\/p>\n","protected":false},"author":55,"featured_media":0,"parent":0,"menu_order":0,"comment_status":"closed","ping_status":"closed","template":"","meta":[],"_links":{"self":[{"href":"https:\/\/archiwumnauki.pan.pl\/index.php?rest_route=\/wp\/v2\/pages\/623"}],"collection":[{"href":"https:\/\/archiwumnauki.pan.pl\/index.php?rest_route=\/wp\/v2\/pages"}],"about":[{"href":"https:\/\/archiwumnauki.pan.pl\/index.php?rest_route=\/wp\/v2\/types\/page"}],"author":[{"embeddable":true,"href":"https:\/\/archiwumnauki.pan.pl\/index.php?rest_route=\/wp\/v2\/users\/55"}],"replies":[{"embeddable":true,"href":"https:\/\/archiwumnauki.pan.pl\/index.php?rest_route=%2Fwp%2Fv2%2Fcomments&post=623"}],"version-history":[{"count":21,"href":"https:\/\/archiwumnauki.pan.pl\/index.php?rest_route=\/wp\/v2\/pages\/623\/revisions"}],"predecessor-version":[{"id":7244,"href":"https:\/\/archiwumnauki.pan.pl\/index.php?rest_route=\/wp\/v2\/pages\/623\/revisions\/7244"}],"wp:attachment":[{"href":"https:\/\/archiwumnauki.pan.pl\/index.php?rest_route=%2Fwp%2Fv2%2Fmedia&parent=623"}],"curies":[{"name":"wp","href":"https:\/\/api.w.org\/{rel}","templated":true}]}}