{"id":6068,"date":"2024-03-26T14:12:19","date_gmt":"2024-03-26T13:12:19","guid":{"rendered":"https:\/\/archiwumnauki.pan.pl\/?page_id=6068"},"modified":"2024-03-26T14:13:09","modified_gmt":"2024-03-26T13:13:09","slug":"w-sluzbie-nauki-izydora-dambska-1904-1983","status":"publish","type":"page","link":"https:\/\/archiwumnauki.pan.pl\/?page_id=6068","title":{"rendered":"&#8222;W s\u0142u\u017cbie Nauki&#8221; \u2013 Izydora D\u0105mbska (1904\u20131983)"},"content":{"rendered":"<div style=\"text-align: justify;\"><span style=\"font-size: 14pt;\"><em><strong>Izydora D\u0105mbska (1904\u20131983). <\/strong><\/em><\/span><span style=\"font-size: 14pt;\"><em><strong>Materia\u0142y z sympozjum &#8222;Non est necesse vivere, necesse est philosophari&#8221; Krak\u00f3w, 18-19.XII.1998 r.<\/strong><\/em><\/span><\/div>\n<div><span style=\"font-size: 12pt; font-family: georgia, palatino, serif;\"><strong>Red. J. Perzanowski<\/strong><\/span><\/div>\n<div><span style=\"font-size: 12pt; font-family: georgia, palatino, serif;\"><strong>Seria: &#8222;W s\u0142u\u017cbie nauki&#8221;, nr 5<\/strong><\/span><\/div>\n<div><span style=\"font-size: 12pt; font-family: georgia, palatino, serif;\"><strong style=\"text-align: justify;\">Krak\u00f3w 2001<\/strong><\/span><\/div>\n<p style=\"text-align: justify;\"><a href=\"https:\/\/archiwumnauki.pan.pl\/wp-content\/uploads\/2019\/04\/dambska_okladka.jpg\"><img decoding=\"async\" loading=\"lazy\" class=\"alignnone wp-image-822 size-full\" src=\"https:\/\/archiwumnauki.pan.pl\/wp-content\/uploads\/2019\/04\/dambska_okladka.jpg\" alt=\"\" width=\"199\" height=\"280\" srcset=\"https:\/\/archiwumnauki.pan.pl\/wp-content\/uploads\/2019\/04\/dambska_okladka.jpg 199w, https:\/\/archiwumnauki.pan.pl\/wp-content\/uploads\/2019\/04\/dambska_okladka-192x270.jpg 192w\" sizes=\"(max-width: 199px) 100vw, 199px\" \/><\/a><\/p>\n<p style=\"text-align: justify;\"><strong>Spis tre\u015bci:<\/strong><\/p>\n<ol style=\"text-align: justify;\">\n<li>Jerzy Wyrozumski, <em>Przedmowa<\/em><\/li>\n<li>Jerzy Perzanowski, <em>Nota<\/em><\/li>\n<li>Jerzy Perzanowski, <em>Izydora D\u0105mbska &#8211; filozof niez\u0142omny<\/em><\/li>\n<li>Maria D\u0105mbska, <em>Sumienie i przyk\u0142ad dla \u015brodowiska<\/em><\/li>\n<li>Maria Obercowa, <em>Kilka wspomnie\u0144 o Izydorze D\u0105mbskiej<\/em><\/li>\n<li>Andrzej Wro\u0144ski, <em>Wspomnienie<\/em><\/li>\n<li>Krystyna Stamirowska, <em>Sedno nauczania<\/em><\/li>\n<li>Leopold Zgoda,<em> O mi\u0142o\u015bci, postawie i zaufaniu<\/em><\/li>\n<li>Piotr Milczanowski, <em>&#8222;Izydora D\u0105mbska (1904-1983) &#8211; filozof niez\u0142omny&#8221; &#8211; wystawa w Oddziale Archiwum PAN w Krakowie (18.XII.1998-26.II.1999)<\/em><\/li>\n<li><em>Summary<\/em><\/li>\n<\/ol>\n","protected":false},"excerpt":{"rendered":"<p>Izydora D\u0105mbska (1904\u20131983). Materia\u0142y z sympozjum &#8222;Non est necesse vivere, necesse est philosophari&#8221; Krak\u00f3w, 18-19.XII.1998 r. Red. J. Perzanowski Seria: &#8222;W s\u0142u\u017cbie nauki&#8221;, nr 5 Krak\u00f3w 2001 Spis tre\u015bci: Jerzy Wyrozumski, Przedmowa Jerzy Perzanowski, Nota Jerzy Perzanowski, Izydora D\u0105mbska &#8211; filozof niez\u0142omny Maria D\u0105mbska, Sumienie i przyk\u0142ad dla \u015brodowiska Maria Obercowa, Kilka wspomnie\u0144 o Izydorze &hellip; <\/p>\n<p class=\"read-more\"><a class=\"btn btn-default\" href=\"https:\/\/archiwumnauki.pan.pl\/?page_id=6068\"> Read More<span class=\"screen-reader-text\">  Read More<\/span><\/a><\/p>\n","protected":false},"author":55,"featured_media":0,"parent":0,"menu_order":0,"comment_status":"closed","ping_status":"closed","template":"","meta":[],"_links":{"self":[{"href":"https:\/\/archiwumnauki.pan.pl\/index.php?rest_route=\/wp\/v2\/pages\/6068"}],"collection":[{"href":"https:\/\/archiwumnauki.pan.pl\/index.php?rest_route=\/wp\/v2\/pages"}],"about":[{"href":"https:\/\/archiwumnauki.pan.pl\/index.php?rest_route=\/wp\/v2\/types\/page"}],"author":[{"embeddable":true,"href":"https:\/\/archiwumnauki.pan.pl\/index.php?rest_route=\/wp\/v2\/users\/55"}],"replies":[{"embeddable":true,"href":"https:\/\/archiwumnauki.pan.pl\/index.php?rest_route=%2Fwp%2Fv2%2Fcomments&post=6068"}],"version-history":[{"count":5,"href":"https:\/\/archiwumnauki.pan.pl\/index.php?rest_route=\/wp\/v2\/pages\/6068\/revisions"}],"predecessor-version":[{"id":6073,"href":"https:\/\/archiwumnauki.pan.pl\/index.php?rest_route=\/wp\/v2\/pages\/6068\/revisions\/6073"}],"wp:attachment":[{"href":"https:\/\/archiwumnauki.pan.pl\/index.php?rest_route=%2Fwp%2Fv2%2Fmedia&parent=6068"}],"curies":[{"name":"wp","href":"https:\/\/api.w.org\/{rel}","templated":true}]}}