{"id":6063,"date":"2024-03-26T14:05:09","date_gmt":"2024-03-26T13:05:09","guid":{"rendered":"https:\/\/archiwumnauki.pan.pl\/?page_id=6063"},"modified":"2024-03-26T14:05:32","modified_gmt":"2024-03-26T13:05:32","slug":"w-sluzbie-nauki-tadeusz-kowalski-1889-1948","status":"publish","type":"page","link":"https:\/\/archiwumnauki.pan.pl\/?page_id=6063","title":{"rendered":"&#8222;W s\u0142u\u017cbie Nauki&#8221; \u2013 Tadeusz Kowalski (1889\u20131948)"},"content":{"rendered":"<div><span style=\"font-size: 14pt;\"><em><strong>Tadeusz Kowalski (1889\u20131948)<\/strong><\/em><\/span><\/div>\n<div><span style=\"font-size: 14pt;\"><em><strong>Materia\u0142y z Posiedzenia Naukowego PAU w dniu 19.VI.1998 r.<\/strong><\/em><\/span><\/div>\n<div><span style=\"font-size: 12pt; font-family: georgia, palatino, serif;\"><strong> red. R. Majkowska<\/strong><\/span><\/div>\n<div><span style=\"font-size: 12pt; font-family: georgia, palatino, serif;\"><strong>Seria: &#8222;W s\u0142u\u017cbie nauki&#8221;, nr 4<\/strong><\/span><\/div>\n<div><span style=\"font-size: 12pt; font-family: georgia, palatino, serif;\"><strong>Krak\u00f3w, 1999<\/strong><\/span><\/div>\n<div><\/div>\n<p><img decoding=\"async\" loading=\"lazy\" class=\"alignnone size-full wp-image-823\" src=\"https:\/\/archiwumnauki.pan.pl\/wp-content\/uploads\/2019\/04\/kowalski_okladka.jpg\" sizes=\"(max-width: 199px) 100vw, 199px\" srcset=\"https:\/\/archiwumnauki.pan.pl\/wp-content\/uploads\/2019\/04\/kowalski_okladka.jpg 199w, https:\/\/archiwumnauki.pan.pl\/wp-content\/uploads\/2019\/04\/kowalski_okladka-192x270.jpg 192w\" alt=\"\" width=\"199\" height=\"280\" \/><\/p>\n<p><strong>Spis tre\u015bci:<\/strong><\/p>\n<ol>\n<li>Jerzy Wyrozumski, <em>Przedmowa<\/em><\/li>\n<li>Andrzej Zaborski, <em>Tadeusz Kowalski \u2013 pierwszy i ostatni nowoczesny orientalista polski<\/em><\/li>\n<li>Piotr H\u00fcbner, <em>Tadeusza Kowalskiego koncepcja organizacji nauki polskiej po drugiej wojnie \u015bwiatowej<\/em><\/li>\n<li>Ewa Dziurzy\u0144ska, <em>Podr\u00f3\u017ce naukowe Tadeusza Kowalskiego w \u015bwietle materia\u0142\u00f3w archiwalnych<\/em><\/li>\n<li>Anna Sulimowicz, <em>Wp\u0142yw Tadeusza Kowalskiego na rozw\u00f3j \u017cycia kulturalnego spo\u0142ecznego w \u0141ucku i Haliczu<\/em><\/li>\n<li>Kazimierz Kowalski, <em>Tadeusz Kowalski \u2013 oczami syna<\/em><\/li>\n<li>Anna Kowalska-Lewicka, <em>Tadeusz Kowalski w oczach c\u00f3rki<\/em><\/li>\n<li><em>Summary<\/em><\/li>\n<\/ol>\n","protected":false},"excerpt":{"rendered":"<p>Tadeusz Kowalski (1889\u20131948) Materia\u0142y z Posiedzenia Naukowego PAU w dniu 19.VI.1998 r. red. R. Majkowska Seria: &#8222;W s\u0142u\u017cbie nauki&#8221;, nr 4 Krak\u00f3w, 1999 Spis tre\u015bci: Jerzy Wyrozumski, Przedmowa Andrzej Zaborski, Tadeusz Kowalski \u2013 pierwszy i ostatni nowoczesny orientalista polski Piotr H\u00fcbner, Tadeusza Kowalskiego koncepcja organizacji nauki polskiej po drugiej wojnie \u015bwiatowej Ewa Dziurzy\u0144ska, Podr\u00f3\u017ce naukowe &hellip; <\/p>\n<p class=\"read-more\"><a class=\"btn btn-default\" href=\"https:\/\/archiwumnauki.pan.pl\/?page_id=6063\"> Read More<span class=\"screen-reader-text\">  Read More<\/span><\/a><\/p>\n","protected":false},"author":55,"featured_media":0,"parent":0,"menu_order":0,"comment_status":"closed","ping_status":"closed","template":"","meta":[],"_links":{"self":[{"href":"https:\/\/archiwumnauki.pan.pl\/index.php?rest_route=\/wp\/v2\/pages\/6063"}],"collection":[{"href":"https:\/\/archiwumnauki.pan.pl\/index.php?rest_route=\/wp\/v2\/pages"}],"about":[{"href":"https:\/\/archiwumnauki.pan.pl\/index.php?rest_route=\/wp\/v2\/types\/page"}],"author":[{"embeddable":true,"href":"https:\/\/archiwumnauki.pan.pl\/index.php?rest_route=\/wp\/v2\/users\/55"}],"replies":[{"embeddable":true,"href":"https:\/\/archiwumnauki.pan.pl\/index.php?rest_route=%2Fwp%2Fv2%2Fcomments&post=6063"}],"version-history":[{"count":2,"href":"https:\/\/archiwumnauki.pan.pl\/index.php?rest_route=\/wp\/v2\/pages\/6063\/revisions"}],"predecessor-version":[{"id":6065,"href":"https:\/\/archiwumnauki.pan.pl\/index.php?rest_route=\/wp\/v2\/pages\/6063\/revisions\/6065"}],"wp:attachment":[{"href":"https:\/\/archiwumnauki.pan.pl\/index.php?rest_route=%2Fwp%2Fv2%2Fmedia&parent=6063"}],"curies":[{"name":"wp","href":"https:\/\/api.w.org\/{rel}","templated":true}]}}