{"id":6054,"date":"2024-03-26T11:33:11","date_gmt":"2024-03-26T10:33:11","guid":{"rendered":"https:\/\/archiwumnauki.pan.pl\/?page_id=6054"},"modified":"2024-03-26T14:37:19","modified_gmt":"2024-03-26T13:37:19","slug":"w-sluzbie-nauki-stanislaw-tarnowski-1837-1917","status":"publish","type":"page","link":"https:\/\/archiwumnauki.pan.pl\/?page_id=6054","title":{"rendered":"&#8222;W s\u0142u\u017cbie Nauki&#8221; \u2013 Stanis\u0142aw Tarnowski (1837\u20131917)"},"content":{"rendered":"<div style=\"text-align: justify;\"><span style=\"font-size: 14pt;\"><em><strong>Stanis\u0142aw Tarnowski (1837\u20131917)<\/strong><\/em><\/span><\/div>\n<div style=\"text-align: justify;\"><strong><span style=\"font-size: 14pt;\"><em>Materia\u0142y z Posiedzenia Naukowego PAU w dniu 14.XI.1997 r.<\/em><\/span><\/strong><\/div>\n<div><span style=\"font-size: 12pt; font-family: georgia, palatino, serif;\"><strong>red. R. Majkowska<\/strong><\/span><\/div>\n<div><span style=\"font-size: 12pt; font-family: georgia, palatino, serif;\"><strong>Seria: &#8222;W s\u0142u\u017cbie nauki&#8221; &#8211; nr 3<\/strong><\/span><\/div>\n<div><span style=\"font-size: 12pt; font-family: georgia, palatino, serif;\"><strong style=\"text-align: justify;\">Krak\u00f3w 1999<\/strong><\/span><\/div>\n<div><\/div>\n<div style=\"text-align: justify;\"><a href=\"https:\/\/archiwumnauki.pan.pl\/wp-content\/uploads\/2019\/04\/tarnowski_okladka.jpg\"><img decoding=\"async\" loading=\"lazy\" class=\"alignnone wp-image-824 size-full\" src=\"https:\/\/archiwumnauki.pan.pl\/wp-content\/uploads\/2019\/04\/tarnowski_okladka.jpg\" alt=\"\" width=\"195\" height=\"279\" srcset=\"https:\/\/archiwumnauki.pan.pl\/wp-content\/uploads\/2019\/04\/tarnowski_okladka.jpg 195w, https:\/\/archiwumnauki.pan.pl\/wp-content\/uploads\/2019\/04\/tarnowski_okladka-189x270.jpg 189w\" sizes=\"(max-width: 195px) 100vw, 195px\" \/><\/a><\/div>\n<p style=\"text-align: justify;\"><span style=\"font-size: 12pt; font-family: georgia, palatino, serif;\"><strong>Spis tre\u015bci:<\/strong><\/span><\/p>\n<ol style=\"text-align: justify;\">\n<li><span style=\"font-size: 12pt; font-family: georgia, palatino, serif;\">Kazimierz Kowalski , <em>Przedmowa<\/em><\/span><\/li>\n<li><span style=\"font-size: 12pt; font-family: georgia, palatino, serif;\">Marta Wyka, <em>Stanis\u0142aw Tarnowski jako historyk literatury polskiej<\/em><\/span><\/li>\n<li><span style=\"font-size: 12pt; font-family: georgia, palatino, serif;\">Waldemar \u0141azuga, <em>Stanis\u0142aw Tarnowski &#8211; publicysta<\/em><\/span><\/li>\n<li><span style=\"font-size: 12pt; font-family: georgia, palatino, serif;\">Stanis\u0142aw Grodziski, <em>Stanis\u0142aw Tarnowski w Sejmie Krajowym Galicyjskim<\/em><\/span><\/li>\n<li><span style=\"font-size: 12pt; font-family: georgia, palatino, serif;\">ks. Maciej Gawlik CR, <em>Kszta\u0142towanie postawy religijnej Stanis\u0142awa Tarnowskiego<\/em><\/span><\/li>\n<li><span style=\"font-size: 12pt; font-family: georgia, palatino, serif;\">Marta P\u0142atek,<em> Z list\u00f3w Stanis\u0142awa Tarnowskiego z podr\u00f3\u017cy do Ziemi \u015awi\u0119tej<\/em><\/span><\/li>\n<li><span style=\"font-size: 12pt; font-family: georgia, palatino, serif;\">Julian Dybiec, <em>Stanis\u0142aw Tarnowski &#8211; autorytet, polityk, uczony<\/em><\/span><\/li>\n<li><span style=\"font-size: 12pt; font-family: georgia, palatino, serif;\">Jerzy Starnawski, <em>O Stanis\u0142awie Tarnowskim jako historyku literatury polskiej s\u0142\u00f3w kilka<\/em><\/span><\/li>\n<li><span style=\"font-size: 12pt; font-family: georgia, palatino, serif;\">Henryk Markiewicz, <em>Stanis\u0142aw Tarnowski &#8211; historyk literatury<\/em><\/span><\/li>\n<li><span style=\"font-size: 12pt; font-family: georgia, palatino, serif;\">Jadwiga z Mycielskich Stachurowa, <em>Wspomnienie prawnuczki<\/em><\/span><\/li>\n<\/ol>\n","protected":false},"excerpt":{"rendered":"<p>Stanis\u0142aw Tarnowski (1837\u20131917) Materia\u0142y z Posiedzenia Naukowego PAU w dniu 14.XI.1997 r. red. R. Majkowska Seria: &#8222;W s\u0142u\u017cbie nauki&#8221; &#8211; nr 3 Krak\u00f3w 1999 Spis tre\u015bci: Kazimierz Kowalski , Przedmowa Marta Wyka, Stanis\u0142aw Tarnowski jako historyk literatury polskiej Waldemar \u0141azuga, Stanis\u0142aw Tarnowski &#8211; publicysta Stanis\u0142aw Grodziski, Stanis\u0142aw Tarnowski w Sejmie Krajowym Galicyjskim ks. Maciej Gawlik &hellip; <\/p>\n<p class=\"read-more\"><a class=\"btn btn-default\" href=\"https:\/\/archiwumnauki.pan.pl\/?page_id=6054\"> Read More<span class=\"screen-reader-text\">  Read More<\/span><\/a><\/p>\n","protected":false},"author":55,"featured_media":0,"parent":0,"menu_order":0,"comment_status":"closed","ping_status":"closed","template":"","meta":[],"_links":{"self":[{"href":"https:\/\/archiwumnauki.pan.pl\/index.php?rest_route=\/wp\/v2\/pages\/6054"}],"collection":[{"href":"https:\/\/archiwumnauki.pan.pl\/index.php?rest_route=\/wp\/v2\/pages"}],"about":[{"href":"https:\/\/archiwumnauki.pan.pl\/index.php?rest_route=\/wp\/v2\/types\/page"}],"author":[{"embeddable":true,"href":"https:\/\/archiwumnauki.pan.pl\/index.php?rest_route=\/wp\/v2\/users\/55"}],"replies":[{"embeddable":true,"href":"https:\/\/archiwumnauki.pan.pl\/index.php?rest_route=%2Fwp%2Fv2%2Fcomments&post=6054"}],"version-history":[{"count":9,"href":"https:\/\/archiwumnauki.pan.pl\/index.php?rest_route=\/wp\/v2\/pages\/6054\/revisions"}],"predecessor-version":[{"id":6078,"href":"https:\/\/archiwumnauki.pan.pl\/index.php?rest_route=\/wp\/v2\/pages\/6054\/revisions\/6078"}],"wp:attachment":[{"href":"https:\/\/archiwumnauki.pan.pl\/index.php?rest_route=%2Fwp%2Fv2%2Fmedia&parent=6054"}],"curies":[{"name":"wp","href":"https:\/\/api.w.org\/{rel}","templated":true}]}}