{"id":6046,"date":"2024-03-26T11:27:13","date_gmt":"2024-03-26T10:27:13","guid":{"rendered":"https:\/\/archiwumnauki.pan.pl\/?page_id=6046"},"modified":"2024-03-26T14:37:04","modified_gmt":"2024-03-26T13:37:04","slug":"cykl-w-sluzbie-nauki-stanislaw-kutrzeba-1876-1946","status":"publish","type":"page","link":"https:\/\/archiwumnauki.pan.pl\/?page_id=6046","title":{"rendered":"\u201eW S\u0141U\u017bBIE NAUKI\u201d \u2013 Stanis\u0142aw Kutrzeba (1876\u20131946)"},"content":{"rendered":"<div style=\"text-align: justify;\"><span style=\"font-size: 14pt;\"><strong><em>Stanis\u0142aw Kutrzeba (1876\u20131946)<\/em><\/strong><\/span><\/div>\n<div style=\"text-align: justify;\"><span style=\"font-size: 14pt;\"><strong><em>Materia\u0142y z Uroczystego Posiedzenia PAU w dniu 24.VI.1996 r.<\/em><\/strong><\/span><\/div>\n<div><span style=\"font-size: 12pt; font-family: georgia, palatino, serif;\"><strong>red. R. Majkowska<\/strong><\/span><\/div>\n<div><span style=\"font-size: 12pt; font-family: georgia, palatino, serif;\"><strong>Seria: &#8222;W s\u0142u\u017cbie Nauki&#8221; &#8211; nr 2<\/strong><\/span><\/div>\n<div style=\"text-align: justify;\"><span style=\"font-size: 12pt; font-family: georgia, palatino, serif;\"><strong>Krak\u00f3w 1998<\/strong><\/span><\/div>\n<div><\/div>\n<p style=\"text-align: justify;\"><a href=\"https:\/\/archiwumnauki.pan.pl\/wp-content\/uploads\/2019\/04\/kutrzeba_okladka.jpg\"><img decoding=\"async\" loading=\"lazy\" class=\"alignnone wp-image-825 size-full\" src=\"https:\/\/archiwumnauki.pan.pl\/wp-content\/uploads\/2019\/04\/kutrzeba_okladka.jpg\" alt=\"\" width=\"197\" height=\"281\" srcset=\"https:\/\/archiwumnauki.pan.pl\/wp-content\/uploads\/2019\/04\/kutrzeba_okladka.jpg 197w, https:\/\/archiwumnauki.pan.pl\/wp-content\/uploads\/2019\/04\/kutrzeba_okladka-189x270.jpg 189w\" sizes=\"(max-width: 197px) 100vw, 197px\" \/><\/a><\/p>\n<p style=\"text-align: justify;\"><strong>Spis tre\u015bci:<\/strong><\/p>\n<ol style=\"text-align: justify;\">\n<li>Stanis\u0142aw Grodziski, <em>Przedmowa<\/em><\/li>\n<li>Wac\u0142aw Uruszczak, <em>Stanis\u0142aw Kutrzeba (1876-1946). Cz\u0142owiek i dzie\u0142o<\/em><\/li>\n<li>Jerzy Wyrozumski, <em>Stanis\u0142aw Kutrzeba jako badacz polskiego \u015bredniowiecza<\/em><\/li>\n<li>Piotr H\u00fcbner, <em>Stanis\u0142awa Kutrzeby koncepcja organizacji nauki polskiej<\/em><\/li>\n<li>S\u0142awomir Rado\u0144, <em>Stanis\u0142aw Kutrzeba jako archiwista i opiekun zabytk\u00f3w<\/em><\/li>\n<li>Stanis\u0142aw Grodziski,<em> Stanis\u0142awa Kutrzeby projekt konstytucji Rzeczypospolitej Polskiej<\/em><\/li>\n<li>Rita Majkowska, <em>Polska Akademia Umiej\u0119tno\u015bci w \u017cyciu Stanis\u0142awa Kutrzeby<\/em><\/li>\n<\/ol>\n","protected":false},"excerpt":{"rendered":"<p>Stanis\u0142aw Kutrzeba (1876\u20131946) Materia\u0142y z Uroczystego Posiedzenia PAU w dniu 24.VI.1996 r. red. R. Majkowska Seria: &#8222;W s\u0142u\u017cbie Nauki&#8221; &#8211; nr 2 Krak\u00f3w 1998 Spis tre\u015bci: Stanis\u0142aw Grodziski, Przedmowa Wac\u0142aw Uruszczak, Stanis\u0142aw Kutrzeba (1876-1946). Cz\u0142owiek i dzie\u0142o Jerzy Wyrozumski, Stanis\u0142aw Kutrzeba jako badacz polskiego \u015bredniowiecza Piotr H\u00fcbner, Stanis\u0142awa Kutrzeby koncepcja organizacji nauki polskiej S\u0142awomir Rado\u0144, &hellip; <\/p>\n<p class=\"read-more\"><a class=\"btn btn-default\" href=\"https:\/\/archiwumnauki.pan.pl\/?page_id=6046\"> Read More<span class=\"screen-reader-text\">  Read More<\/span><\/a><\/p>\n","protected":false},"author":55,"featured_media":0,"parent":0,"menu_order":0,"comment_status":"closed","ping_status":"closed","template":"","meta":[],"_links":{"self":[{"href":"https:\/\/archiwumnauki.pan.pl\/index.php?rest_route=\/wp\/v2\/pages\/6046"}],"collection":[{"href":"https:\/\/archiwumnauki.pan.pl\/index.php?rest_route=\/wp\/v2\/pages"}],"about":[{"href":"https:\/\/archiwumnauki.pan.pl\/index.php?rest_route=\/wp\/v2\/types\/page"}],"author":[{"embeddable":true,"href":"https:\/\/archiwumnauki.pan.pl\/index.php?rest_route=\/wp\/v2\/users\/55"}],"replies":[{"embeddable":true,"href":"https:\/\/archiwumnauki.pan.pl\/index.php?rest_route=%2Fwp%2Fv2%2Fcomments&post=6046"}],"version-history":[{"count":5,"href":"https:\/\/archiwumnauki.pan.pl\/index.php?rest_route=\/wp\/v2\/pages\/6046\/revisions"}],"predecessor-version":[{"id":6077,"href":"https:\/\/archiwumnauki.pan.pl\/index.php?rest_route=\/wp\/v2\/pages\/6046\/revisions\/6077"}],"wp:attachment":[{"href":"https:\/\/archiwumnauki.pan.pl\/index.php?rest_route=%2Fwp%2Fv2%2Fmedia&parent=6046"}],"curies":[{"name":"wp","href":"https:\/\/api.w.org\/{rel}","templated":true}]}}