{"id":6042,"date":"2024-03-26T11:23:49","date_gmt":"2024-03-26T10:23:49","guid":{"rendered":"https:\/\/archiwumnauki.pan.pl\/?page_id=6042"},"modified":"2024-03-26T14:36:42","modified_gmt":"2024-03-26T13:36:42","slug":"cykl-w-sluzbie-nauki-oskar-kolberg-1814-1890","status":"publish","type":"page","link":"https:\/\/archiwumnauki.pan.pl\/?page_id=6042","title":{"rendered":"&#8222;W s\u0142u\u017cbie Nauki&#8221; \u2013 Oskar Kolberg (1814\u20131890)"},"content":{"rendered":"<div><span style=\"font-size: 14pt;\"><em><strong>Oskar Kolberg (1814\u20131890)<\/strong><\/em><\/span><\/div>\n<div><span style=\"font-size: 14pt;\"><em><strong>Materia\u0142y sesji naukowej w dniu 26.XI.1994 r.<\/strong><\/em><\/span><\/div>\n<div><strong>red. E. Fia\u0142ek<\/strong><\/div>\n<div><strong>Seria: &#8222;W s\u0142u\u017cbie nauki&#8221; <em>\u2013<\/em> nr 1<\/strong><\/div>\n<div><strong>Krak\u00f3w 1998<\/strong><\/div>\n<p><a href=\"https:\/\/archiwumnauki.pan.pl\/wp-content\/uploads\/2019\/04\/kolberg_okladka-1.jpg\"><img decoding=\"async\" loading=\"lazy\" class=\"alignnone wp-image-828 size-full\" src=\"https:\/\/archiwumnauki.pan.pl\/wp-content\/uploads\/2019\/04\/kolberg_okladka-1.jpg\" sizes=\"(max-width: 197px) 100vw, 197px\" srcset=\"https:\/\/archiwumnauki.pan.pl\/wp-content\/uploads\/2019\/04\/kolberg_okladka-1.jpg 197w, https:\/\/archiwumnauki.pan.pl\/wp-content\/uploads\/2019\/04\/kolberg_okladka-1-191x270.jpg 191w\" alt=\"\" width=\"197\" height=\"278\" \/><\/a><\/p>\n<p><strong>Spis tre\u015bci:<\/strong><\/p>\n<ol>\n<li>Stanis\u0142aw Urba\u0144czyk, <em>O Kolbergu w sto lat po jego \u015bmierci<\/em><\/li>\n<li>Julian Ma\u015blanka, <em>Folklor w pogl\u0105dach pokolenia romantyk\u00f3w<\/em><\/li>\n<li>Monika Gruchmanowa, <em>Oskar Kolberg jako gwaroznawca<\/em><\/li>\n<li>Agata Skrukwa, <em>Dzieje archiwum Kolberga i ich konsekwencje dla kszta\u0142tu edycji\u00a0Dzie\u0142 wszystkich<\/em><\/li>\n<li>El\u017cbieta Millerowa, <em>Kolbergowskie metody dokumentacji folkloru a problemy wsp\u00f3\u0142czesnych wydawc\u00f3w jego \u017ar\u00f3de\u0142<\/em><\/li>\n<li>Wies\u0142aw Bie\u0144kowski, <em>O wsp\u00f3\u0142czesnych formach uczczenia pami\u0119ci Oskara Kolberga. Rozw\u00f3j bada\u0144 nad kultur\u0105 ludow\u0105 w Polsce (1800-1867)<\/em><\/li>\n<\/ol>\n","protected":false},"excerpt":{"rendered":"<p>Oskar Kolberg (1814\u20131890) Materia\u0142y sesji naukowej w dniu 26.XI.1994 r. red. E. Fia\u0142ek Seria: &#8222;W s\u0142u\u017cbie nauki&#8221; \u2013 nr 1 Krak\u00f3w 1998 Spis tre\u015bci: Stanis\u0142aw Urba\u0144czyk, O Kolbergu w sto lat po jego \u015bmierci Julian Ma\u015blanka, Folklor w pogl\u0105dach pokolenia romantyk\u00f3w Monika Gruchmanowa, Oskar Kolberg jako gwaroznawca Agata Skrukwa, Dzieje archiwum Kolberga i ich konsekwencje &hellip; <\/p>\n<p class=\"read-more\"><a class=\"btn btn-default\" href=\"https:\/\/archiwumnauki.pan.pl\/?page_id=6042\"> Read More<span class=\"screen-reader-text\">  Read More<\/span><\/a><\/p>\n","protected":false},"author":55,"featured_media":0,"parent":0,"menu_order":0,"comment_status":"closed","ping_status":"closed","template":"","meta":[],"_links":{"self":[{"href":"https:\/\/archiwumnauki.pan.pl\/index.php?rest_route=\/wp\/v2\/pages\/6042"}],"collection":[{"href":"https:\/\/archiwumnauki.pan.pl\/index.php?rest_route=\/wp\/v2\/pages"}],"about":[{"href":"https:\/\/archiwumnauki.pan.pl\/index.php?rest_route=\/wp\/v2\/types\/page"}],"author":[{"embeddable":true,"href":"https:\/\/archiwumnauki.pan.pl\/index.php?rest_route=\/wp\/v2\/users\/55"}],"replies":[{"embeddable":true,"href":"https:\/\/archiwumnauki.pan.pl\/index.php?rest_route=%2Fwp%2Fv2%2Fcomments&post=6042"}],"version-history":[{"count":5,"href":"https:\/\/archiwumnauki.pan.pl\/index.php?rest_route=\/wp\/v2\/pages\/6042\/revisions"}],"predecessor-version":[{"id":6076,"href":"https:\/\/archiwumnauki.pan.pl\/index.php?rest_route=\/wp\/v2\/pages\/6042\/revisions\/6076"}],"wp:attachment":[{"href":"https:\/\/archiwumnauki.pan.pl\/index.php?rest_route=%2Fwp%2Fv2%2Fmedia&parent=6042"}],"curies":[{"name":"wp","href":"https:\/\/api.w.org\/{rel}","templated":true}]}}