{"id":5901,"date":"2024-02-02T14:17:04","date_gmt":"2024-02-02T13:17:04","guid":{"rendered":"https:\/\/archiwumnauki.pan.pl\/?page_id=5901"},"modified":"2024-02-02T14:17:10","modified_gmt":"2024-02-02T13:17:10","slug":"archiwum-aktualnosci-2023","status":"publish","type":"page","link":"https:\/\/archiwumnauki.pan.pl\/?page_id=5901","title":{"rendered":"Archiwum aktualno\u015bci &#8211; 2023"},"content":{"rendered":"<table style=\"height: 592px; width: 100%;\">\n<tbody>\n<tr style=\"height: 10px;\">\n<td style=\"width: 99.5649%; height: 10px;\"><strong>Rok 2023<\/strong><\/td>\n<\/tr>\n<tr style=\"height: 10px;\">\n<td style=\"width: 99.5649%; height: 10px;\"><a href=\"https:\/\/archiwumnauki.pan.pl\/?p=5489\">Promocja ksi\u0105\u017cki \u201eSzekspir i\u00a0 Polska. \u017bycie W\u0142adys\u0142awa Tarnawskiego (1885-1951)\u201d w Przemy\u015blu\u00a0<\/a><\/td>\n<\/tr>\n<tr style=\"height: 25px;\">\n<td style=\"width: 99.5649%; height: 25px;\"><a href=\"https:\/\/archiwumnauki.pan.pl\/?p=5485\">Udzia\u0142 w Mi\u0119dzynarodowym Forum \u201eBezpieczne zbiory \u2013 bezpieczne dziedzictwo\u201d<\/a><\/td>\n<\/tr>\n<tr style=\"height: 17px;\">\n<td style=\"width: 99.5649%; height: 17px;\"><a href=\"https:\/\/archiwumnauki.pan.pl\/?p=5432\">Promocja ksi\u0105\u017cki \u201eAby ocali\u0107 od zapomnienia. Pami\u0119tniki W\u0142adys\u0142awa, J\u00f3zefa i Marii Sk\u0142odowskich\u201d<\/a><\/td>\n<\/tr>\n<tr style=\"height: 10px;\">\n<td style=\"width: 99.5649%; height: 10px;\"><a href=\"https:\/\/archiwumnauki.pan.pl\/?p=5407\">Warsztaty archiwalne i pokaz dla praktykant\u00f3w<\/a><\/td>\n<\/tr>\n<tr style=\"height: 10px;\">\n<td style=\"width: 99.5649%; height: 10px;\"><a href=\"https:\/\/archiwumnauki.pan.pl\/?p=5401\">Wernisa\u017c wystawy \u201eMedale medyczne \u2013 artefakty kultury\u201d<\/a><\/td>\n<\/tr>\n<tr style=\"height: 26px;\">\n<td style=\"width: 99.5649%; height: 26px;\"><a href=\"https:\/\/archiwumnauki.pan.pl\/?p=5363\">Finisa\u017c wystawy o Kazimierzu Wi\u015bniaku<\/a><\/td>\n<\/tr>\n<tr style=\"height: 16px;\">\n<td style=\"width: 99.5649%; height: 16px;\"><a href=\"https:\/\/archiwumnauki.pan.pl\/?p=5340\">Joanna Laskosz z wizyt\u0105 w Pradze\u00a0<\/a><\/td>\n<\/tr>\n<tr style=\"height: 15px;\">\n<td style=\"width: 99.5649%; height: 15px;\"><a href=\"https:\/\/archiwumnauki.pan.pl\/?p=5325\">Rozpocz\u0119cie sta\u017cu w Archiwum przez studenta z Grecji<\/a><\/td>\n<\/tr>\n<tr style=\"height: 10px;\">\n<td style=\"width: 99.5649%; height: 10px;\"><a href=\"https:\/\/archiwumnauki.pan.pl\/?p=5271\">20 lat Stowarzyszenia Polonist\u00f3w<\/a><\/td>\n<\/tr>\n<tr style=\"height: 27px;\">\n<td style=\"width: 99.5649%; height: 27px;\"><a href=\"https:\/\/archiwumnauki.pan.pl\/?p=5266\">\u201eAurea prima sata est aetas\u201d. Wystawa i konferencja w Przemy\u015blu<\/a><\/td>\n<\/tr>\n<tr style=\"height: 24px;\">\n<td style=\"width: 99.5649%; height: 24px;\"><a href=\"https:\/\/archiwumnauki.pan.pl\/?p=5229\">Studenci etnologii i antropologii kulturowej w Archiwum<\/a><strong><br \/>\n<\/strong><\/td>\n<\/tr>\n<tr style=\"height: 17px;\">\n<td style=\"width: 99.5649%; height: 17px;\"><a href=\"https:\/\/archiwumnauki.pan.pl\/?p=5223\">Wizyta Naczelnego Dyrektora Archiw\u00f3w Pa\u0144stwowych<\/a><strong><br \/>\n<\/strong><\/td>\n<\/tr>\n<tr style=\"height: 15px;\">\n<td style=\"width: 99.5649%; height: 15px;\"><a href=\"https:\/\/archiwumnauki.pan.pl\/?p=5209\">Pokaz archiwalny dla student\u00f3w historii UJ<\/a><strong><br \/>\n<\/strong><\/td>\n<\/tr>\n<tr style=\"height: 32px;\">\n<td style=\"width: 99.5649%; height: 32px;\"><a href=\"https:\/\/archiwumnauki.pan.pl\/?p=5203\">24. Og\u00f3lnopolski Zjazd Student\u00f3w Archiwistyki<\/a><strong><br \/>\n<\/strong><\/td>\n<\/tr>\n<tr style=\"height: 15px;\">\n<td style=\"width: 99.5649%; height: 15px;\"><a href=\"https:\/\/archiwumnauki.pan.pl\/?p=5169\">Kolejne spotkanie z uczniami Zespo\u0142u Szk\u00f3\u0142 im. Walerego Goetla w Suchej Beskidzkiej<\/a><strong><br \/>\n<\/strong><\/td>\n<\/tr>\n<tr style=\"height: 29px;\">\n<td style=\"width: 99.5649%; height: 29px;\"><a href=\"https:\/\/archiwumnauki.pan.pl\/?p=5147\">Warsztaty archiwalne &#8222;\u0179r\u00f3d\u0142a do dziej\u00f3w I i II wojny \u015bwiatowej&#8221;<\/a><strong><br \/>\n<\/strong><\/td>\n<\/tr>\n<tr style=\"height: 12px;\">\n<td style=\"width: 99.5649%; height: 12px;\"><a href=\"https:\/\/archiwumnauki.pan.pl\/?p=5142\">Go\u015b\u0107 z Aten w Archiwum Nauki<\/a><strong><br \/>\n<\/strong><\/td>\n<\/tr>\n<tr style=\"height: 10px;\">\n<td style=\"width: 99.5649%; height: 10px;\"><a href=\"https:\/\/archiwumnauki.pan.pl\/?p=5125\">Archiwum Nauki w uj\u0119ciu niemieckich student\u00f3w z Ratyzbony<\/a><strong><br \/>\n<\/strong><\/td>\n<\/tr>\n<tr style=\"height: 11px;\">\n<td style=\"width: 99.5649%; height: 11px;\"><a href=\"https:\/\/archiwumnauki.pan.pl\/?p=5105\">Zaj\u0119cia dla student\u00f3w religioznawstwa w dn. 26 kwietnia 2023<\/a><strong><br \/>\n<\/strong><\/td>\n<\/tr>\n<tr style=\"height: 32px;\">\n<td style=\"width: 99.5649%; height: 32px;\"><a href=\"https:\/\/archiwumnauki.pan.pl\/?p=5045\">Uroczyste otwarcie wystawy \u201eKazimierz Wi\u015bniak teatralny i piwniczny\u201d<\/a><\/td>\n<\/tr>\n<tr style=\"height: 28px;\">\n<td style=\"width: 99.5649%; height: 28px;\"><a href=\"https:\/\/archiwumnauki.pan.pl\/?p=5031\">Pokaz archiwalny dla student\u00f3w Uniwersytetu Pedagogicznego<\/a><strong><br \/>\n<\/strong><\/td>\n<\/tr>\n<tr style=\"height: 28px;\">\n<td style=\"width: 99.5649%; height: 28px;\"><a href=\"https:\/\/archiwumnauki.pan.pl\/?p=5013\">Odeszli nasi darczy\u0144cy <\/a><strong><br \/>\n<\/strong><\/td>\n<\/tr>\n<tr style=\"height: 23px;\">\n<td style=\"width: 99.5649%; height: 23px;\"><a href=\"https:\/\/archiwumnauki.pan.pl\/?p=4932\">Studenci Instytutu Historii UJ w Archiwum Nauki <\/a><\/td>\n<\/tr>\n<tr style=\"height: 24px;\">\n<td style=\"width: 99.5649%; height: 24px;\"><a href=\"https:\/\/archiwumnauki.pan.pl\/?p=4430\">Uczestnicy programu Erasmus+ w Archiwum Nauki<\/a><strong><br \/>\n<\/strong><\/td>\n<\/tr>\n<tr style=\"height: 24px;\">\n<td style=\"width: 99.5649%; height: 24px;\"><a href=\"https:\/\/archiwumnauki.pan.pl\/?p=4422\">Zebranie Rady Naukowej Archiwum Nauki<\/a><\/td>\n<\/tr>\n<tr style=\"height: 23px;\">\n<td style=\"width: 99.5649%; height: 23px;\"><a href=\"https:\/\/archiwumnauki.pan.pl\/?p=4372\">Uroczysto\u015bci pogrzebowe prof. Wojciecha Nar\u0119bskiego<\/a><span style=\"text-decoration: underline;\"><strong><br \/>\n<\/strong><\/span><\/td>\n<\/tr>\n<tr style=\"height: 23px;\">\n<td style=\"width: 99.5649%; height: 23px;\"><a href=\"https:\/\/archiwumnauki.pan.pl\/?p=4330\">Pokazy archiwalne dla student\u00f3w etnologii i antropologii kulturowej<\/a><span style=\"text-decoration: underline;\"><strong><br \/>\n<\/strong><\/span><\/td>\n<\/tr>\n<tr style=\"height: 23px;\">\n<td style=\"width: 99.5649%; height: 23px;\"><a href=\"https:\/\/archiwumnauki.pan.pl\/?p=4320\">Wr\u0119czenie nowego &#8222;Rocznika Przemyskiego&#8221; prof. Andrzejowi Chwalbie\u00a0<\/a><span style=\"text-decoration: underline;\"><strong><br \/>\n<\/strong><\/span><\/td>\n<\/tr>\n<tr style=\"height: 23px;\">\n<td style=\"width: 99.5649%; height: 23px;\"><a href=\"https:\/\/archiwumnauki.pan.pl\/?p=4310\">Dyrektor Archiwum cz\u0142onkiem Rady Dyrektor\u00f3w Jednostek Naukowych PAN<\/a><span style=\"text-decoration: underline;\"><strong><br \/>\n<\/strong><\/span><\/td>\n<\/tr>\n<\/tbody>\n<\/table>\n<p>&nbsp;<\/p>\n","protected":false},"excerpt":{"rendered":"<p>Rok 2023 Promocja ksi\u0105\u017cki \u201eSzekspir i\u00a0 Polska. \u017bycie W\u0142adys\u0142awa Tarnawskiego (1885-1951)\u201d w Przemy\u015blu\u00a0 Udzia\u0142 w Mi\u0119dzynarodowym Forum \u201eBezpieczne zbiory \u2013 bezpieczne dziedzictwo\u201d Promocja ksi\u0105\u017cki \u201eAby ocali\u0107 od zapomnienia. Pami\u0119tniki W\u0142adys\u0142awa, J\u00f3zefa i Marii Sk\u0142odowskich\u201d Warsztaty archiwalne i pokaz dla praktykant\u00f3w Wernisa\u017c wystawy \u201eMedale medyczne \u2013 artefakty kultury\u201d Finisa\u017c wystawy o Kazimierzu Wi\u015bniaku Joanna Laskosz z &hellip; <\/p>\n<p class=\"read-more\"><a class=\"btn btn-default\" href=\"https:\/\/archiwumnauki.pan.pl\/?page_id=5901\"> Read More<span class=\"screen-reader-text\">  Read More<\/span><\/a><\/p>\n","protected":false},"author":55,"featured_media":0,"parent":0,"menu_order":0,"comment_status":"closed","ping_status":"closed","template":"","meta":[],"_links":{"self":[{"href":"https:\/\/archiwumnauki.pan.pl\/index.php?rest_route=\/wp\/v2\/pages\/5901"}],"collection":[{"href":"https:\/\/archiwumnauki.pan.pl\/index.php?rest_route=\/wp\/v2\/pages"}],"about":[{"href":"https:\/\/archiwumnauki.pan.pl\/index.php?rest_route=\/wp\/v2\/types\/page"}],"author":[{"embeddable":true,"href":"https:\/\/archiwumnauki.pan.pl\/index.php?rest_route=\/wp\/v2\/users\/55"}],"replies":[{"embeddable":true,"href":"https:\/\/archiwumnauki.pan.pl\/index.php?rest_route=%2Fwp%2Fv2%2Fcomments&post=5901"}],"version-history":[{"count":1,"href":"https:\/\/archiwumnauki.pan.pl\/index.php?rest_route=\/wp\/v2\/pages\/5901\/revisions"}],"predecessor-version":[{"id":5902,"href":"https:\/\/archiwumnauki.pan.pl\/index.php?rest_route=\/wp\/v2\/pages\/5901\/revisions\/5902"}],"wp:attachment":[{"href":"https:\/\/archiwumnauki.pan.pl\/index.php?rest_route=%2Fwp%2Fv2%2Fmedia&parent=5901"}],"curies":[{"name":"wp","href":"https:\/\/api.w.org\/{rel}","templated":true}]}}