{"id":5879,"date":"2024-02-02T13:28:39","date_gmt":"2024-02-02T12:28:39","guid":{"rendered":"https:\/\/archiwumnauki.pan.pl\/?page_id=5879"},"modified":"2024-02-02T14:04:47","modified_gmt":"2024-02-02T13:04:47","slug":"archiwum-aktualnosci-2020","status":"publish","type":"page","link":"https:\/\/archiwumnauki.pan.pl\/?page_id=5879","title":{"rendered":"Archiwum aktualno\u015bci &#8211; 2020"},"content":{"rendered":"<table style=\"height: 697px; width: 100%;\">\n<tbody>\n<tr>\n<td style=\"width: 99.5649%;\"><strong>Rok 2020:<\/strong><\/td>\n<\/tr>\n<tr style=\"height: 24px;\">\n<td style=\"width: 99.5649%; height: 24px;\"><a href=\"https:\/\/archiwumnauki.pan.pl\/?p=2305\">Zmiana adresu e-mailowego Archiwum Nauki<\/a><strong><br \/>\n<\/strong><\/td>\n<\/tr>\n<tr style=\"height: 24px;\">\n<td style=\"width: 99.5649%; height: 24px;\"><a href=\"https:\/\/archiwumnauki.pan.pl\/?p=2753\">Kondolencje<\/a><\/td>\n<\/tr>\n<tr style=\"height: 24px;\">\n<td style=\"width: 99.5649%; height: 24px;\"><a href=\"https:\/\/archiwumnauki.pan.pl\/?p=2637\">\u017byczenia z okazji \u015awi\u0105t Bo\u017cego Narodzenia<\/a><\/td>\n<\/tr>\n<tr style=\"height: 24px;\">\n<td style=\"width: 99.5649%; height: 24px;\"><a href=\"https:\/\/archiwumnauki.pan.pl\/?p=2624\">Og\u0142oszenie o wyniku konkursu na stanowisko dyrektora Archiwum Nauki PAN i PAU<\/a><\/td>\n<\/tr>\n<tr style=\"height: 24px;\">\n<td style=\"width: 99.5649%; height: 24px;\"><a href=\"https:\/\/archiwumnauki.pan.pl\/?p=2673\">Przed\u0142u\u017cenie zamkni\u0119cia Pracowni Naukowej<\/a><\/td>\n<\/tr>\n<tr style=\"height: 24px;\">\n<td style=\"width: 99.5649%; height: 24px;\"><a href=\"https:\/\/archiwumnauki.pan.pl\/?p=2339\">Inwentarz Towarzystwa Naukowego Krakowskiego w ca\u0142o\u015bci online<\/a><\/td>\n<\/tr>\n<tr style=\"height: 24px;\">\n<td style=\"width: 99.5649%; height: 24px;\"><a href=\"https:\/\/archiwumnauki.pan.pl\/?p=2615\">Eskadrylla Niepodleg\u0142ej Rzeczypospolitej<\/a><\/td>\n<\/tr>\n<tr style=\"height: 24px;\">\n<td style=\"width: 99.5649%; height: 24px;\"><a href=\"https:\/\/archiwumnauki.pan.pl\/?p=2590\">Wirtualna wystawa &#8222;Islandia braci Goetl\u00f3w&#8221;<\/a><\/td>\n<\/tr>\n<tr style=\"height: 24px;\">\n<td style=\"width: 99.5649%; height: 24px;\"><a href=\"https:\/\/archiwumnauki.pan.pl\/?p=2607\">Zamkni\u0119cie Pracowni Naukowej<\/a><\/td>\n<\/tr>\n<tr style=\"height: 241px;\">\n<td style=\"width: 99.5649%; height: 241px;\"><a href=\"https:\/\/archiwumnauki.pan.pl\/?p=2637\"><img decoding=\"async\" loading=\"lazy\" class=\"size-medium wp-image-2636 alignleft\" src=\"https:\/\/archiwumnauki.pan.pl\/wp-content\/uploads\/2020\/12\/Zyczenia_Boze-Narodzenie_2020-300x225.jpg\" alt=\"\" width=\"300\" height=\"225\" srcset=\"https:\/\/archiwumnauki.pan.pl\/wp-content\/uploads\/2020\/12\/Zyczenia_Boze-Narodzenie_2020-300x225.jpg 300w, https:\/\/archiwumnauki.pan.pl\/wp-content\/uploads\/2020\/12\/Zyczenia_Boze-Narodzenie_2020-768x576.jpg 768w, https:\/\/archiwumnauki.pan.pl\/wp-content\/uploads\/2020\/12\/Zyczenia_Boze-Narodzenie_2020-360x270.jpg 360w, https:\/\/archiwumnauki.pan.pl\/wp-content\/uploads\/2020\/12\/Zyczenia_Boze-Narodzenie_2020.jpg 800w\" sizes=\"(max-width: 300px) 100vw, 300px\" \/>\u017byczenia z okazji \u015awi\u0105t Bo\u017cego Narodzenia<\/a><strong><br \/>\n<\/strong><\/td>\n<\/tr>\n<tr style=\"height: 24px;\">\n<td style=\"width: 99.5649%; height: 24px;\"><a href=\"https:\/\/archiwumnauki.pan.pl\/?p=2467\">Otwarcie Pracowni Naukowej<\/a><strong><br \/>\n<\/strong><\/td>\n<\/tr>\n<tr style=\"height: 24px;\">\n<td style=\"width: 99.5649%; height: 24px;\"><a href=\"https:\/\/archiwumnauki.pan.pl\/?p=2549\">Og\u0142oszenie o konkursie na stanowisko dyrektora Archiwum Nauki Polskiej Akademii Nauk i Polskiej Akademii Umiej\u0119tno\u015bci<\/a><strong><br \/>\n<\/strong><\/td>\n<\/tr>\n<tr style=\"height: 24px;\">\n<td style=\"width: 99.5649%; height: 24px;\"><a href=\"https:\/\/archiwumnauki.pan.pl\/?p=2528\">Wystawa &#8222;Na falach Nilu. Z podr\u00f3\u017cy Walerego Goetla do Afryki&#8221;<\/a><\/td>\n<\/tr>\n<tr style=\"height: 24px;\">\n<td style=\"width: 99.5649%; height: 24px;\"><a href=\"https:\/\/archiwumnauki.pan.pl\/?p=2539\">Zmar\u0142 profesor Adam Strza\u0142kowski<\/a><strong><br \/>\n<\/strong><\/td>\n<\/tr>\n<tr style=\"height: 24px;\">\n<td style=\"width: 99.5649%; height: 24px;\"><a href=\"https:\/\/archiwumnauki.pan.pl\/?p=2323\">Kontakt z Archiwum Nauki w okresie epidemii<\/a><\/td>\n<\/tr>\n<tr style=\"height: 24px;\">\n<td style=\"width: 99.5649%; height: 24px;\"><a href=\"https:\/\/archiwumnauki.pan.pl\/?p=2159\">Funkcjonowanie Pracowni Naukowej od lutego 2020<\/a><\/td>\n<\/tr>\n<tr style=\"height: 24px;\">\n<td style=\"width: 99.5649%; height: 24px;\"><a href=\"https:\/\/archiwumnauki.pan.pl\/?p=2486\">Zmar\u0142 profesor Stanis\u0142aw Grodziski<\/a><strong><br \/>\n<\/strong><\/td>\n<\/tr>\n<tr style=\"height: 24px;\">\n<td style=\"height: 24px; width: 99.5649%;\"><a href=\"https:\/\/archiwumnauki.pan.pl\/?p=2317\">Czasowe zamkni\u0119cie Pracowni Naukowej<\/a><\/td>\n<\/tr>\n<tr style=\"height: 24px;\">\n<td style=\"height: 24px; width: 99.5649%;\"><a href=\"https:\/\/archiwumnauki.pan.pl\/?p=2363\">Radosnych \u015awi\u0105t Wielkanocnych<\/a><strong><br \/>\n<\/strong><\/td>\n<\/tr>\n<\/tbody>\n<\/table>\n<p>&nbsp;<\/p>\n","protected":false},"excerpt":{"rendered":"<p>Rok 2020: Zmiana adresu e-mailowego Archiwum Nauki Kondolencje \u017byczenia z okazji \u015awi\u0105t Bo\u017cego Narodzenia Og\u0142oszenie o wyniku konkursu na stanowisko dyrektora Archiwum Nauki PAN i PAU Przed\u0142u\u017cenie zamkni\u0119cia Pracowni Naukowej Inwentarz Towarzystwa Naukowego Krakowskiego w ca\u0142o\u015bci online Eskadrylla Niepodleg\u0142ej Rzeczypospolitej Wirtualna wystawa &#8222;Islandia braci Goetl\u00f3w&#8221; Zamkni\u0119cie Pracowni Naukowej \u017byczenia z okazji \u015awi\u0105t Bo\u017cego Narodzenia Otwarcie &hellip; <\/p>\n<p class=\"read-more\"><a class=\"btn btn-default\" href=\"https:\/\/archiwumnauki.pan.pl\/?page_id=5879\"> Read More<span class=\"screen-reader-text\">  Read More<\/span><\/a><\/p>\n","protected":false},"author":55,"featured_media":0,"parent":0,"menu_order":0,"comment_status":"closed","ping_status":"closed","template":"","meta":[],"_links":{"self":[{"href":"https:\/\/archiwumnauki.pan.pl\/index.php?rest_route=\/wp\/v2\/pages\/5879"}],"collection":[{"href":"https:\/\/archiwumnauki.pan.pl\/index.php?rest_route=\/wp\/v2\/pages"}],"about":[{"href":"https:\/\/archiwumnauki.pan.pl\/index.php?rest_route=\/wp\/v2\/types\/page"}],"author":[{"embeddable":true,"href":"https:\/\/archiwumnauki.pan.pl\/index.php?rest_route=\/wp\/v2\/users\/55"}],"replies":[{"embeddable":true,"href":"https:\/\/archiwumnauki.pan.pl\/index.php?rest_route=%2Fwp%2Fv2%2Fcomments&post=5879"}],"version-history":[{"count":3,"href":"https:\/\/archiwumnauki.pan.pl\/index.php?rest_route=\/wp\/v2\/pages\/5879\/revisions"}],"predecessor-version":[{"id":5898,"href":"https:\/\/archiwumnauki.pan.pl\/index.php?rest_route=\/wp\/v2\/pages\/5879\/revisions\/5898"}],"wp:attachment":[{"href":"https:\/\/archiwumnauki.pan.pl\/index.php?rest_route=%2Fwp%2Fv2%2Fmedia&parent=5879"}],"curies":[{"name":"wp","href":"https:\/\/api.w.org\/{rel}","templated":true}]}}