{"id":5877,"date":"2024-02-02T13:27:42","date_gmt":"2024-02-02T12:27:42","guid":{"rendered":"https:\/\/archiwumnauki.pan.pl\/?page_id=5877"},"modified":"2024-02-02T14:05:16","modified_gmt":"2024-02-02T13:05:16","slug":"archiwum-aktualnosci-2019","status":"publish","type":"page","link":"https:\/\/archiwumnauki.pan.pl\/?page_id=5877","title":{"rendered":"Archiwum aktualno\u015bci &#8211; 2019"},"content":{"rendered":"<table style=\"height: 506px; width: 100%;\">\n<tbody>\n<tr style=\"height: 23px;\">\n<td style=\"width: 99.5649%; height: 23px;\"><strong>Rok 2019:<\/strong><\/td>\n<\/tr>\n<tr style=\"height: 24px;\">\n<td style=\"height: 24px; width: 99.5649%;\"><a href=\"https:\/\/archiwumnauki.pan.pl\/?p=2132\">Wernisa\u017c wystawy &#8222;Ex musicis &#8211; ekslibrisy muzyczne&#8221;<\/a><strong><br \/>\n<\/strong><\/td>\n<\/tr>\n<tr style=\"height: 24px;\">\n<td style=\"height: 24px; width: 99.5649%;\"><a href=\"https:\/\/archiwumnauki.pan.pl\/?p=2137\">Funkcjonowanie Pracowni Naukowej w okresie \u015bwi\u0105tecznym<\/a><\/td>\n<\/tr>\n<tr style=\"height: 24px;\">\n<td style=\"height: 24px; width: 99.5649%;\"><a href=\"https:\/\/archiwumnauki.pan.pl\/?p=2090&amp;preview=true\">Zamkni\u0119cie Pracowni Naukowej w dniu 11 grudnia<\/a><strong><br \/>\n<\/strong><\/td>\n<\/tr>\n<tr style=\"height: 24px;\">\n<td style=\"height: 27px; width: 99.5649%;\"><a href=\"https:\/\/archiwumnauki.pan.pl\/?p=2082\">Uczniowie ze Szko\u0142y Podstawowej w Zelczynie z wizyt\u0105 w Archiwum<\/a><\/td>\n<\/tr>\n<tr style=\"height: 24px;\">\n<td style=\"height: 29px; width: 99.5649%;\"><a href=\"https:\/\/archiwumnauki.pan.pl\/?p=2051\">Zwiedzanie wystawy o prof. W. Goetlu ze studentami historii UJ<\/a><\/td>\n<\/tr>\n<tr style=\"height: 24px;\">\n<td style=\"height: 29px; width: 99.5649%;\"><a href=\"https:\/\/archiwumnauki.pan.pl\/?p=2043\">Krakowscy liceali\u015bci z I LO im. B. Nowodworskiego w naszym Archiwum<\/a><\/td>\n<\/tr>\n<tr style=\"height: 24px;\">\n<td style=\"height: 28px; width: 99.5649%;\"><a href=\"https:\/\/archiwumnauki.pan.pl\/?p=1999\">Dyrektor Archiwum z wizyt\u0105 w Azji<\/a><\/td>\n<\/tr>\n<tr style=\"height: 24px;\">\n<td style=\"height: 29px; width: 99.5649%;\"><a href=\"https:\/\/archiwumnauki.pan.pl\/?p=1984\">Kolejna wizyta uczni\u00f3w z Zespo\u0142u Szk\u00f3\u0142 im. W. Goetla &#8211; 25.11.2019<\/a><\/td>\n<\/tr>\n<tr style=\"height: 24px;\">\n<td style=\"height: 28px; width: 99.5649%;\"><a href=\"https:\/\/archiwumnauki.pan.pl\/?p=1960\">Wizyta uczni\u00f3w z ZS<\/a><a href=\"https:\/\/archiwumnauki.pan.pl\/?p=1960\"> i<\/a><a href=\"https:\/\/archiwumnauki.pan.pl\/?p=1960\">m.<\/a><a href=\"https:\/\/archiwumnauki.pan.pl\/?p=1960\"> Walerego Goetla w Suchej Beskidzkiej<\/a><\/td>\n<\/tr>\n<tr style=\"height: 24px;\">\n<td style=\"height: 29px; width: 99.5649%;\"><a href=\"https:\/\/archiwumnauki.pan.pl\/?p=1931\">Funkcjonowanie Pracowni Naukowej w dniach 20, 21 i 22 listopada<\/a><\/td>\n<\/tr>\n<tr style=\"height: 48px;\">\n<td style=\"height: 10px; width: 99.5649%;\"><a href=\"https:\/\/archiwumnauki.pan.pl\/?p=1873\">Spotkanie dyrektor\u00f3w i archiwist\u00f3w zak\u0142adowych krakowskich Instytut\u00f3w Polskiej Akademii Nauk z przedstawicielami Archiwum Nauki<\/a><strong><br \/>\n<\/strong><\/td>\n<\/tr>\n<tr style=\"height: 24px;\">\n<td style=\"height: 31px; width: 99.5649%;\"><a href=\"https:\/\/archiwumnauki.pan.pl\/?p=1799\">Wernisa\u017c wystawy &#8222;Walery Goetel (1889 &#8211; 1972): Urodzi\u0142em si\u0119 jako jeden z tych, kt\u00f3rzy maj\u0105 ciekawo\u015b\u0107 \u015bwiata&#8230;&#8221;<\/a><strong><br \/>\n<\/strong><\/td>\n<\/tr>\n<tr style=\"height: 24px;\">\n<td style=\"height: 27px; width: 99.5649%;\"><a href=\"https:\/\/archiwumnauki.pan.pl\/?p=1719\">Relacja z konferencji \u201eSpu\u015bcizna w XXI wieku \u2013 problemy gromadzenia, opracowywania i udost\u0119pniania\u201d<\/a><strong><br \/>\n<\/strong><\/td>\n<\/tr>\n<tr style=\"height: 48px;\">\n<td style=\"height: 36px; width: 99.5649%;\"><a href=\"https:\/\/archiwumnauki.pan.pl\/?p=1700\">Zaproszenie: Wystawa &#8222;Walery Goetel (1889\u20131972): <em>Urodzi\u0142em si\u0119 jako jeden z tych, kt\u00f3rzy maj\u0105 ciekawo\u015b\u0107 \u015bwiata\u2026<\/em>&#8222;<\/a><\/td>\n<\/tr>\n<tr style=\"height: 24px;\">\n<td style=\"height: 31px; width: 99.5649%;\"><a href=\"https:\/\/archiwumnauki.pan.pl\/?p=1655\">Program konferencji: <em>Spu\u015bcizna w XXI wieku \u2013 problemy gromadzenia, opracowywania i udost\u0119pniania<\/em><\/a><\/td>\n<\/tr>\n<tr style=\"height: 24px;\">\n<td style=\"height: 26px; width: 99.5649%;\"><a href=\"https:\/\/archiwumnauki.pan.pl\/?p=1664\">Wizyta ambasadora Mongolii w naszym Archiwum<\/a><\/td>\n<\/tr>\n<tr style=\"height: 27px;\">\n<td style=\"width: 99.5649%; height: 27px;\"><a href=\"https:\/\/archiwumnauki.pan.pl\/?p=1637\">Dyrektor Archiwum Nauki PAN i PAU z wizyt\u0105 w Kanadzie.<\/a><\/td>\n<\/tr>\n<tr style=\"height: 24px;\">\n<td style=\"height: 24px; width: 99.5649%;\"><a href=\"https:\/\/archiwumnauki.pan.pl\/?p=1609\">Zostawi\u0107 po sobie \u015blad<\/a><\/td>\n<\/tr>\n<\/tbody>\n<\/table>\n<p>&nbsp;<\/p>\n","protected":false},"excerpt":{"rendered":"<p>Rok 2019: Wernisa\u017c wystawy &#8222;Ex musicis &#8211; ekslibrisy muzyczne&#8221; Funkcjonowanie Pracowni Naukowej w okresie \u015bwi\u0105tecznym Zamkni\u0119cie Pracowni Naukowej w dniu 11 grudnia Uczniowie ze Szko\u0142y Podstawowej w Zelczynie z wizyt\u0105 w Archiwum Zwiedzanie wystawy o prof. W. Goetlu ze studentami historii UJ Krakowscy liceali\u015bci z I LO im. B. Nowodworskiego w naszym Archiwum Dyrektor Archiwum &hellip; <\/p>\n<p class=\"read-more\"><a class=\"btn btn-default\" href=\"https:\/\/archiwumnauki.pan.pl\/?page_id=5877\"> Read More<span class=\"screen-reader-text\">  Read More<\/span><\/a><\/p>\n","protected":false},"author":55,"featured_media":0,"parent":0,"menu_order":0,"comment_status":"closed","ping_status":"closed","template":"","meta":[],"_links":{"self":[{"href":"https:\/\/archiwumnauki.pan.pl\/index.php?rest_route=\/wp\/v2\/pages\/5877"}],"collection":[{"href":"https:\/\/archiwumnauki.pan.pl\/index.php?rest_route=\/wp\/v2\/pages"}],"about":[{"href":"https:\/\/archiwumnauki.pan.pl\/index.php?rest_route=\/wp\/v2\/types\/page"}],"author":[{"embeddable":true,"href":"https:\/\/archiwumnauki.pan.pl\/index.php?rest_route=\/wp\/v2\/users\/55"}],"replies":[{"embeddable":true,"href":"https:\/\/archiwumnauki.pan.pl\/index.php?rest_route=%2Fwp%2Fv2%2Fcomments&post=5877"}],"version-history":[{"count":4,"href":"https:\/\/archiwumnauki.pan.pl\/index.php?rest_route=\/wp\/v2\/pages\/5877\/revisions"}],"predecessor-version":[{"id":5900,"href":"https:\/\/archiwumnauki.pan.pl\/index.php?rest_route=\/wp\/v2\/pages\/5877\/revisions\/5900"}],"wp:attachment":[{"href":"https:\/\/archiwumnauki.pan.pl\/index.php?rest_route=%2Fwp%2Fv2%2Fmedia&parent=5877"}],"curies":[{"name":"wp","href":"https:\/\/api.w.org\/{rel}","templated":true}]}}