{"id":5760,"date":"2023-12-21T18:36:14","date_gmt":"2023-12-21T17:36:14","guid":{"rendered":"https:\/\/archiwumnauki.pan.pl\/?page_id=5760"},"modified":"2023-12-21T18:36:14","modified_gmt":"2023-12-21T17:36:14","slug":"materialy-lecha-pakuly-ur-1930-sygn-k-iii-299","status":"publish","type":"page","link":"https:\/\/archiwumnauki.pan.pl\/?page_id=5760","title":{"rendered":"MATERIA\u0141Y LECHA PAKU\u0141Y (ur. 1930) \u2013 SYGN. K III-299"},"content":{"rendered":"<p style=\"text-align: justify;\"><strong>Lech Paku\u0142a\u00a0<\/strong>(ur. 1930) \u2013 geograf przemys\u0142u, profesor Akademii Pedagogicznej w Krakowie, cz\u0142onek PAN.<\/p>\n<p style=\"text-align: justify;\">Lech Paku\u0142a zwi\u0105zany by\u0142 w latach 1958\u20132001 z Wy\u017csz\u0105 Szko\u0142\u0105 Pedagogiczn\u0105 w Krakowie, nast\u0119pnie Akademi\u0105 Pedagogiczn\u0105 (obecnie Uniwersytet Komisji Edukacji Narodowej). Doktorat obroni\u0142 w 1963 r. (jego promotork\u0105 by\u0142a prof. Maria Dobrowolska, pierwsza kierownik Zak\u0142adu Geografii WSP). W okresie studi\u00f3w aktywny cz\u0142onek Akademickiego Zespo\u0142u Sportowego Krak\u00f3w (sekcja lekkoatletyczna).<\/p>\n<p style=\"text-align: justify;\">Prof. Paku\u0142a pe\u0142ni\u0142 na uczelni funkcje m.in. kierownika (od 1968) Katedry Spo\u0142eczno-Ekonomicznej (nast\u0119pnie od 1970 Zak\u0142ad Geografii Ekonomicznej) Instytutu Geografii (funkcj\u0119 t\u0119 przej\u0105\u0142 od swojej mistrzyni, prof. Dobrowolskiej, gdy ta przesz\u0142a na emerytur\u0119), zast\u0119pcy Dyrektora Instytutu (1970-1981), dziekana Wydzia\u0142u Geograficzno-Biologicznego (1990-1996). Specjalizowa\u0142 si\u0119 w geografii przemys\u0142u Polski Po\u0142udniowej.<\/p>\n<p style=\"text-align: justify;\">Cz\u0142onek Komitetu Nauk Geograficznych PAN i Komitetu Przestrzennego Zagospodarowania Kraju PAN.<\/p>\n<p style=\"text-align: justify;\">Archiwum osobiste Lecha Paku\u0142y stanowi ok. 0,51 mb. akt. Zawiera m.in.:<\/p>\n<ul style=\"text-align: justify;\">\n<li>prace tw\u00f3rcy spu\u015bcizny (prace naukowe &#8211; przede wszystkim teksty artyku\u0142\u00f3w, referat\u00f3w; teksty przem\u00f3wie\u0144 okoliczno\u015bciowych; materia\u0142y warsztatowe);<\/li>\n<li>materia\u0142y dzia\u0142alno\u015bci organizacyjno-naukowej (m.in. Wy\u017csza Szko\u0142a Pedagogiczna w Krakowie, nast\u0119pnie Akademia Pedagogiczna w Krakowie; Polska Akademia Nauk; Polskie Towarzystwo Geograficzne); materia\u0142y konferencji naukowych;<\/li>\n<li>materia\u0142y dzia\u0142alno\u015bci w AZS Krak\u00f3w i w Kole Senior\u00f3w AZS Krak\u00f3w;<\/li>\n<li>dokumentacja, zwi\u0105zana z dzia\u0142alno\u015bci\u0105 wydawnicz\u0105 i redakcyjn\u0105 (recenzje prac dla wydawnictw; umowy, korespondencja z wydawnictwami);<\/li>\n<li>materia\u0142y biograficzne (dokumentacja dot. przebiegu studi\u00f3w, pracy zawodowej, dyplomy; fotografie );<\/li>\n<li>korespondencja;<\/li>\n<li>materia\u0142y os\u00f3b obcych.<\/li>\n<\/ul>\n<p style=\"text-align: justify;\"><em>M. Pir\u00f3g<\/em><\/p>\n","protected":false},"excerpt":{"rendered":"<p>Lech Paku\u0142a\u00a0(ur. 1930) \u2013 geograf przemys\u0142u, profesor Akademii Pedagogicznej w Krakowie, cz\u0142onek PAN. Lech Paku\u0142a zwi\u0105zany by\u0142 w latach 1958\u20132001 z Wy\u017csz\u0105 Szko\u0142\u0105 Pedagogiczn\u0105 w Krakowie, nast\u0119pnie Akademi\u0105 Pedagogiczn\u0105 (obecnie Uniwersytet Komisji Edukacji Narodowej). Doktorat obroni\u0142 w 1963 r. (jego promotork\u0105 by\u0142a prof. Maria Dobrowolska, pierwsza kierownik Zak\u0142adu Geografii WSP). W okresie studi\u00f3w aktywny cz\u0142onek &hellip; <\/p>\n<p class=\"read-more\"><a class=\"btn btn-default\" href=\"https:\/\/archiwumnauki.pan.pl\/?page_id=5760\"> Read More<span class=\"screen-reader-text\">  Read More<\/span><\/a><\/p>\n","protected":false},"author":55,"featured_media":0,"parent":0,"menu_order":0,"comment_status":"closed","ping_status":"closed","template":"","meta":[],"_links":{"self":[{"href":"https:\/\/archiwumnauki.pan.pl\/index.php?rest_route=\/wp\/v2\/pages\/5760"}],"collection":[{"href":"https:\/\/archiwumnauki.pan.pl\/index.php?rest_route=\/wp\/v2\/pages"}],"about":[{"href":"https:\/\/archiwumnauki.pan.pl\/index.php?rest_route=\/wp\/v2\/types\/page"}],"author":[{"embeddable":true,"href":"https:\/\/archiwumnauki.pan.pl\/index.php?rest_route=\/wp\/v2\/users\/55"}],"replies":[{"embeddable":true,"href":"https:\/\/archiwumnauki.pan.pl\/index.php?rest_route=%2Fwp%2Fv2%2Fcomments&post=5760"}],"version-history":[{"count":1,"href":"https:\/\/archiwumnauki.pan.pl\/index.php?rest_route=\/wp\/v2\/pages\/5760\/revisions"}],"predecessor-version":[{"id":5761,"href":"https:\/\/archiwumnauki.pan.pl\/index.php?rest_route=\/wp\/v2\/pages\/5760\/revisions\/5761"}],"wp:attachment":[{"href":"https:\/\/archiwumnauki.pan.pl\/index.php?rest_route=%2Fwp%2Fv2%2Fmedia&parent=5760"}],"curies":[{"name":"wp","href":"https:\/\/api.w.org\/{rel}","templated":true}]}}