{"id":5757,"date":"2023-12-21T18:04:59","date_gmt":"2023-12-21T17:04:59","guid":{"rendered":"https:\/\/archiwumnauki.pan.pl\/?page_id=5757"},"modified":"2024-01-04T10:34:07","modified_gmt":"2024-01-04T09:34:07","slug":"materialy-stanislawa-grzybowskiego-1930-2022","status":"publish","type":"page","link":"https:\/\/archiwumnauki.pan.pl\/?page_id=5757","title":{"rendered":"Materia\u0142y Stanis\u0142awa Grzybowskiego (1930\u20132022)"},"content":{"rendered":"<p style=\"text-align: justify;\"><b>Stanis\u0142aw Grzybowski <\/b>(1930\u20132022) \u2013 historyk, specjalista od dziej\u00f3w Europy nowo\u017cytnej, profesor Akademii Pedagogicznej w Krakowie (obecnie Uniwersytet Komisji Edukacji Narodowej), cz\u0142onek PAN oraz wieloletni pracownik Instytutu Historii PAN.<\/p>\n<p style=\"text-align: justify;\">Urodzi\u0142 si\u0119 w rodzinie Konstantego, historyka prawa, i Krystyny z Estreicher\u00f3w. Dzieci\u0144stwo jego naznaczone by\u0142o przez wojn\u0119 i okupacj\u0119 \u2013 dla rodziny szczeg\u00f3lnie tragiczn\u0105 by\u0142a \u015bmier\u0107 dziadka, Stanis\u0142awa Estreichera, zmar\u0142ego w obozie koncentracyjnym po aresztowaniu w ramach <em>Sonderaktion Krakau<\/em>.<\/p>\n<p style=\"text-align: justify;\">Ucze\u0144 Gimnazjum im. Jana Sobieskiego, w 1950 zosta\u0142 aresztowany przez UB w zwi\u0105zku z dzia\u0142alno\u015bci\u0105 antykomunistycznej organizacji, za\u0142o\u017conej przez jego szkolnych koleg\u00f3w (Marka Kubli\u0144skiego i Bohdana R\u00f3\u017cyckiego). Po kilku miesi\u0105cach zwolniony, kontynuowa\u0142 studia historii na UJ, kt\u00f3re uko\u0144czy\u0142 w roku 1954. Ze wzgl\u0119du na wcze\u015bniejsze \u015bledztwo i aresztowanie odrzucono jego wniosek o aspirantur\u0119 na Uniwersytecie. W 1955 r. przyj\u0119ty zosta\u0142 do Instytutu Historii PAN w Warszawie, pracowa\u0142 w krakowskim Zak\u0142adzie Dokumentacji IH PAN oraz w Komisji Odrodzenia i Reformacji PAN. Doktoryzowa\u0142 si\u0119 w 1962, a habilitacj\u0119 uzyska\u0142 w 1969 r. Od 1973 docent IH PAN.<\/p>\n<p style=\"text-align: justify;\">W 1978 r. zwi\u0105za\u0142 si\u0119 z Wy\u017csz\u0105 Szko\u0142\u0105 Pedagogiczn\u0105 w Krakowie (p\u00f3\u017aniejsza Akademia Pedagogiczna, obecnie Uniwersytet Komisji Edukacji Narodowej), gdzie pracowa\u0142 do emerytury. By\u0142 dyrektorem Instytutu Historii oraz kierowa\u0142 Zak\u0142adem (Katedr\u0105) Historii Nowo\u017cytnej. Profesor nadzwyczajny od 1982 r., w 1992 otrzyma\u0142 nominacj\u0119 na profesora zwyczajnego. By\u0142 cz\u0142onkiem kilku towarzystw naukowych, m.in. Polskiego Towarzystwa Historycznego. Opr\u00f3cz pracy naukowej zajmowa\u0142 si\u0119 Grzybowski tw\u00f3rczo\u015bci\u0105 poetyck\u0105.<\/p>\n<p style=\"text-align: justify;\"><strong>Archiwum osobiste Stanis\u0142awa Grzybowskiego<\/strong> to oko\u0142o 0,82 mb. akt. Wyr\u00f3\u017cni\u0107 nale\u017cy w nim materia\u0142y cz\u0142onk\u00f3w rodziny, kt\u00f3re zawieraj\u0105 archiwum \u017cony tw\u00f3rcy spu\u015bcizny, <strong>Jadwigi z Lehr\u00f3w Grzybowskiej<\/strong>, starszej kustosz dyplomowanej i wieloletniej pracowniczki Biblioteki Jagiello\u0144skiej. Ca\u0142a spu\u015bcizna Grzybowskiego zawiera m.in.:<\/p>\n<ul style=\"text-align: justify;\">\n<li>prace tw\u00f3rcy spu\u015bcizny, w tym przede wszystkim maszynopisy artyku\u0142\u00f3w naukowych; makieta wydawnicza pracy &#8222;Dzia\u0142alno\u015b\u0107 naukowa Stanis\u0142awa Kostki Potockiego&#8221;; biogramy dla PSB; referaty na konferencje naukowe;<\/li>\n<li>materia\u0142y warsztatowe (w tym wypisy \u017ar\u00f3d\u0142owe i z literatury, notatki; odpisy dokument\u00f3w na potrzeby wydawnictw \u017ar\u00f3d\u0142owych);<\/li>\n<li>materia\u0142y dzia\u0142alno\u015bci organizacyjno-naukowej (m.in. Polska Akademia Nauk, Wy\u017csza Szko\u0142a Pedagogiczna \/ Akademia Pedagogiczna w Krakowie);<\/li>\n<li>materia\u0142y dzia\u0142alno\u015bci wydawniczej (recenzje wydawnicze, umowy, korespondencja z wydawnictwami i redakcjami czasopism);<\/li>\n<li>recenzje i opinie o pracach naukowych i dorobku naukowym;<\/li>\n<li>materia\u0142y biograficzne (w tym dokumentacja studi\u00f3w i przebiegu pracy zawodowej, certyfikaty, dyplomy, nagrody; portrety S. Grzybowskiego i cz\u0142onk\u00f3w rodziny; fotografie z podr\u00f3\u017cy, kolekcje bilet\u00f3w);<\/li>\n<li>korespondencja wp\u0142ywaj\u0105ca i wychodz\u0105ca;<\/li>\n<li>materia\u0142y o tw\u00f3rcy spu\u015bcizny (recenzje prac, wycinki prasowe dotycz\u0105ce S. Grzybowskiego);<\/li>\n<li>materia\u0142y rodzinne &#8211; archiwum Jadwigi z Lehr\u00f3w Grzybowskiej, \u017cony tw\u00f3rcy spu\u015bcizny (prace J. Grzybowskiej, materia\u0142y warsztatowe, materia\u0142y dzia\u0142alno\u015bci naukowej, zawodowej, wydawniczej, materia\u0142y biograficzne, korespondencja).<\/li>\n<li>materia\u0142y os\u00f3b obcych (przede wszystkim teksty prac recenzowanych).<\/li>\n<\/ul>\n<p style=\"text-align: justify;\"><em>M. Pir\u00f3g<\/em><\/p>\n","protected":false},"excerpt":{"rendered":"<p>Stanis\u0142aw Grzybowski (1930\u20132022) \u2013 historyk, specjalista od dziej\u00f3w Europy nowo\u017cytnej, profesor Akademii Pedagogicznej w Krakowie (obecnie Uniwersytet Komisji Edukacji Narodowej), cz\u0142onek PAN oraz wieloletni pracownik Instytutu Historii PAN. Urodzi\u0142 si\u0119 w rodzinie Konstantego, historyka prawa, i Krystyny z Estreicher\u00f3w. Dzieci\u0144stwo jego naznaczone by\u0142o przez wojn\u0119 i okupacj\u0119 \u2013 dla rodziny szczeg\u00f3lnie tragiczn\u0105 by\u0142a \u015bmier\u0107 dziadka, &hellip; <\/p>\n<p class=\"read-more\"><a class=\"btn btn-default\" href=\"https:\/\/archiwumnauki.pan.pl\/?page_id=5757\"> Read More<span class=\"screen-reader-text\">  Read More<\/span><\/a><\/p>\n","protected":false},"author":55,"featured_media":0,"parent":0,"menu_order":0,"comment_status":"closed","ping_status":"closed","template":"","meta":[],"_links":{"self":[{"href":"https:\/\/archiwumnauki.pan.pl\/index.php?rest_route=\/wp\/v2\/pages\/5757"}],"collection":[{"href":"https:\/\/archiwumnauki.pan.pl\/index.php?rest_route=\/wp\/v2\/pages"}],"about":[{"href":"https:\/\/archiwumnauki.pan.pl\/index.php?rest_route=\/wp\/v2\/types\/page"}],"author":[{"embeddable":true,"href":"https:\/\/archiwumnauki.pan.pl\/index.php?rest_route=\/wp\/v2\/users\/55"}],"replies":[{"embeddable":true,"href":"https:\/\/archiwumnauki.pan.pl\/index.php?rest_route=%2Fwp%2Fv2%2Fcomments&post=5757"}],"version-history":[{"count":2,"href":"https:\/\/archiwumnauki.pan.pl\/index.php?rest_route=\/wp\/v2\/pages\/5757\/revisions"}],"predecessor-version":[{"id":5772,"href":"https:\/\/archiwumnauki.pan.pl\/index.php?rest_route=\/wp\/v2\/pages\/5757\/revisions\/5772"}],"wp:attachment":[{"href":"https:\/\/archiwumnauki.pan.pl\/index.php?rest_route=%2Fwp%2Fv2%2Fmedia&parent=5757"}],"curies":[{"name":"wp","href":"https:\/\/api.w.org\/{rel}","templated":true}]}}