{"id":4992,"date":"2023-04-03T16:07:30","date_gmt":"2023-04-03T14:07:30","guid":{"rendered":"https:\/\/archiwumnauki.pan.pl\/?page_id=4992"},"modified":"2023-04-03T16:23:27","modified_gmt":"2023-04-03T14:23:27","slug":"materialy-franciszka-biedy-1896-1982-sygn-k-iii-243","status":"publish","type":"page","link":"https:\/\/archiwumnauki.pan.pl\/?page_id=4992","title":{"rendered":"Materia\u0142y Franciszka Biedy (1896\u20131982) \u2013 sygn. K III\u2013 243"},"content":{"rendered":"<p style=\"text-align: justify;\"><strong>Franciszek Bieda (1896\u20131982)<\/strong>, paleontologia, geologia. Prof. UJ, AGH, Wy\u017cszej Szko\u0142y Pedagogicznej w Krakowie, przewodnicz\u0105cy i cz\u0142onek Komisji Polskiego Towarzystwa Geologicznego.<\/p>\n<ul>\n<li style=\"text-align: justify;\">Prace, artyku\u0142y, wyk\u0142ady, obszerne materia\u0142y warsztatowe z lat 1933 \u2013 1967 w tym spostrze\u017cenia i inne materia\u0142y z bada\u0144 terenowych, g\u0142\u00f3wnie dotycz\u0105ce okaz\u00f3w numulitowych w p\u0142d. Polsce, Czechos\u0142owacji (Karpaty); notatki ze zbior\u00f3w zagranicznych m. in. de la Harpea w Lozannie, H. Douville\u2019a \u00c9cole des Mines w Pary\u017cu (1930 r.); notatki bibliograficzne, wypisy z literatury usystematyzowane przez F.B. w grupach rzeczowych wg r\u00f3\u017cnych kryteri\u00f3w, w tym wg dyscyplin naukowych np. geologia, stratygrafia, paleontologia.<\/li>\n<li style=\"text-align: justify;\">Obszerna grupa recenzji, orzecze\u0144 geologicznych i opinii o pracach dr, habilitacyjnych, o nadanie tytu\u0142u profesora.<\/li>\n<li style=\"text-align: justify;\">Notatki z lektury filozoficznej, literatury pi\u0119knej, podr\u00f3\u017cniczej.<\/li>\n<li style=\"text-align: justify;\">Materia\u0142y dzia\u0142alno\u015bci jako kierownika Zak\u0142adu Paleontologii UJ (z lat 1938, 1950 \u2013 1954) i Katedry Paleontologii Wydzia\u0142u Geologiczno-Poszukiwawczego AGH oraz dzia\u0142alno\u015bci dydaktycznej: wykazy student\u00f3w, karty egzaminacyjne, wypracowania itp.<\/li>\n<li style=\"text-align: justify;\">Fragment materia\u0142\u00f3w dzia\u0142alno\u015bci wydawniczej jako redaktora Rocznika PTG.<\/li>\n<li style=\"text-align: justify;\">Korespondencja z lat 1927\u20131978.<\/li>\n<li style=\"text-align: justify;\">Materia\u0142y biograficzne: \u017cyciorys i zestawienia bibliograficzne, metryki, \u015bwiadectwa szkolne i uniwersyteckie, nominacje, awanse, nagrody, legitymacje. Pami\u0119tnik (diariusz) z lat 1913 \u2013 1923, z okresu 30 IX 1914 \u2013 14 XI 1915 pisany na bie\u017c\u0105co w okresie pe\u0142nienia s\u0142u\u017cby frontowej, dziennik z okresu 10 I \u2013 1 V 1940. Fragment materia\u0142\u00f3w zwi\u0105zanych z przynale\u017cno\u015bci\u0105 do Zwi\u0105zku Legionist\u00f3w Polskich z lat 1938, 1973-79. Materia\u0142y finansowe oraz akta s\u0105dowe dot. spadku.<\/li>\n<li style=\"text-align: justify;\">Fotografie rodzinne, z r\u00f3\u017cnych uroczysto\u015bci, krajobrazowe oraz album oprawny w sk\u00f3r\u0119 z widok\u00f3wkami.<\/li>\n<li style=\"text-align: justify;\">Materia\u0142y rodzinne: dokumenty i korespondencja \u017cony J\u00f3zefy z lat 1920 \u2013 1979.\n<div class=\"entry-content\">\n<p><span style=\"font-size: 10pt;\">\u0179r\u00f3d\u0142o:\u00a0<em>Przewodnik po zasobie Archiwum PAN<\/em>, praca zbiorowa pod kier. H. Krajewska, A. Kulecka, Warszawa 1999.<\/span><\/p>\n<\/div>\n<\/li>\n<\/ul>\n","protected":false},"excerpt":{"rendered":"<p>Franciszek Bieda (1896\u20131982), paleontologia, geologia. Prof. UJ, AGH, Wy\u017cszej Szko\u0142y Pedagogicznej w Krakowie, przewodnicz\u0105cy i cz\u0142onek Komisji Polskiego Towarzystwa Geologicznego. Prace, artyku\u0142y, wyk\u0142ady, obszerne materia\u0142y warsztatowe z lat 1933 \u2013 1967 w tym spostrze\u017cenia i inne materia\u0142y z bada\u0144 terenowych, g\u0142\u00f3wnie dotycz\u0105ce okaz\u00f3w numulitowych w p\u0142d. Polsce, Czechos\u0142owacji (Karpaty); notatki ze zbior\u00f3w zagranicznych m. in. &hellip; <\/p>\n<p class=\"read-more\"><a class=\"btn btn-default\" href=\"https:\/\/archiwumnauki.pan.pl\/?page_id=4992\"> Read More<span class=\"screen-reader-text\">  Read More<\/span><\/a><\/p>\n","protected":false},"author":55,"featured_media":0,"parent":0,"menu_order":0,"comment_status":"closed","ping_status":"closed","template":"","meta":[],"_links":{"self":[{"href":"https:\/\/archiwumnauki.pan.pl\/index.php?rest_route=\/wp\/v2\/pages\/4992"}],"collection":[{"href":"https:\/\/archiwumnauki.pan.pl\/index.php?rest_route=\/wp\/v2\/pages"}],"about":[{"href":"https:\/\/archiwumnauki.pan.pl\/index.php?rest_route=\/wp\/v2\/types\/page"}],"author":[{"embeddable":true,"href":"https:\/\/archiwumnauki.pan.pl\/index.php?rest_route=\/wp\/v2\/users\/55"}],"replies":[{"embeddable":true,"href":"https:\/\/archiwumnauki.pan.pl\/index.php?rest_route=%2Fwp%2Fv2%2Fcomments&post=4992"}],"version-history":[{"count":4,"href":"https:\/\/archiwumnauki.pan.pl\/index.php?rest_route=\/wp\/v2\/pages\/4992\/revisions"}],"predecessor-version":[{"id":4997,"href":"https:\/\/archiwumnauki.pan.pl\/index.php?rest_route=\/wp\/v2\/pages\/4992\/revisions\/4997"}],"wp:attachment":[{"href":"https:\/\/archiwumnauki.pan.pl\/index.php?rest_route=%2Fwp%2Fv2%2Fmedia&parent=4992"}],"curies":[{"name":"wp","href":"https:\/\/api.w.org\/{rel}","templated":true}]}}