{"id":4987,"date":"2023-04-03T15:33:02","date_gmt":"2023-04-03T13:33:02","guid":{"rendered":"https:\/\/archiwumnauki.pan.pl\/?page_id=4987"},"modified":"2023-04-03T15:33:02","modified_gmt":"2023-04-03T13:33:02","slug":"materialy-wojciecha-m-bartla-1923-1992-sygn-k-iii-181","status":"publish","type":"page","link":"https:\/\/archiwumnauki.pan.pl\/?page_id=4987","title":{"rendered":"Materia\u0142y Wojciecha M. Bartla (1923\u20131992) \u2013 sygn. K III\u2013181"},"content":{"rendered":"<p style=\"text-align: justify;\"><strong>Wojciech M. Bartel<\/strong> \u2013 historyk prawa, prof. UJ i Papieskiej Akademii Teologicznej, cz\u0142onek PAU.<\/p>\n<p style=\"text-align: justify;\">Spu\u015bcizna zawiera m.in.<\/p>\n<ul style=\"text-align: justify;\">\n<li>prace W. M. Bartla, w tym artyku\u0142y w\u0142asne, konspekty wyk\u0142ad\u00f3w, teksty referat\u00f3w, materia\u0142y warsztatowe (wypisy \u017ar\u00f3d\u0142owe i notatki, materia\u0142y \u017ar\u00f3d\u0142owe, wycinki prasowe),<\/li>\n<li>materia\u0142y dzia\u0142alno\u015bci wydawniczej (korespondencja),<\/li>\n<li>materia\u0142y dzia\u0142alno\u015bci organizacyjno-naukowej oraz dydaktycznej na Uniwersytecie Jagiello\u0144skim i Papieskiej Akademii Teologicznej, w tym dokumentacja dot. reformy programu nauczania UJ, dot. mi\u0119dzynarodowej wsp\u00f3\u0142pracy naukowej, udzia\u0142u w mi\u0119dzynarodowych konferencjach naukowych, dokumentacja wyjazd\u00f3w zagranicznych, recenzja prac dyplomowych, korespondencja ws. dydaktycznych i naukowych,<\/li>\n<li>materia\u0142y dzia\u0142alno\u015bci organizacyjno-naukowej i spo\u0142ecznej, m.in. w Polskim Towarzystwie Historycznym, Towarzystwie Naukowym Instytutu Katolickiego, Spo\u0142ecznym Komitecie Ochrony Zabytk\u00f3w Krakowa, Towarzystwie Mi\u0142o\u015bnik\u00f3w Historii i Zabytk\u00f3w Krakowa, Polskim Towarzystwie Teologicznym, Polskim Uniwesytecie na Obczy\u017anie PUNO,<\/li>\n<li>materia\u0142y biograficzne (dokumenty z okresu studi\u00f3w i s\u0142u\u017cby wojskowej, dyplomy i za\u015bwiadczenia, indeks akademicki, pami\u0119tniki, materia\u0142y dot. habilitacji i uzyskania profesury, fotografie<\/li>\n<li>korespondencja wychodz\u0105ca i wp\u0142ywaj\u0105ca.<\/li>\n<\/ul>\n<p style=\"text-align: justify;\">Spu\u015bcizna liczy 10,60 mb. akt. Pomoc\u0105 ewidencyjn\u0105 s\u0105 spisy jednostek.<\/p>\n<p><em>MP.\u00a0<\/em><\/p>\n<p style=\"text-align: justify;\">\n","protected":false},"excerpt":{"rendered":"<p>Wojciech M. Bartel \u2013 historyk prawa, prof. UJ i Papieskiej Akademii Teologicznej, cz\u0142onek PAU. Spu\u015bcizna zawiera m.in. prace W. M. Bartla, w tym artyku\u0142y w\u0142asne, konspekty wyk\u0142ad\u00f3w, teksty referat\u00f3w, materia\u0142y warsztatowe (wypisy \u017ar\u00f3d\u0142owe i notatki, materia\u0142y \u017ar\u00f3d\u0142owe, wycinki prasowe), materia\u0142y dzia\u0142alno\u015bci wydawniczej (korespondencja), materia\u0142y dzia\u0142alno\u015bci organizacyjno-naukowej oraz dydaktycznej na Uniwersytecie Jagiello\u0144skim i Papieskiej Akademii Teologicznej, &hellip; <\/p>\n<p class=\"read-more\"><a class=\"btn btn-default\" href=\"https:\/\/archiwumnauki.pan.pl\/?page_id=4987\"> Read More<span class=\"screen-reader-text\">  Read More<\/span><\/a><\/p>\n","protected":false},"author":55,"featured_media":0,"parent":0,"menu_order":0,"comment_status":"closed","ping_status":"closed","template":"","meta":[],"_links":{"self":[{"href":"https:\/\/archiwumnauki.pan.pl\/index.php?rest_route=\/wp\/v2\/pages\/4987"}],"collection":[{"href":"https:\/\/archiwumnauki.pan.pl\/index.php?rest_route=\/wp\/v2\/pages"}],"about":[{"href":"https:\/\/archiwumnauki.pan.pl\/index.php?rest_route=\/wp\/v2\/types\/page"}],"author":[{"embeddable":true,"href":"https:\/\/archiwumnauki.pan.pl\/index.php?rest_route=\/wp\/v2\/users\/55"}],"replies":[{"embeddable":true,"href":"https:\/\/archiwumnauki.pan.pl\/index.php?rest_route=%2Fwp%2Fv2%2Fcomments&post=4987"}],"version-history":[{"count":1,"href":"https:\/\/archiwumnauki.pan.pl\/index.php?rest_route=\/wp\/v2\/pages\/4987\/revisions"}],"predecessor-version":[{"id":4988,"href":"https:\/\/archiwumnauki.pan.pl\/index.php?rest_route=\/wp\/v2\/pages\/4987\/revisions\/4988"}],"wp:attachment":[{"href":"https:\/\/archiwumnauki.pan.pl\/index.php?rest_route=%2Fwp%2Fv2%2Fmedia&parent=4987"}],"curies":[{"name":"wp","href":"https:\/\/api.w.org\/{rel}","templated":true}]}}