{"id":4979,"date":"2023-04-03T14:27:38","date_gmt":"2023-04-03T12:27:38","guid":{"rendered":"https:\/\/archiwumnauki.pan.pl\/?page_id=4979"},"modified":"2023-04-03T14:28:36","modified_gmt":"2023-04-03T12:28:36","slug":"materialy-andrzeja-battaglii-1907-1973-sygn-k-iii-85","status":"publish","type":"page","link":"https:\/\/archiwumnauki.pan.pl\/?page_id=4979","title":{"rendered":"Materia\u0142y Andrzeja Battaglii (1907\u20131973) \u2013 sygn. K III\u201385"},"content":{"rendered":"<p style=\"text-align: justify;\"><strong>Andrzej Battaglia (1907\u20131973)<\/strong>, in\u017cynier g\u00f3rnictwa. Prof. AGH w Krakowie, cz\u0142onek NOT-u.<\/p>\n<ul style=\"text-align: justify;\">\n<li>\u00a0Materia\u0142y dzia\u0142alno\u015bci naukowo-wynalazczej m. in. \u015bwiadectwa autorskie o dokonanym wynalazku.<\/li>\n<li>Materia\u0142y biograficzne: m. in. metryka urodzenia, \u017cyciorys, legitymacje, notatki z podr\u00f3\u017cy do Indii (1960), albumy z fotografiami (m. in. z okresu II wojny \u015bwiatowej).<\/li>\n<li>Fragment korespondencji z lat 1952\u20131973.<\/li>\n<li>Materia\u0142y rodzinne: fragment materia\u0142\u00f3w biograficznych i korespondencji \u017cony Zofii z Hoyer\u00f3w Battaglii, babki Olgi Battaglii, pradziada Karola J\u00f3zefa Battaglii, wuja Karola Tomasza Battaglii i ojca Rogera.<\/li>\n<\/ul>\n<p style=\"text-align: justify;\"><em>Piotr Milczanowski<br \/>\n<\/em><span style=\"font-size: 10pt;\">\u0179r\u00f3d\u0142o: <\/span><em><span style=\"font-size: 10pt;\">Przewodnik po zasobie Archiwum PAN,<\/span><\/em><span style=\"font-size: 10pt;\"> praca zbiorowa pod kier. H. Krajewska, A. Kulecka, Warszawa 1999.<\/span><\/p>\n","protected":false},"excerpt":{"rendered":"<p>Andrzej Battaglia (1907\u20131973), in\u017cynier g\u00f3rnictwa. Prof. AGH w Krakowie, cz\u0142onek NOT-u. \u00a0Materia\u0142y dzia\u0142alno\u015bci naukowo-wynalazczej m. in. \u015bwiadectwa autorskie o dokonanym wynalazku. Materia\u0142y biograficzne: m. in. metryka urodzenia, \u017cyciorys, legitymacje, notatki z podr\u00f3\u017cy do Indii (1960), albumy z fotografiami (m. in. z okresu II wojny \u015bwiatowej). Fragment korespondencji z lat 1952\u20131973. Materia\u0142y rodzinne: fragment materia\u0142\u00f3w biograficznych &hellip; <\/p>\n<p class=\"read-more\"><a class=\"btn btn-default\" href=\"https:\/\/archiwumnauki.pan.pl\/?page_id=4979\"> Read More<span class=\"screen-reader-text\">  Read More<\/span><\/a><\/p>\n","protected":false},"author":55,"featured_media":0,"parent":0,"menu_order":0,"comment_status":"closed","ping_status":"closed","template":"","meta":[],"_links":{"self":[{"href":"https:\/\/archiwumnauki.pan.pl\/index.php?rest_route=\/wp\/v2\/pages\/4979"}],"collection":[{"href":"https:\/\/archiwumnauki.pan.pl\/index.php?rest_route=\/wp\/v2\/pages"}],"about":[{"href":"https:\/\/archiwumnauki.pan.pl\/index.php?rest_route=\/wp\/v2\/types\/page"}],"author":[{"embeddable":true,"href":"https:\/\/archiwumnauki.pan.pl\/index.php?rest_route=\/wp\/v2\/users\/55"}],"replies":[{"embeddable":true,"href":"https:\/\/archiwumnauki.pan.pl\/index.php?rest_route=%2Fwp%2Fv2%2Fcomments&post=4979"}],"version-history":[{"count":1,"href":"https:\/\/archiwumnauki.pan.pl\/index.php?rest_route=\/wp\/v2\/pages\/4979\/revisions"}],"predecessor-version":[{"id":4980,"href":"https:\/\/archiwumnauki.pan.pl\/index.php?rest_route=\/wp\/v2\/pages\/4979\/revisions\/4980"}],"wp:attachment":[{"href":"https:\/\/archiwumnauki.pan.pl\/index.php?rest_route=%2Fwp%2Fv2%2Fmedia&parent=4979"}],"curies":[{"name":"wp","href":"https:\/\/api.w.org\/{rel}","templated":true}]}}