{"id":4977,"date":"2023-04-03T14:24:22","date_gmt":"2023-04-03T12:24:22","guid":{"rendered":"https:\/\/archiwumnauki.pan.pl\/?page_id=4977"},"modified":"2023-04-03T14:27:50","modified_gmt":"2023-04-03T12:27:50","slug":"materialy-maurycego-anhalta-1902-1948-sygn-k-iii-87","status":"publish","type":"page","link":"https:\/\/archiwumnauki.pan.pl\/?page_id=4977","title":{"rendered":"Materia\u0142y Maurycego Anhalta (1902\u20131948) \u2013 sygn. K III\u201387"},"content":{"rendered":"<p style=\"text-align: justify;\"><strong>Maurycy Anhalt\u00a0 <\/strong>(1902\u20131948), ekonomia. Adwokat, kierownik Wy\u017cszej Szko\u0142y Partyjnej PPS w Krakowie.<\/p>\n<ul style=\"text-align: justify;\">\n<li>Prace i artyku\u0142y powsta\u0142e w latach 1940-1948: <em>Ekonomia polityczna, \u0179r\u00f3d\u0142o post\u0119pu<\/em> <em>technicznego w kapitalizmie, Granice kapitalistycznej techniki wytwarzania i kapita\u0142<\/em> (cz\u0119\u015bciowo drukowane), <em>Sto lat Manifestu Komunistycznego<\/em>, fragment t\u0142umaczenia II tomu <em>Kapita\u0142u<\/em> K. Marksa.<\/li>\n<li>Materia\u0142y warsztatowe, wyk\u0142ady, korespondencja urz\u0119dowa i prywatna, m. in. listy i pisma podpisane przez H. Jab\u0142o\u0144skiego i O. Langego.<\/li>\n<li>Materia\u0142y dotycz\u0105ce wsp\u00f3\u0142pracy z CKW PPS, WK PPS w Krakowie, Sp\u00f3\u0142dzielni Wydawniczej \u201cKsi\u0105\u017cka\u201d, Sp\u00f3\u0142dzielni Wydawniczej \u201cWiedza\u201d, redakcji \u201cPrzegl\u0105du Socjalistycznego\u201d. Zestawienie artyku\u0142\u00f3w prasowych A. oraz recenzji prac A.<\/li>\n<\/ul>\n<p style=\"text-align: justify;\"><em>S.Ch<\/em>.<br \/>\n<span style=\"font-size: 10pt;\">\u0179r\u00f3d\u0142o: <em>Przewodnik po zasobie Archiwum PAN<\/em>, praca zbiorowa pod kier. H. Krajewska, A. Kulecka, Warszawa 1999.<\/span><\/p>\n","protected":false},"excerpt":{"rendered":"<p>Maurycy Anhalt\u00a0 (1902\u20131948), ekonomia. Adwokat, kierownik Wy\u017cszej Szko\u0142y Partyjnej PPS w Krakowie. Prace i artyku\u0142y powsta\u0142e w latach 1940-1948: Ekonomia polityczna, \u0179r\u00f3d\u0142o post\u0119pu technicznego w kapitalizmie, Granice kapitalistycznej techniki wytwarzania i kapita\u0142 (cz\u0119\u015bciowo drukowane), Sto lat Manifestu Komunistycznego, fragment t\u0142umaczenia II tomu Kapita\u0142u K. Marksa. Materia\u0142y warsztatowe, wyk\u0142ady, korespondencja urz\u0119dowa i prywatna, m. in. listy &hellip; <\/p>\n<p class=\"read-more\"><a class=\"btn btn-default\" href=\"https:\/\/archiwumnauki.pan.pl\/?page_id=4977\"> Read More<span class=\"screen-reader-text\">  Read More<\/span><\/a><\/p>\n","protected":false},"author":55,"featured_media":0,"parent":0,"menu_order":0,"comment_status":"closed","ping_status":"closed","template":"","meta":[],"_links":{"self":[{"href":"https:\/\/archiwumnauki.pan.pl\/index.php?rest_route=\/wp\/v2\/pages\/4977"}],"collection":[{"href":"https:\/\/archiwumnauki.pan.pl\/index.php?rest_route=\/wp\/v2\/pages"}],"about":[{"href":"https:\/\/archiwumnauki.pan.pl\/index.php?rest_route=\/wp\/v2\/types\/page"}],"author":[{"embeddable":true,"href":"https:\/\/archiwumnauki.pan.pl\/index.php?rest_route=\/wp\/v2\/users\/55"}],"replies":[{"embeddable":true,"href":"https:\/\/archiwumnauki.pan.pl\/index.php?rest_route=%2Fwp%2Fv2%2Fcomments&post=4977"}],"version-history":[{"count":3,"href":"https:\/\/archiwumnauki.pan.pl\/index.php?rest_route=\/wp\/v2\/pages\/4977\/revisions"}],"predecessor-version":[{"id":4982,"href":"https:\/\/archiwumnauki.pan.pl\/index.php?rest_route=\/wp\/v2\/pages\/4977\/revisions\/4982"}],"wp:attachment":[{"href":"https:\/\/archiwumnauki.pan.pl\/index.php?rest_route=%2Fwp%2Fv2%2Fmedia&parent=4977"}],"curies":[{"name":"wp","href":"https:\/\/api.w.org\/{rel}","templated":true}]}}