{"id":4974,"date":"2023-04-03T14:21:58","date_gmt":"2023-04-03T12:21:58","guid":{"rendered":"https:\/\/archiwumnauki.pan.pl\/?page_id=4974"},"modified":"2023-04-03T14:21:58","modified_gmt":"2023-04-03T12:21:58","slug":"materialy-juliana-aleksandrowicza-1908-1988-sygn-k-iii-104","status":"publish","type":"page","link":"https:\/\/archiwumnauki.pan.pl\/?page_id=4974","title":{"rendered":"Materia\u0142y Juliana Aleksandrowicza (1908\u20131988) \u2013 sygn. K III\u2013104"},"content":{"rendered":"<p style=\"text-align: justify;\"><strong>Julian Aleksandrowicz\u00a0 (1908\u20131988)<\/strong>, medycyna, hematologia, ekologia. Prof. Akademii Medycznej w Krakowie, wiceprezes World Academy of Art And Sciences.<\/p>\n<ul style=\"text-align: justify;\">\n<li>Prace, artyku\u0142y teksty wyk\u0142ad\u00f3w, przem\u00f3wie\u0144, referat\u00f3w z dziedziny hematologii, ekologii, profilaktyki chor\u00f3b cywilizacyjnych, zdrowej \u017cywno\u015bci, medycyny niekonwencjonalnej.<\/li>\n<li>Materia\u0142y dzia\u0142alno\u015bci organizacyjno-naukowej w III Klinice Chor\u00f3b Wewn\u0119trznych w Krakowie (z lat 1946\u20131987) w O\u015brodku Zdrowia przy Wojew\u00f3dzkim Zarz\u0105dzie Komitetu \u017bydowskiego w Krakowie (1945), na stanowisku naczelnego lekarza sanatorium w \u017begiestowie (1952\u20131957). Ponadto w: Polskiej Akademii Nauk (m. in. Komisja Ochrony Zdrowia Spo\u0142ecznego, Komitet Przestrzennego Zagospodarowania Kraju), World Academy of Art and Sciences, wielu towarzystwach naukowych (m. in. Polskie Towarzystwo Hematologiczne, Polskie Towarzystwo Biocenotyczne, Polskie Towarzystwo Lekarskie, Polskie Towarzystwo Higieny Psychicznej). Korespondencja z Komitetem Nagrody Nobla, propozycja kandydatury A. Z. Joffe do nagrody. Opinie, oceny dorobku naukowego, recenzje prac doktorskich, habilitacyjnych. Memoria\u0142y i postulaty do w\u0142adz politycznych i naukowych m. in. w sprawach profilaktyki, oznaczenia grup krwi. Liczne patenty i \u015bwiadectwa autorskie wraz z korespondencj\u0105, wycinkami prasowymi. Teksty wywiad\u00f3w udzielanych dla prasy, radia i telewizji dotycz\u0105ce szeroko poj\u0119tej profilaktyki zdrowia.<\/li>\n<li>Materia\u0142y biograficzne: \u017cyciorysy, bibliografie, wspomnienia, dokumenty osobiste dotycz\u0105ce m. in. przebiegu pracy zawodowej, odznaczenia, nagrody, dyplomy. Papiery dotycz\u0105ce okupacji i udzia\u0142u w AK. Fotografie (w tym zdj\u0119cia pacjent\u00f3w, zdj\u0119cia z podr\u00f3\u017cy naukowych autorstwa J.A.)<\/li>\n<li>Bogata korespondencja wp\u0142ywaj\u0105ca i wyp\u0142ywaj\u0105ca z l. 1944 \u2013 1988, m. in. W. Bartoszewski, K. Brandys, A Einstein (ksero), R. Ingarden, Jan Pawe\u0142 II, H. Po\u015bwiatowska, W. Tatarkiewicz, T. Tempka, T. Kotarbi\u0144ski.<\/li>\n<li>Materia\u0142y o tw\u00f3rcy spu\u015bcizny: recenzje, streszczenia i om\u00f3wienia prac A.J., wycinki z prasy.<\/li>\n<li>Materia\u0142y rodzinne: niewielka grupa materia\u0142\u00f3w biograficznych \u017cony Marii.<\/li>\n<\/ul>\n<p style=\"text-align: justify;\"><em>Marta P\u0142atek (Tylka)<br \/>\n<\/em><span style=\"font-size: 10pt;\">\u0179r\u00f3d\u0142o:\u00a0<em>Przewodnik po zasobie Archiwum PAN<\/em>, praca zbiorowa pod kier. H. Krajewska, A. Kulecka, Warszawa 1999.<\/span><\/p>\n","protected":false},"excerpt":{"rendered":"<p>Julian Aleksandrowicz\u00a0 (1908\u20131988), medycyna, hematologia, ekologia. Prof. Akademii Medycznej w Krakowie, wiceprezes World Academy of Art And Sciences. Prace, artyku\u0142y teksty wyk\u0142ad\u00f3w, przem\u00f3wie\u0144, referat\u00f3w z dziedziny hematologii, ekologii, profilaktyki chor\u00f3b cywilizacyjnych, zdrowej \u017cywno\u015bci, medycyny niekonwencjonalnej. Materia\u0142y dzia\u0142alno\u015bci organizacyjno-naukowej w III Klinice Chor\u00f3b Wewn\u0119trznych w Krakowie (z lat 1946\u20131987) w O\u015brodku Zdrowia przy Wojew\u00f3dzkim Zarz\u0105dzie Komitetu &hellip; <\/p>\n<p class=\"read-more\"><a class=\"btn btn-default\" href=\"https:\/\/archiwumnauki.pan.pl\/?page_id=4974\"> Read More<span class=\"screen-reader-text\">  Read More<\/span><\/a><\/p>\n","protected":false},"author":55,"featured_media":0,"parent":0,"menu_order":0,"comment_status":"closed","ping_status":"closed","template":"","meta":[],"_links":{"self":[{"href":"https:\/\/archiwumnauki.pan.pl\/index.php?rest_route=\/wp\/v2\/pages\/4974"}],"collection":[{"href":"https:\/\/archiwumnauki.pan.pl\/index.php?rest_route=\/wp\/v2\/pages"}],"about":[{"href":"https:\/\/archiwumnauki.pan.pl\/index.php?rest_route=\/wp\/v2\/types\/page"}],"author":[{"embeddable":true,"href":"https:\/\/archiwumnauki.pan.pl\/index.php?rest_route=\/wp\/v2\/users\/55"}],"replies":[{"embeddable":true,"href":"https:\/\/archiwumnauki.pan.pl\/index.php?rest_route=%2Fwp%2Fv2%2Fcomments&post=4974"}],"version-history":[{"count":1,"href":"https:\/\/archiwumnauki.pan.pl\/index.php?rest_route=\/wp\/v2\/pages\/4974\/revisions"}],"predecessor-version":[{"id":4975,"href":"https:\/\/archiwumnauki.pan.pl\/index.php?rest_route=\/wp\/v2\/pages\/4974\/revisions\/4975"}],"wp:attachment":[{"href":"https:\/\/archiwumnauki.pan.pl\/index.php?rest_route=%2Fwp%2Fv2%2Fmedia&parent=4974"}],"curies":[{"name":"wp","href":"https:\/\/api.w.org\/{rel}","templated":true}]}}