{"id":4961,"date":"2023-04-03T13:27:36","date_gmt":"2023-04-03T11:27:36","guid":{"rendered":"https:\/\/archiwumnauki.pan.pl\/?page_id=4961"},"modified":"2023-04-03T13:58:49","modified_gmt":"2023-04-03T11:58:49","slug":"materialy-gustawa-przychockiego-1884-1947-sygn-k-iii-95","status":"publish","type":"page","link":"https:\/\/archiwumnauki.pan.pl\/?page_id=4961","title":{"rendered":"Materia\u0142y Mariana Plezi (1917\u20131996) \u2013 sygn. K III\u201380"},"content":{"rendered":"<p style=\"text-align: justify;\"><strong>Marian Plezia<\/strong> (1917\u20131996), filologia klasyczna, \u0142aci\u0144ska, \u015bredniowieczna. Prof., kierownik Pracowni S\u0142ownika \u0141aciny \u015aredniowiecznej PAN, cz\u0142onek PAN i PAU.<\/p>\n<ul style=\"text-align: justify;\">\n<li>Teksty t\u0142umacze\u0144, artyku\u0142y do S\u0142ownika Staro\u017cytno\u015bci S\u0142owia\u0144skich.<\/li>\n<li>Materia\u0142y warsztatowe i redakcyjne do przek\u0142adu i wydania Kroniki Wincentego Kad\u0142ubka (wydanej przez PAU w 1994 r.). Fragment materia\u0142\u00f3w do wydania\u00a0 \u201cS\u0142ownika \u0142aci\u0144sko \u2013 polskiego\u201d. Ciceroniana, wypisy \u017ar\u00f3d\u0142owe z materia\u0142\u00f3w Biblioteki Uniwersytetu w Cambridge, Biblioteki Jagiello\u0144skiej, Biblioteki Czartoryskich, Biblioteki Kapitu\u0142y Krakowskiej, notatki. Materia\u0142y dotycz\u0105ce Gustawa Przychockiego, Ulricha von Wilamowitz \u2013 Moellendorff, Micha\u0142a Jurkowskiego, Kazimierza Morawskiego.<\/li>\n<li>Materia\u0142y dzia\u0142alno\u015bci w PAN i PAU (po reaktywowaniu w 1989 r.), w Komitecie Obchodu Millenium Pa\u0144stwa Polskiego i Komitecie Nagr\u00f3d Pa\u0144stwowych.<\/li>\n<li>Materia\u0142y biograficzne \u2013 5 medali okoliczno\u015bciowych.<\/li>\n<li>Korespondencja.<\/li>\n<li>Materia\u0142y o tw\u00f3rcy zespo\u0142u, w tym praca magisterska Alicji Jasny \u201cBibliografia podmiotowo \u2013 przedmiotowa Prof. dr hab. Mariana Plezi poprzedzona kr\u00f3tk\u0105 kronik\u0105 \u017cycia i dzia\u0142alno\u015bci\u201d (1984).<\/li>\n<li>Materia\u0142y rodzinne matki Zofii ze Zbro\u017ck\u00f3w \u2013 Pleziowej (1885 \u2013 1970), m. in. indeks osobowy i miejscowy do \u201cKodeksu dyplomatycznego katedry i diecezji wile\u0144skiej\u201d (oprac. Przez Z.P. na zlecenie prof. W. Semkowicza (wyd. przez PAU w 1994 r.), listy do m\u0119\u017ca (1917, 1918, 1935); materia\u0142y ojca \u2013 Jakuba Plezi (1885 \u2013 1941) \u2013 listy do \u017cony z lat 1915 \u2013 1941.<\/li>\n<li>Materia\u0142y obce \u2013 teksty artyku\u0142\u00f3w, referat\u00f3w.<\/li>\n<\/ul>\n<p style=\"text-align: justify;\"><em>E. Dziurzy\u0144ska<br \/>\n<\/em><span style=\"font-size: 10pt;\">\u0179r\u00f3d\u0142o:\u00a0<em>Przewodnik po zasobie Archiwum PAN<\/em>, praca zbiorowa pod kier. H. Krajewska, A. Kulecka, Warszawa 1999.<\/span><\/p>\n","protected":false},"excerpt":{"rendered":"<p>Marian Plezia (1917\u20131996), filologia klasyczna, \u0142aci\u0144ska, \u015bredniowieczna. Prof., kierownik Pracowni S\u0142ownika \u0141aciny \u015aredniowiecznej PAN, cz\u0142onek PAN i PAU. Teksty t\u0142umacze\u0144, artyku\u0142y do S\u0142ownika Staro\u017cytno\u015bci S\u0142owia\u0144skich. Materia\u0142y warsztatowe i redakcyjne do przek\u0142adu i wydania Kroniki Wincentego Kad\u0142ubka (wydanej przez PAU w 1994 r.). Fragment materia\u0142\u00f3w do wydania\u00a0 \u201cS\u0142ownika \u0142aci\u0144sko \u2013 polskiego\u201d. Ciceroniana, wypisy \u017ar\u00f3d\u0142owe z materia\u0142\u00f3w &hellip; <\/p>\n<p class=\"read-more\"><a class=\"btn btn-default\" href=\"https:\/\/archiwumnauki.pan.pl\/?page_id=4961\"> Read More<span class=\"screen-reader-text\">  Read More<\/span><\/a><\/p>\n","protected":false},"author":55,"featured_media":0,"parent":0,"menu_order":0,"comment_status":"closed","ping_status":"closed","template":"","meta":[],"_links":{"self":[{"href":"https:\/\/archiwumnauki.pan.pl\/index.php?rest_route=\/wp\/v2\/pages\/4961"}],"collection":[{"href":"https:\/\/archiwumnauki.pan.pl\/index.php?rest_route=\/wp\/v2\/pages"}],"about":[{"href":"https:\/\/archiwumnauki.pan.pl\/index.php?rest_route=\/wp\/v2\/types\/page"}],"author":[{"embeddable":true,"href":"https:\/\/archiwumnauki.pan.pl\/index.php?rest_route=\/wp\/v2\/users\/55"}],"replies":[{"embeddable":true,"href":"https:\/\/archiwumnauki.pan.pl\/index.php?rest_route=%2Fwp%2Fv2%2Fcomments&post=4961"}],"version-history":[{"count":5,"href":"https:\/\/archiwumnauki.pan.pl\/index.php?rest_route=\/wp\/v2\/pages\/4961\/revisions"}],"predecessor-version":[{"id":4968,"href":"https:\/\/archiwumnauki.pan.pl\/index.php?rest_route=\/wp\/v2\/pages\/4961\/revisions\/4968"}],"wp:attachment":[{"href":"https:\/\/archiwumnauki.pan.pl\/index.php?rest_route=%2Fwp%2Fv2%2Fmedia&parent=4961"}],"curies":[{"name":"wp","href":"https:\/\/api.w.org\/{rel}","templated":true}]}}