{"id":4954,"date":"2023-04-03T12:20:17","date_gmt":"2023-04-03T10:20:17","guid":{"rendered":"https:\/\/archiwumnauki.pan.pl\/?page_id=4954"},"modified":"2023-04-03T13:59:34","modified_gmt":"2023-04-03T11:59:34","slug":"materialy-ludwika-de-pugeta-1899-1942-sygn-k-iii-44","status":"publish","type":"page","link":"https:\/\/archiwumnauki.pan.pl\/?page_id=4954","title":{"rendered":"Materia\u0142y Ludwika de Pugeta (1899\u20131942) \u2013 sygn. K III\u201344"},"content":{"rendered":"<p style=\"text-align: justify;\"><strong>Ludwik<\/strong> de <strong>Puget<\/strong> (1877\u20131942), historia sztuki. Rze\u017abiarz i historyk sztuki, cz\u0142onek Towarzystwa Artyst\u00f3w Polskich \u201cSztuka\u201d, Polskiej Sztuki Stosowanej.<\/p>\n<p style=\"text-align: justify;\">Notatki z wyk\u0142ad\u00f3w prof. Mariana Soko\u0142owskiego z lat 1895\u20131898 i b.d. (historia sztuki XVI w., malarstwo w\u0142oskie, sztuka \u015bredniowieczna na p\u00f3\u0142nocy, historia malarstwa flandryjskiego, gotyk).<\/p>\n<p><em>P.\u00a0<\/em><i>Milczanowski<br \/>\n<\/i><span style=\"font-size: 10pt;\">\u0179r\u00f3d\u0142o:\u00a0<em>Przewodnik po zasobie Archiwum PAN<\/em>, praca zbiorowa pod kier. H. Krajewska, A. Kulecka, Warszawa 1999.<\/span><\/p>\n","protected":false},"excerpt":{"rendered":"<p>Ludwik de Puget (1877\u20131942), historia sztuki. Rze\u017abiarz i historyk sztuki, cz\u0142onek Towarzystwa Artyst\u00f3w Polskich \u201cSztuka\u201d, Polskiej Sztuki Stosowanej. Notatki z wyk\u0142ad\u00f3w prof. Mariana Soko\u0142owskiego z lat 1895\u20131898 i b.d. (historia sztuki XVI w., malarstwo w\u0142oskie, sztuka \u015bredniowieczna na p\u00f3\u0142nocy, historia malarstwa flandryjskiego, gotyk). P.\u00a0Milczanowski \u0179r\u00f3d\u0142o:\u00a0Przewodnik po zasobie Archiwum PAN, praca zbiorowa pod kier. H. Krajewska, &hellip; <\/p>\n<p class=\"read-more\"><a class=\"btn btn-default\" href=\"https:\/\/archiwumnauki.pan.pl\/?page_id=4954\"> Read More<span class=\"screen-reader-text\">  Read More<\/span><\/a><\/p>\n","protected":false},"author":55,"featured_media":0,"parent":0,"menu_order":0,"comment_status":"closed","ping_status":"closed","template":"","meta":[],"_links":{"self":[{"href":"https:\/\/archiwumnauki.pan.pl\/index.php?rest_route=\/wp\/v2\/pages\/4954"}],"collection":[{"href":"https:\/\/archiwumnauki.pan.pl\/index.php?rest_route=\/wp\/v2\/pages"}],"about":[{"href":"https:\/\/archiwumnauki.pan.pl\/index.php?rest_route=\/wp\/v2\/types\/page"}],"author":[{"embeddable":true,"href":"https:\/\/archiwumnauki.pan.pl\/index.php?rest_route=\/wp\/v2\/users\/55"}],"replies":[{"embeddable":true,"href":"https:\/\/archiwumnauki.pan.pl\/index.php?rest_route=%2Fwp%2Fv2%2Fcomments&post=4954"}],"version-history":[{"count":3,"href":"https:\/\/archiwumnauki.pan.pl\/index.php?rest_route=\/wp\/v2\/pages\/4954\/revisions"}],"predecessor-version":[{"id":4958,"href":"https:\/\/archiwumnauki.pan.pl\/index.php?rest_route=\/wp\/v2\/pages\/4954\/revisions\/4958"}],"wp:attachment":[{"href":"https:\/\/archiwumnauki.pan.pl\/index.php?rest_route=%2Fwp%2Fv2%2Fmedia&parent=4954"}],"curies":[{"name":"wp","href":"https:\/\/api.w.org\/{rel}","templated":true}]}}