{"id":4946,"date":"2023-04-03T12:04:24","date_gmt":"2023-04-03T10:04:24","guid":{"rendered":"https:\/\/archiwumnauki.pan.pl\/?page_id=4946"},"modified":"2023-04-03T13:59:13","modified_gmt":"2023-04-03T11:59:13","slug":"materialy-kazimierza-piwarskiego-1903","status":"publish","type":"page","link":"https:\/\/archiwumnauki.pan.pl\/?page_id=4946","title":{"rendered":"Materia\u0142y Kazimierza Piwarskiego (1903\u20131968) \u2013 sygn. K III\u201324"},"content":{"rendered":"<p style=\"text-align: justify;\"><strong>Kazimierz Piwarski<\/strong> (1903\u20131968), historia. Prof. UJ, sekretarz naukowy Oddzia\u0142u PAN w Krakowie, cz\u0142onek PAN.<\/p>\n<ul style=\"text-align: justify;\">\n<li>Ponad 200 prac i artyku\u0142\u00f3w (przewa\u017cnie drukowanych) z historii Polski i powszechnej XVI &#8211; XX w., okresu mi\u0119dzywojennego oraz dziej\u00f3w Ziem Zachodnich i P\u00f3\u0142nocnych. W\u015br\u00f3d prac m. in. kilka du\u017cych nie publikowanych opracowa\u0144 napisanych w latach II wojny \u015bwiatowej: <em>Jerzy Ossoli\u0144ski, Micha\u0142 Korybut Wi\u015bniowiecki, Jan III Sobieski, Stanis\u0142aw Leszczy\u0144ski, August III Sas.<\/em><\/li>\n<li>Recenzje, om\u00f3wienia ksi\u0105\u017cek, oceny prac magisterskich, doktorskich i kandydackich, oceny dorobku naukowego w zwi\u0105zku z przyznawaniem tytu\u0142\u00f3w naukowych. Odbitki prac opublikowanych.<\/li>\n<li>Materia\u0142y dzia\u0142alno\u015bci dydaktycznej: notatki do wyk\u0142ad\u00f3w historii Polski i powszechnej XVI &#8211; XIX w., listy uczestnik\u00f3w seminari\u00f3w historycznych, tematy prac seminaryjnych i magisterskich.<\/li>\n<li>Materia\u0142y warsztatowe: obszerne wypisy \u017ar\u00f3d\u0142owe ze zbior\u00f3w r\u0119kopi\u015bmiennych i archiwalnych Polski, Niemiec, Czechos\u0142owacji, Austrii i Francji (XVI &#8211; XX w.), g\u0142\u00f3wnie dotycz\u0105ce czas\u00f3w Sobieskiego i Augusta II (w\u015br\u00f3d nich wypisy z r\u0119kopis\u00f3w zniszczonej Biblioteki Krasi\u0144skich oraz zbior\u00f3w wroc\u0142awskich i gda\u0144skich. Wypisy publikacji \u017ar\u00f3d\u0142owych i monograficznych dotycz\u0105ce historii powszechnej i Polski (XVI &#8211; XX w., w szczeg\u00f3lno\u015bci stosunk\u00f3w polsko-niemieckich, polsko-czeskich, zagadnie\u0144 ba\u0142tyckich, dziej\u00f3w papiestwa, Czechos\u0142owacji, Serbo-\u0141u\u017cyc). Materia\u0142y dotycz\u0105ce wywiezienia profesor\u00f3w krakowskich, tzw. Sonderaktion Krakau, konspekty prac i referat\u00f3w. Materia\u0142y prasowe (wycinki prasowe i egz. czasopism polskich i zagranicznych) z okresu 1935-1965.<\/li>\n<li>Materia\u0142y dzia\u0142alno\u015bci naukowo-organizacyjnej, w UJ, PAN i jej Oddziale w Krakowie, w Instytucie Zachodnim, Instytucie Historii PAN, w Komisji Polsko-Niemieckiej (protoko\u0142y, korespondencja, materia\u0142y).<\/li>\n<li>Materia\u0142y dzia\u0142alno\u015bci spo\u0142ecznej (Stowarzyszenie \u201cKr\u0105g\u201d, 1932 &#8211; 1938 oraz Rada Muzeum w O\u015bwi\u0119cimiu).<\/li>\n<li>Materia\u0142y biograficzne i dokumenty osobiste, fragment wspomnie\u0144 z lat 1914-1921.<\/li>\n<li>Korespondencja z lat 1927-1965. Fotografie: P. i rodzinne, z uroczysto\u015bci, zebra\u0144 i wycieczek.<\/li>\n<li>Materia\u0142y rodzinne: papiery Marii P. (\u017cony P.), \u015bwiadectwa szkolne, indeksy, korespondencja (m. in. listy P. z obozu koncentracyjnego, starania o jego zwolnienie).<\/li>\n<li>Papiery dr Jana Ja\u015bkowca (te\u015bcia P.), r\u0119kopisy i maszynopisy prac obcych.<\/li>\n<\/ul>\n<p style=\"text-align: justify;\"><em>Jan Poradzisz<br \/>\n<\/em><span style=\"font-size: 10pt;\">\u0179r\u00f3d\u0142o:\u00a0<em>Przewodnik po zasobie Archiwum PAN<\/em>, praca zbiorowa pod kier. H. Krajewska, A. Kulecka, Warszawa 1999.<\/span><\/p>\n","protected":false},"excerpt":{"rendered":"<p>Kazimierz Piwarski (1903\u20131968), historia. Prof. UJ, sekretarz naukowy Oddzia\u0142u PAN w Krakowie, cz\u0142onek PAN. Ponad 200 prac i artyku\u0142\u00f3w (przewa\u017cnie drukowanych) z historii Polski i powszechnej XVI &#8211; XX w., okresu mi\u0119dzywojennego oraz dziej\u00f3w Ziem Zachodnich i P\u00f3\u0142nocnych. W\u015br\u00f3d prac m. in. kilka du\u017cych nie publikowanych opracowa\u0144 napisanych w latach II wojny \u015bwiatowej: Jerzy Ossoli\u0144ski, &hellip; <\/p>\n<p class=\"read-more\"><a class=\"btn btn-default\" href=\"https:\/\/archiwumnauki.pan.pl\/?page_id=4946\"> Read More<span class=\"screen-reader-text\">  Read More<\/span><\/a><\/p>\n","protected":false},"author":55,"featured_media":0,"parent":0,"menu_order":0,"comment_status":"closed","ping_status":"closed","template":"","meta":[],"_links":{"self":[{"href":"https:\/\/archiwumnauki.pan.pl\/index.php?rest_route=\/wp\/v2\/pages\/4946"}],"collection":[{"href":"https:\/\/archiwumnauki.pan.pl\/index.php?rest_route=\/wp\/v2\/pages"}],"about":[{"href":"https:\/\/archiwumnauki.pan.pl\/index.php?rest_route=\/wp\/v2\/types\/page"}],"author":[{"embeddable":true,"href":"https:\/\/archiwumnauki.pan.pl\/index.php?rest_route=\/wp\/v2\/users\/55"}],"replies":[{"embeddable":true,"href":"https:\/\/archiwumnauki.pan.pl\/index.php?rest_route=%2Fwp%2Fv2%2Fcomments&post=4946"}],"version-history":[{"count":3,"href":"https:\/\/archiwumnauki.pan.pl\/index.php?rest_route=\/wp\/v2\/pages\/4946\/revisions"}],"predecessor-version":[{"id":4971,"href":"https:\/\/archiwumnauki.pan.pl\/index.php?rest_route=\/wp\/v2\/pages\/4946\/revisions\/4971"}],"wp:attachment":[{"href":"https:\/\/archiwumnauki.pan.pl\/index.php?rest_route=%2Fwp%2Fv2%2Fmedia&parent=4946"}],"curies":[{"name":"wp","href":"https:\/\/api.w.org\/{rel}","templated":true}]}}