{"id":4943,"date":"2023-04-03T11:59:19","date_gmt":"2023-04-03T09:59:19","guid":{"rendered":"https:\/\/archiwumnauki.pan.pl\/?page_id=4943"},"modified":"2023-04-03T12:00:52","modified_gmt":"2023-04-03T10:00:52","slug":"materialy-stanislawa-smolki-1854-1924-sygn-k-iii-10","status":"publish","type":"page","link":"https:\/\/archiwumnauki.pan.pl\/?page_id=4943","title":{"rendered":"Materia\u0142y Stanis\u0142awa Smolki (1854\u20131924) \u2013 sygn. K III\u201310"},"content":{"rendered":"<p><strong>Stanis\u0142aw Smolka<\/strong> (1854-1924), historia. Prof. UJ, sekretarz generalny AU, cz\u0142onek PAU.<\/p>\n<ul>\n<li>\u017byciorys S. z 1919 roku,<\/li>\n<li>Propozycja obj\u0119cia przez niego kierownictwa Departamentu Wyzna\u0144 Religijnych i O\u015bwiecenia Publicznego (1917),<\/li>\n<li>List S. do ojca (1893), list dziekana Wydzia\u0142u Prawa Uniwersytetu Lwowskiego do wdowy po S. (1926),<\/li>\n<li>Fotografie S., w tym z uczestnikami ekspedycji rzymskiej.<\/li>\n<\/ul>\n<p><em>J. Poradzisz<br \/>\n<\/em><span style=\"font-size: 10pt;\">\u0179r\u00f3d\u0142o:\u00a0<em>Przewodnik po zasobie Archiwum PAN<\/em>, praca zbiorowa pod kier. H. Krajewska, A. Kulecka, Warszawa 1999, s. 383.<\/span><\/p>\n<p><em>\u00a0<\/em><\/p>\n","protected":false},"excerpt":{"rendered":"<p>Stanis\u0142aw Smolka (1854-1924), historia. Prof. UJ, sekretarz generalny AU, cz\u0142onek PAU. \u017byciorys S. z 1919 roku, Propozycja obj\u0119cia przez niego kierownictwa Departamentu Wyzna\u0144 Religijnych i O\u015bwiecenia Publicznego (1917), List S. do ojca (1893), list dziekana Wydzia\u0142u Prawa Uniwersytetu Lwowskiego do wdowy po S. (1926), Fotografie S., w tym z uczestnikami ekspedycji rzymskiej. J. Poradzisz \u0179r\u00f3d\u0142o:\u00a0Przewodnik &hellip; <\/p>\n<p class=\"read-more\"><a class=\"btn btn-default\" href=\"https:\/\/archiwumnauki.pan.pl\/?page_id=4943\"> Read More<span class=\"screen-reader-text\">  Read More<\/span><\/a><\/p>\n","protected":false},"author":55,"featured_media":0,"parent":0,"menu_order":0,"comment_status":"closed","ping_status":"closed","template":"","meta":[],"_links":{"self":[{"href":"https:\/\/archiwumnauki.pan.pl\/index.php?rest_route=\/wp\/v2\/pages\/4943"}],"collection":[{"href":"https:\/\/archiwumnauki.pan.pl\/index.php?rest_route=\/wp\/v2\/pages"}],"about":[{"href":"https:\/\/archiwumnauki.pan.pl\/index.php?rest_route=\/wp\/v2\/types\/page"}],"author":[{"embeddable":true,"href":"https:\/\/archiwumnauki.pan.pl\/index.php?rest_route=\/wp\/v2\/users\/55"}],"replies":[{"embeddable":true,"href":"https:\/\/archiwumnauki.pan.pl\/index.php?rest_route=%2Fwp%2Fv2%2Fcomments&post=4943"}],"version-history":[{"count":1,"href":"https:\/\/archiwumnauki.pan.pl\/index.php?rest_route=\/wp\/v2\/pages\/4943\/revisions"}],"predecessor-version":[{"id":4944,"href":"https:\/\/archiwumnauki.pan.pl\/index.php?rest_route=\/wp\/v2\/pages\/4943\/revisions\/4944"}],"wp:attachment":[{"href":"https:\/\/archiwumnauki.pan.pl\/index.php?rest_route=%2Fwp%2Fv2%2Fmedia&parent=4943"}],"curies":[{"name":"wp","href":"https:\/\/api.w.org\/{rel}","templated":true}]}}