{"id":4903,"date":"2023-03-30T16:10:45","date_gmt":"2023-03-30T14:10:45","guid":{"rendered":"https:\/\/archiwumnauki.pan.pl\/?page_id=4903"},"modified":"2023-03-30T16:41:12","modified_gmt":"2023-03-30T14:41:12","slug":"pracownia-krakowska-instytutu-historii-nauki-pan-sygn-k-ii-8","status":"publish","type":"page","link":"https:\/\/archiwumnauki.pan.pl\/?page_id=4903","title":{"rendered":"Pracownia Krakowska Instytutu Historii Nauki PAN (sygn. K II\u20138)"},"content":{"rendered":"<p style=\"text-align: center;\"><a href=\"https:\/\/archiwumnauki.pan.pl\/wp-content\/uploads\/2019\/04\/ksiegapan1.jpg\"><img decoding=\"async\" loading=\"lazy\" class=\"alignnone wp-image-722 size-medium\" src=\"https:\/\/archiwumnauki.pan.pl\/wp-content\/uploads\/2019\/04\/ksiegapan1-300x197.jpg\" alt=\"\" width=\"300\" height=\"197\" srcset=\"https:\/\/archiwumnauki.pan.pl\/wp-content\/uploads\/2019\/04\/ksiegapan1-300x197.jpg 300w, https:\/\/archiwumnauki.pan.pl\/wp-content\/uploads\/2019\/04\/ksiegapan1-411x270.jpg 411w, https:\/\/archiwumnauki.pan.pl\/wp-content\/uploads\/2019\/04\/ksiegapan1.jpg 480w\" sizes=\"(max-width: 300px) 100vw, 300px\" \/><\/a><br \/>\n<span class=\"note\" style=\"font-size: 10pt;\">Ksi\u0119ga Wiadomo\u015bci Historyczno-Statystycznych Wielkiego Pieca w Rejowie<\/span><\/p>\n<p>Pracownia krakowska Zak\u0142adu Historii Nauki PAN powsta\u0142a w 1954 r. W latach 1958\u20131974 Zak\u0142ad nosi\u0142 nazw\u0119 Zak\u0142adu Historii Nauki i Techniki PAN, od 1974 do 1978 Zak\u0142ad Historii Nauki, O\u015bwiaty i Techniki PAN. W latach 70. Pracownia zosta\u0142a przeorganizowana jako O\u015brodek krakowski ZHNiT PAN. W latach 80. filia krakowska Instytutu Historii Nauki, O\u015bwiaty i Techniki PAN, obecnie funkcjonuj\u0105cego jako Instytut Historii Nauki PAN im. Ludwika i Aleksandra Birkenmajer\u00f3w.<\/p>\n<p>Zesp\u00f3\u0142 archiwalny Pracowni krakowskiej Instytutu Historii Nauki PAN (sygn. K II\u20138) obejmuje 12,81 mb. akt (591 j.). Pomoc\u0105 ewidencyjn\u0105 jest spis jednostek.<\/p>\n<p>Zesp\u00f3\u0142 zawiera m.in.:<\/p>\n<p>Protoko\u0142y posiedze\u0144 kierownictwa Pracowni (1960\u20131963), sprawozdania z dzia\u0142alno\u015bci zak\u0142adu i pracownik\u00f3w, korespondencj\u0119 w sprawach organizacyjnych, naukowych, finansowych i wydawniczych (1956\u20131987), teksty referat\u00f3w, teksty oraz recenzje prac drukowanych i niedrukowanych,<\/p>\n<p>Akta i zbiory zespo\u0142\u00f3w:<\/p>\n<ul>\n<li>Historii Astronomii (1964\u20131970), g\u0142\u00f3wnie dot. Mi\u0119dzynarodowej Unii Astronomicznej,<\/li>\n<li>Historii Polskiej Techniki Hutniczej i Odlewniczej (sprawozdania, wyniki bada\u0144, korespondencja i korespondencja finansowa z l. 1955\u20131982, materia\u0142y z konferencji mi\u0119dzynarodowych, sesji naukowych, teksty prac, artyku\u0142\u00f3w i referat\u00f3w, recenzje wewn\u0119trzne, listy obecno\u015bci i stenogramy posiedze\u0144, bibliografia prac cz\u0142onk\u00f3w), w tym: materia\u0142y \u017ar\u00f3d\u0142owe do bada\u0144 nad g\u00f3rnictwem i hutnictwem, m.in. ksi\u0119g\u0119 wiadomo\u015bci historyczno-statystycznych oraz dziennik wielkiego pieca w W\u0119gierskiej G\u00f3rce i materia\u0142y dot. edukacji i praktyki zawodowej (w tym dziennik praktyk) ucznia g\u00f3rniczego J\u00f3zefa Zaorskiego (1841\u20131869), wypisy \u017ar\u00f3d\u0142owe do historii g\u00f3rnictwa, materia\u0142y Mieczys\u0142awa Radwana (m.in. plany badawcze, sprawozdania z bada\u0144, karoteki rzeczowe, referaty, korespondencja, wycinki prasowe),<\/li>\n<li>Historii Metodologii \u2013 teksty i teksty referat\u00f3w wyg\u0142aszanych na posiedzeniach (1960\u20131975),<\/li>\n<li>Historii Nauk Biologicznych \u2013 korespondencja, sprawozdania z lat 1964\u20131970, materia\u0142y dot. s\u0142ownika biolog\u00f3w polskich,<\/li>\n<li>Historii Botaniki \u2013 korespondencja z lat 1958\u20131971, korespondencja w sprawach wydawniczych, maszynopisy i r\u0119kopisy prac i artyku\u0142\u00f3w, recenzje wewn\u0119trzne, materia\u0142y sesji przyrodniczej zorganizowanej z okazji jubileuszu 100-lecia PAU, materia\u0142y dotycz\u0105ce wydawnictwa na 50-lecie Polskiego Towarzystwa Botanicznego (1964\u20131970),<\/li>\n<li>Historii Rolnictwa \u2013 korespondencja (1955\u20131971), teksty referat\u00f3w, plany pracy i sprawozdania, materia\u0142y i korespondencja dot. s\u0142ownika rolnik\u00f3w i le\u015bnik\u00f3w polskich,<\/li>\n<li>Odrodzenia \u2013 zaproszenia na posiedzenia, teksty i tezy referat\u00f3w wyg\u0142aszanych na posiedzeniach w l. 1960\u20131975,<\/li>\n<li>O\u015bwiecenia \u2013 zaproszenia na posiedzenia, listy os\u00f3b zapraszanych, korespondencja, teksty i tezy referat\u00f3w wyg\u0142aszanych na posiedzeniach w l. 1960\u20131975,<\/li>\n<li>Historii Fizyki &#8211; zaproszenia na posiedzenia z l. 1971\u20131974, sprawozdanie z dzia\u0142alno\u015bci 1974;<\/li>\n<\/ul>\n<p>Materia\u0142y do syntezy <em>Historia Nauki Polskiej 1795\u20131860;<\/em><\/p>\n<p>Materia\u0142y dot. konferencji mi\u0119dzynarodowych;<\/p>\n<p>Materia\u0142y Biblioteki (katalogi kartkowe artyku\u0142\u00f3w oraz osobowe).<\/p>\n<p><em>M. P.<\/em><\/p>\n","protected":false},"excerpt":{"rendered":"<p>Ksi\u0119ga Wiadomo\u015bci Historyczno-Statystycznych Wielkiego Pieca w Rejowie Pracownia krakowska Zak\u0142adu Historii Nauki PAN powsta\u0142a w 1954 r. W latach 1958\u20131974 Zak\u0142ad nosi\u0142 nazw\u0119 Zak\u0142adu Historii Nauki i Techniki PAN, od 1974 do 1978 Zak\u0142ad Historii Nauki, O\u015bwiaty i Techniki PAN. W latach 70. Pracownia zosta\u0142a przeorganizowana jako O\u015brodek krakowski ZHNiT PAN. W latach 80. filia &hellip; <\/p>\n<p class=\"read-more\"><a class=\"btn btn-default\" href=\"https:\/\/archiwumnauki.pan.pl\/?page_id=4903\"> Read More<span class=\"screen-reader-text\">  Read More<\/span><\/a><\/p>\n","protected":false},"author":55,"featured_media":0,"parent":0,"menu_order":0,"comment_status":"closed","ping_status":"closed","template":"","meta":[],"_links":{"self":[{"href":"https:\/\/archiwumnauki.pan.pl\/index.php?rest_route=\/wp\/v2\/pages\/4903"}],"collection":[{"href":"https:\/\/archiwumnauki.pan.pl\/index.php?rest_route=\/wp\/v2\/pages"}],"about":[{"href":"https:\/\/archiwumnauki.pan.pl\/index.php?rest_route=\/wp\/v2\/types\/page"}],"author":[{"embeddable":true,"href":"https:\/\/archiwumnauki.pan.pl\/index.php?rest_route=\/wp\/v2\/users\/55"}],"replies":[{"embeddable":true,"href":"https:\/\/archiwumnauki.pan.pl\/index.php?rest_route=%2Fwp%2Fv2%2Fcomments&post=4903"}],"version-history":[{"count":4,"href":"https:\/\/archiwumnauki.pan.pl\/index.php?rest_route=\/wp\/v2\/pages\/4903\/revisions"}],"predecessor-version":[{"id":4908,"href":"https:\/\/archiwumnauki.pan.pl\/index.php?rest_route=\/wp\/v2\/pages\/4903\/revisions\/4908"}],"wp:attachment":[{"href":"https:\/\/archiwumnauki.pan.pl\/index.php?rest_route=%2Fwp%2Fv2%2Fmedia&parent=4903"}],"curies":[{"name":"wp","href":"https:\/\/api.w.org\/{rel}","templated":true}]}}