{"id":4884,"date":"2023-03-30T15:17:41","date_gmt":"2023-03-30T13:17:41","guid":{"rendered":"https:\/\/archiwumnauki.pan.pl\/?page_id=4884"},"modified":"2023-03-30T16:44:03","modified_gmt":"2023-03-30T14:44:03","slug":"zaklad-bibliografii-biezacej-instytutu-historii-pan-sygn-k-ii-4","status":"publish","type":"page","link":"https:\/\/archiwumnauki.pan.pl\/?page_id=4884","title":{"rendered":"Zak\u0142ad Bibliografii Bie\u017c\u0105cej Instytutu Historii PAN (sygn. K II\u201339)"},"content":{"rendered":"<p>Zak\u0142ad Dokumentacji Instytutu Historii PAN przej\u0105\u0142 zbiory Komisji Historycznej\u00a0 i <em>Polskiego S\u0142ownika Biograficznego<\/em> Polskiej Akademii Umiej\u0119tno\u015bci, w ramach Zak\u0142adu powsta\u0142a Pracownia Bibliografii Bie\u017c\u0105cej i Selekcyjnej, kt\u00f3ra w roku 1975 wyodr\u0119bni\u0142a si\u0119 z Zak\u0142adu Dokumentacji IH PAN w samodzieln\u0105 Pracowni\u0119 Informacji Naukowej, od roku 1991 <strong>Zak\u0142ad Bibliografii Bie\u017c\u0105cej<\/strong>.<\/p>\n<ul>\n<li>Materia\u0142y do Selekcyjnej Bibliografii Historii Polski (maszynopis, egz. korektowy, korespondencja wsp\u00f3\u0142pracownik\u00f3w SBHP, korespondencja z PWN, instrukcje dla wsp\u00f3\u0142pracownik\u00f3w z l. 1953\u20131955, materia\u0142y, kt\u00f3re nie wesz\u0142y do t. I)<\/li>\n<li>Bibliografia publikacji pracownik\u00f3w UJ z l. 1945\u20131960.<\/li>\n<li>Kartoteka Bibliografii 1935\u20131939 (Friedbergowej); kartoteka Bibliografii Historii Polskiej 1938\u20131939 (indeks alfabetyczny, os\u00f3b, geograficzny bruliony usuni\u0119te); kartoteka Bibliografii Historii Polski t. I\u2013III; kartoteka publikacji pracownik\u00f3w IH PAN; kartoteka Bibliografii stosunk\u00f3w polsko-niemieckich w latach powojennych.<\/li>\n<li>Korespondencja Zak\u0142adu z l. 1953\u20131981.<\/li>\n<\/ul>\n<p><em>Marta P\u0142atek (Tylka)<br \/>\n<\/em><span style=\"font-size: 10pt;\">\u0179r\u00f3d\u0142o:\u00a0<em>Przewodnik po zasobie Archiwum PAN,\u00a0<\/em>praca zbiorowa pod kier. H. Krajewska, A. Kulecka, Warszawa 1999, s. 337.<\/span><\/p>\n","protected":false},"excerpt":{"rendered":"<p>Zak\u0142ad Dokumentacji Instytutu Historii PAN przej\u0105\u0142 zbiory Komisji Historycznej\u00a0 i Polskiego S\u0142ownika Biograficznego Polskiej Akademii Umiej\u0119tno\u015bci, w ramach Zak\u0142adu powsta\u0142a Pracownia Bibliografii Bie\u017c\u0105cej i Selekcyjnej, kt\u00f3ra w roku 1975 wyodr\u0119bni\u0142a si\u0119 z Zak\u0142adu Dokumentacji IH PAN w samodzieln\u0105 Pracowni\u0119 Informacji Naukowej, od roku 1991 Zak\u0142ad Bibliografii Bie\u017c\u0105cej. Materia\u0142y do Selekcyjnej Bibliografii Historii Polski (maszynopis, egz. &hellip; <\/p>\n<p class=\"read-more\"><a class=\"btn btn-default\" href=\"https:\/\/archiwumnauki.pan.pl\/?page_id=4884\"> Read More<span class=\"screen-reader-text\">  Read More<\/span><\/a><\/p>\n","protected":false},"author":55,"featured_media":0,"parent":0,"menu_order":0,"comment_status":"closed","ping_status":"closed","template":"","meta":[],"_links":{"self":[{"href":"https:\/\/archiwumnauki.pan.pl\/index.php?rest_route=\/wp\/v2\/pages\/4884"}],"collection":[{"href":"https:\/\/archiwumnauki.pan.pl\/index.php?rest_route=\/wp\/v2\/pages"}],"about":[{"href":"https:\/\/archiwumnauki.pan.pl\/index.php?rest_route=\/wp\/v2\/types\/page"}],"author":[{"embeddable":true,"href":"https:\/\/archiwumnauki.pan.pl\/index.php?rest_route=\/wp\/v2\/users\/55"}],"replies":[{"embeddable":true,"href":"https:\/\/archiwumnauki.pan.pl\/index.php?rest_route=%2Fwp%2Fv2%2Fcomments&post=4884"}],"version-history":[{"count":2,"href":"https:\/\/archiwumnauki.pan.pl\/index.php?rest_route=\/wp\/v2\/pages\/4884\/revisions"}],"predecessor-version":[{"id":4888,"href":"https:\/\/archiwumnauki.pan.pl\/index.php?rest_route=\/wp\/v2\/pages\/4884\/revisions\/4888"}],"wp:attachment":[{"href":"https:\/\/archiwumnauki.pan.pl\/index.php?rest_route=%2Fwp%2Fv2%2Fmedia&parent=4884"}],"curies":[{"name":"wp","href":"https:\/\/api.w.org\/{rel}","templated":true}]}}