{"id":4881,"date":"2023-03-30T15:04:42","date_gmt":"2023-03-30T13:04:42","guid":{"rendered":"https:\/\/archiwumnauki.pan.pl\/?page_id=4881"},"modified":"2023-03-30T15:05:20","modified_gmt":"2023-03-30T13:05:20","slug":"instytut-systematyki-i-ewolucji-zwierzat-pan-sygn-k-ii-6","status":"publish","type":"page","link":"https:\/\/archiwumnauki.pan.pl\/?page_id=4881","title":{"rendered":"Instytut Systematyki i Ewolucji Zwierz\u0105t PAN (sygn. K II\u20136)"},"content":{"rendered":"<p style=\"text-align: justify;\">W 1954 r. podzielono Muzeum Przyrodnicze PAU, zbiory zoologiczne wesz\u0142y w sk\u0142ad utworzonego Oddzia\u0142u Krakowskiego Instytutu Zoologicznego PAN w Warszawie, w 1961 r. nast\u0105pi\u0142o usamodzielnienie instytucji pod nazw\u0105 Zak\u0142ad Zoologii Systematycznej, w 1969 po\u0142\u0105czono Zak\u0142ad Zoologii Systematycznej z Zak\u0142adem Zoologii Do\u015bwiadczalnej PAN (utworzony w 1954 r.) \u2013 powsta\u0142 Zak\u0142ad Zoologii Systematycznej i Do\u015bwiadczalnej, w 1989 r. powo\u0142ano<strong> Instytut Systematyki i Ewolucji Zwierz\u0105t<\/strong> w Krakowie.<\/p>\n<p style=\"text-align: justify;\">Sprawozdania roczne 1956\u20131996; protoko\u0142y posiedze\u0144 Rady Naukowej 1962\u20131998; zarz\u0105dzenia administracyjne, wytyczne, protoko\u0142y wizytacji i posiedze\u0144, sprawy personalne (1966\u20131978); korespondencja krajowa i zagraniczna 1953\u20131992, korespondencja Jerzego Paw\u0142owskiego, Andrzej Szeptyckiego, Mariana M\u0142ynarskiego, dzienniki podawcze 1968\u20131979; teczki naukowe pracownik\u00f3w 1954\u20131994; dokumenty Biblioteki 1954\u20131970; listy p\u0142ac 1954 (III\u2013V, IX\u2013XII), 1955\u20131968, 1969 (I\u2013VII), 1970\u20131983, bilanse (1964\u20131967).<\/p>\n<p style=\"text-align: justify;\">Materia\u0142y do historii zoologii: Polskie Towarzystwo Zoologiczne w Poznaniu (g\u0142\u00f3wnie korespondencja prezesa) 1937\u20131939; Krakowski Oddzia\u0142 Polskiego Towarzystwa Entomologicznego 1953\u20131983; korespondencja zak\u0142ad\u00f3w zoologicznych b. Uniwersytetu Niemieckiego w Poznaniu 1940\u20131944; kartoteka zoolog\u00f3w polskich; fragment materia\u0142\u00f3w B. Dominiak, Cz. Bie\u017canko, A. Wr\u00f3blewskiego; fragmenty korespondencji Fundacji hr. Skarbka dotycz\u0105ce W. Suchodolskiego.<\/p>\n<p style=\"text-align: justify;\"><em>Marta P\u0142atek (Tylka)<br \/>\n<\/em><span style=\"font-size: 10pt;\">\u0179r\u00f3d\u0142o:\u00a0<em>Przewodnik po zasobie Archiwum PAN,\u00a0<\/em>praca zbiorowa pod kier. H. Krajewska, A. Kulecka, Warszawa 1999, s. 340.<\/span><\/p>\n<p style=\"text-align: justify;\">Materia\u0142y ISiEZ PAN (sygn. K II\u20136) obejmuj\u0105 obecnie 6,76 mb. akt z lat 1956\u20131994. Pomoc\u0105 ewidencyjn\u0105 jest spis jednostek. Ze wzgl\u0119du na trwaj\u0105c\u0105 dzia\u0142alno\u015b\u0107 Instytutu Systematyki i Ewolucji Zwierz\u0105t PAN w Krakowie, zesp\u00f3\u0142 archiwalny K II\u20136 posiada charakter otwarty.<\/p>\n","protected":false},"excerpt":{"rendered":"<p>W 1954 r. podzielono Muzeum Przyrodnicze PAU, zbiory zoologiczne wesz\u0142y w sk\u0142ad utworzonego Oddzia\u0142u Krakowskiego Instytutu Zoologicznego PAN w Warszawie, w 1961 r. nast\u0105pi\u0142o usamodzielnienie instytucji pod nazw\u0105 Zak\u0142ad Zoologii Systematycznej, w 1969 po\u0142\u0105czono Zak\u0142ad Zoologii Systematycznej z Zak\u0142adem Zoologii Do\u015bwiadczalnej PAN (utworzony w 1954 r.) \u2013 powsta\u0142 Zak\u0142ad Zoologii Systematycznej i Do\u015bwiadczalnej, w 1989 &hellip; <\/p>\n<p class=\"read-more\"><a class=\"btn btn-default\" href=\"https:\/\/archiwumnauki.pan.pl\/?page_id=4881\"> Read More<span class=\"screen-reader-text\">  Read More<\/span><\/a><\/p>\n","protected":false},"author":55,"featured_media":0,"parent":0,"menu_order":0,"comment_status":"closed","ping_status":"closed","template":"","meta":[],"_links":{"self":[{"href":"https:\/\/archiwumnauki.pan.pl\/index.php?rest_route=\/wp\/v2\/pages\/4881"}],"collection":[{"href":"https:\/\/archiwumnauki.pan.pl\/index.php?rest_route=\/wp\/v2\/pages"}],"about":[{"href":"https:\/\/archiwumnauki.pan.pl\/index.php?rest_route=\/wp\/v2\/types\/page"}],"author":[{"embeddable":true,"href":"https:\/\/archiwumnauki.pan.pl\/index.php?rest_route=\/wp\/v2\/users\/55"}],"replies":[{"embeddable":true,"href":"https:\/\/archiwumnauki.pan.pl\/index.php?rest_route=%2Fwp%2Fv2%2Fcomments&post=4881"}],"version-history":[{"count":1,"href":"https:\/\/archiwumnauki.pan.pl\/index.php?rest_route=\/wp\/v2\/pages\/4881\/revisions"}],"predecessor-version":[{"id":4882,"href":"https:\/\/archiwumnauki.pan.pl\/index.php?rest_route=\/wp\/v2\/pages\/4881\/revisions\/4882"}],"wp:attachment":[{"href":"https:\/\/archiwumnauki.pan.pl\/index.php?rest_route=%2Fwp%2Fv2%2Fmedia&parent=4881"}],"curies":[{"name":"wp","href":"https:\/\/api.w.org\/{rel}","templated":true}]}}