{"id":4873,"date":"2023-03-30T11:55:29","date_gmt":"2023-03-30T09:55:29","guid":{"rendered":"https:\/\/archiwumnauki.pan.pl\/?page_id=4873"},"modified":"2023-03-30T12:54:46","modified_gmt":"2023-03-30T10:54:46","slug":"akta-zakladu-geomorfologii-i-hydrologii-gor-i-wyzyn-igizp-pan-sygn-k-ii-37","status":"publish","type":"page","link":"https:\/\/archiwumnauki.pan.pl\/?page_id=4873","title":{"rendered":"Akta Zak\u0142adu Geomorfologii i Hydrologii G\u00f3r i Wy\u017cyn IGiZP PAN (sygn. K II\u201337)"},"content":{"rendered":"<p style=\"text-align: justify;\"><strong>Zak\u0142ad Geomorfologii i Hydrologii G\u00f3r i Wy\u017cyn Instytutu Geografii i Zagospodarowania Przestrzennego PAN<\/strong> powsta\u0142 w 1953 roku, pocz\u0105tkowo pod nazw\u0105 Pracowni Geomorfologii i Hydrologii. Od 2011 r. przekszta\u0142cony w Zak\u0142ad Bada\u0144 Geo\u015brodowiska.<\/p>\n<p style=\"text-align: justify;\">Zesp\u00f3\u0142 akt Zak\u0142adu Geomorfologii i Hydrologii G\u00f3r i Wy\u017cyn IGiZP PAN (sygn. K II\u201337) obejmuje 2,88 mb. akt z lat 1954\u20131991. Zawiera m.in.:<\/p>\n<ul>\n<li style=\"text-align: justify;\">plany i sprawozdania z dzia\u0142alno\u015bci Zak\u0142adu,<\/li>\n<li style=\"text-align: justify;\">materia\u0142y dzia\u0142alno\u015bci naukowej, w tym sprawozdania z bada\u0144, korespondencj\u0119 naukow\u0105, dokumentacja problem\u00f3w badawczych i zjazd\u00f3w naukowych, dokumentacja wypraw naukowych (Mongolia),<\/li>\n<li style=\"text-align: justify;\">korespondencj\u0119 dot. wsp\u00f3\u0142pracy z zagranic\u0105, dokumentacj\u0119 sympozj\u00f3w i konferencji mi\u0119dzynarodowych,<\/li>\n<li style=\"text-align: justify;\">materia\u0142y Dzia\u0142u Administracji Og\u00f3lnej (korespondencja, zam\u00f3wienia, upowa\u017cnienia),<\/li>\n<li style=\"text-align: justify;\">materia\u0142y Dzia\u0142u Administracji Gospodarczej (protoko\u0142y, sprawozdania, rachunki, inwentarze, korespondencja),<\/li>\n<li style=\"text-align: justify;\">materia\u0142y Dzia\u0142u Administracji Finansowej,<\/li>\n<li style=\"text-align: justify;\">materia\u0142y Dzia\u0142u Wydawniczego (korespondencja, wytyczne dla autor\u00f3w).<\/li>\n<\/ul>\n<p><em>M. Pir\u00f3g<\/em><\/p>\n","protected":false},"excerpt":{"rendered":"<p>Zak\u0142ad Geomorfologii i Hydrologii G\u00f3r i Wy\u017cyn Instytutu Geografii i Zagospodarowania Przestrzennego PAN powsta\u0142 w 1953 roku, pocz\u0105tkowo pod nazw\u0105 Pracowni Geomorfologii i Hydrologii. Od 2011 r. przekszta\u0142cony w Zak\u0142ad Bada\u0144 Geo\u015brodowiska. Zesp\u00f3\u0142 akt Zak\u0142adu Geomorfologii i Hydrologii G\u00f3r i Wy\u017cyn IGiZP PAN (sygn. K II\u201337) obejmuje 2,88 mb. akt z lat 1954\u20131991. Zawiera m.in.: &hellip; <\/p>\n<p class=\"read-more\"><a class=\"btn btn-default\" href=\"https:\/\/archiwumnauki.pan.pl\/?page_id=4873\"> Read More<span class=\"screen-reader-text\">  Read More<\/span><\/a><\/p>\n","protected":false},"author":55,"featured_media":0,"parent":0,"menu_order":0,"comment_status":"closed","ping_status":"closed","template":"","meta":[],"_links":{"self":[{"href":"https:\/\/archiwumnauki.pan.pl\/index.php?rest_route=\/wp\/v2\/pages\/4873"}],"collection":[{"href":"https:\/\/archiwumnauki.pan.pl\/index.php?rest_route=\/wp\/v2\/pages"}],"about":[{"href":"https:\/\/archiwumnauki.pan.pl\/index.php?rest_route=\/wp\/v2\/types\/page"}],"author":[{"embeddable":true,"href":"https:\/\/archiwumnauki.pan.pl\/index.php?rest_route=\/wp\/v2\/users\/55"}],"replies":[{"embeddable":true,"href":"https:\/\/archiwumnauki.pan.pl\/index.php?rest_route=%2Fwp%2Fv2%2Fcomments&post=4873"}],"version-history":[{"count":2,"href":"https:\/\/archiwumnauki.pan.pl\/index.php?rest_route=\/wp\/v2\/pages\/4873\/revisions"}],"predecessor-version":[{"id":4877,"href":"https:\/\/archiwumnauki.pan.pl\/index.php?rest_route=\/wp\/v2\/pages\/4873\/revisions\/4877"}],"wp:attachment":[{"href":"https:\/\/archiwumnauki.pan.pl\/index.php?rest_route=%2Fwp%2Fv2%2Fmedia&parent=4873"}],"curies":[{"name":"wp","href":"https:\/\/api.w.org\/{rel}","templated":true}]}}