{"id":4865,"date":"2023-03-30T11:28:53","date_gmt":"2023-03-30T09:28:53","guid":{"rendered":"https:\/\/archiwumnauki.pan.pl\/?page_id=4865"},"modified":"2023-03-30T11:30:06","modified_gmt":"2023-03-30T09:30:06","slug":"akta-instytutu-fizyki-jadrowej-pan-w-krakowie-sygn-k-ii-45","status":"publish","type":"page","link":"https:\/\/archiwumnauki.pan.pl\/?page_id=4865","title":{"rendered":"Akta Instytutu Fizyki J\u0105drowej PAN w Krakowie (sygn. K II\u201345)"},"content":{"rendered":"<p style=\"text-align: justify;\"><strong>Instytut Fizyki J\u0105drowej PAN<\/strong> powsta\u0142 w Krakowie w 1955 r. jako Zak\u0142ad II Instytutu Bada\u0144 J\u0105drowych w Warszawie. W 1960 r. zak\u0142ad sta\u0142 si\u0119 odr\u0119bnym instytutem, od 2003 r. funkcjonuje jako Instytut Fizyki J\u0105drowej im. Henryka Niewodnicza\u0144skiego PAN.<\/p>\n<p style=\"text-align: justify;\">Zesp\u00f3\u0142 akt IFJ PAN w Krakowie (sygn. K II\u201345) przechowywany w Archiwum obejmuje obecnie 1,58 mb. akt z lat 1955\u20131974. Ze wzgl\u0119du na trwaj\u0105c\u0105 dzia\u0142alno\u015b\u0107 aktotw\u00f3rcy, czyli Instytutu, zesp\u00f3\u0142 ten stanowi zesp\u00f3\u0142 archiwalny otwarty.<\/p>\n","protected":false},"excerpt":{"rendered":"<p>Instytut Fizyki J\u0105drowej PAN powsta\u0142 w Krakowie w 1955 r. jako Zak\u0142ad II Instytutu Bada\u0144 J\u0105drowych w Warszawie. W 1960 r. zak\u0142ad sta\u0142 si\u0119 odr\u0119bnym instytutem, od 2003 r. funkcjonuje jako Instytut Fizyki J\u0105drowej im. Henryka Niewodnicza\u0144skiego PAN. Zesp\u00f3\u0142 akt IFJ PAN w Krakowie (sygn. K II\u201345) przechowywany w Archiwum obejmuje obecnie 1,58 mb. akt &hellip; <\/p>\n<p class=\"read-more\"><a class=\"btn btn-default\" href=\"https:\/\/archiwumnauki.pan.pl\/?page_id=4865\"> Read More<span class=\"screen-reader-text\">  Read More<\/span><\/a><\/p>\n","protected":false},"author":55,"featured_media":0,"parent":0,"menu_order":0,"comment_status":"closed","ping_status":"closed","template":"","meta":[],"_links":{"self":[{"href":"https:\/\/archiwumnauki.pan.pl\/index.php?rest_route=\/wp\/v2\/pages\/4865"}],"collection":[{"href":"https:\/\/archiwumnauki.pan.pl\/index.php?rest_route=\/wp\/v2\/pages"}],"about":[{"href":"https:\/\/archiwumnauki.pan.pl\/index.php?rest_route=\/wp\/v2\/types\/page"}],"author":[{"embeddable":true,"href":"https:\/\/archiwumnauki.pan.pl\/index.php?rest_route=\/wp\/v2\/users\/55"}],"replies":[{"embeddable":true,"href":"https:\/\/archiwumnauki.pan.pl\/index.php?rest_route=%2Fwp%2Fv2%2Fcomments&post=4865"}],"version-history":[{"count":2,"href":"https:\/\/archiwumnauki.pan.pl\/index.php?rest_route=\/wp\/v2\/pages\/4865\/revisions"}],"predecessor-version":[{"id":4868,"href":"https:\/\/archiwumnauki.pan.pl\/index.php?rest_route=\/wp\/v2\/pages\/4865\/revisions\/4868"}],"wp:attachment":[{"href":"https:\/\/archiwumnauki.pan.pl\/index.php?rest_route=%2Fwp%2Fv2%2Fmedia&parent=4865"}],"curies":[{"name":"wp","href":"https:\/\/api.w.org\/{rel}","templated":true}]}}