{"id":4846,"date":"2023-03-29T17:05:39","date_gmt":"2023-03-29T15:05:39","guid":{"rendered":"https:\/\/archiwumnauki.pan.pl\/?page_id=4846"},"modified":"2023-03-29T17:05:39","modified_gmt":"2023-03-29T15:05:39","slug":"materialy-kazimierza-miczynskiego-1899-1956-sygn-k-iii-9","status":"publish","type":"page","link":"https:\/\/archiwumnauki.pan.pl\/?page_id=4846","title":{"rendered":"Materia\u0142y Kazimierza Miczy\u0144skiego (1899\u20131956) \u2013 sygn. K III\u20139"},"content":{"rendered":"<p><strong>Kazimierz Miczy\u0144ski (1899\u20131956), <\/strong>hodowla ro\u015blin, ornitologia. Prof. Wy\u017cszej Szko\u0142y Rolniczej w Krakowie.<\/p>\n<ul>\n<li>Prace dotycz\u0105ce g\u0142\u00f3wnie uprawy ro\u015blin, wyk\u0142ady i notatki do wyk\u0142ad\u00f3w o uprawie i chorobach ro\u015blin, notatki z do\u015bwiadcze\u0144 nad hodowl\u0105 ro\u015blin, wypisy i notatki z literatury fachowej. Materia\u0142y dotycz\u0105ce ornitologii m. in. r\u0119kopis pracy <em>Ptaki Dublan i okolicy<\/em>, notatki przyrodniczo \u2013 ornitologiczne z l. 1915-1952, wypisy z literatury ornitologicznej.<\/li>\n<li>Materia\u0142y biograficzne: notatki z wyk\u0142ad\u00f3w L. Adametza (og\u00f3lna nauka hodowli zwierz\u0105t, 1921 r.), T. Garbowskiego (notatki zoologiczne, b.d.), J. Hirschlera (wyk\u0142ady zoologiczne, 1918 r.), H. Hoyera (anatomia i histologia zwierz\u0105t domowych, 1919 r.), W. Szafera (zarys paleobotaniki, 1921 r.), W. Vorbrodta (fizjologia ro\u015blin, 1920 r.), E. Za\u0142\u0119skiego (hodowla ro\u015blin, b.d. ). Legitymacja Tatrza\u0144ska, fotografie (8 sztuk) m. in. K. Miczy\u0144skiego.<\/li>\n<li>Protok\u00f3\u0142 pierwszego egzaminu promocyjnego w Studium Rolniczym Uniwersytetu Jagiello\u0144skiego (1891 r.) Kazimierza Miczy\u0144skiego \u2013 ojca (1868\u20131918, prof. Akademii Rolniczej w Dublanach).<\/li>\n<\/ul>\n<p><em>Marta P\u0142atek (Tylka)<br \/>\n<\/em><span style=\"font-size: 10pt;\">\u0179r\u00f3d\u0142o:\u00a0<em>Przewodnik po zasobie Archiwum PAN<\/em>, praca zbiorowa pod kier. H. Krajewska, A. Kulecka, Warszawa 1999, s. 384.<\/span><\/p>\n","protected":false},"excerpt":{"rendered":"<p>Kazimierz Miczy\u0144ski (1899\u20131956), hodowla ro\u015blin, ornitologia. Prof. Wy\u017cszej Szko\u0142y Rolniczej w Krakowie. Prace dotycz\u0105ce g\u0142\u00f3wnie uprawy ro\u015blin, wyk\u0142ady i notatki do wyk\u0142ad\u00f3w o uprawie i chorobach ro\u015blin, notatki z do\u015bwiadcze\u0144 nad hodowl\u0105 ro\u015blin, wypisy i notatki z literatury fachowej. Materia\u0142y dotycz\u0105ce ornitologii m. in. r\u0119kopis pracy Ptaki Dublan i okolicy, notatki przyrodniczo \u2013 ornitologiczne z &hellip; <\/p>\n<p class=\"read-more\"><a class=\"btn btn-default\" href=\"https:\/\/archiwumnauki.pan.pl\/?page_id=4846\"> Read More<span class=\"screen-reader-text\">  Read More<\/span><\/a><\/p>\n","protected":false},"author":55,"featured_media":0,"parent":0,"menu_order":0,"comment_status":"closed","ping_status":"closed","template":"","meta":[],"_links":{"self":[{"href":"https:\/\/archiwumnauki.pan.pl\/index.php?rest_route=\/wp\/v2\/pages\/4846"}],"collection":[{"href":"https:\/\/archiwumnauki.pan.pl\/index.php?rest_route=\/wp\/v2\/pages"}],"about":[{"href":"https:\/\/archiwumnauki.pan.pl\/index.php?rest_route=\/wp\/v2\/types\/page"}],"author":[{"embeddable":true,"href":"https:\/\/archiwumnauki.pan.pl\/index.php?rest_route=\/wp\/v2\/users\/55"}],"replies":[{"embeddable":true,"href":"https:\/\/archiwumnauki.pan.pl\/index.php?rest_route=%2Fwp%2Fv2%2Fcomments&post=4846"}],"version-history":[{"count":1,"href":"https:\/\/archiwumnauki.pan.pl\/index.php?rest_route=\/wp\/v2\/pages\/4846\/revisions"}],"predecessor-version":[{"id":4847,"href":"https:\/\/archiwumnauki.pan.pl\/index.php?rest_route=\/wp\/v2\/pages\/4846\/revisions\/4847"}],"wp:attachment":[{"href":"https:\/\/archiwumnauki.pan.pl\/index.php?rest_route=%2Fwp%2Fv2%2Fmedia&parent=4846"}],"curies":[{"name":"wp","href":"https:\/\/api.w.org\/{rel}","templated":true}]}}