{"id":4843,"date":"2023-03-29T17:02:10","date_gmt":"2023-03-29T15:02:10","guid":{"rendered":"https:\/\/archiwumnauki.pan.pl\/?page_id=4843"},"modified":"2023-03-29T17:02:10","modified_gmt":"2023-03-29T15:02:10","slug":"materialy-edwarda-mianowskiego-1884-1960-sygn-k-iii-38","status":"publish","type":"page","link":"https:\/\/archiwumnauki.pan.pl\/?page_id=4843","title":{"rendered":"Materia\u0142y Edwarda Mianowskiego (1884\u20131960) \u2013 sygn. K III\u201338"},"content":{"rendered":"<p style=\"text-align: justify;\"><strong>Edward Mianowski<\/strong> (1884-1960), chemia. Wyk\u0142adowca UJ.<\/p>\n<p style=\"text-align: justify;\">Fragment materia\u0142\u00f3w z okresu studi\u00f3w w Politechnice Lwowskiej z lat 1904-1907: notatki z wyk\u0142ad\u00f3w prof. S. Niementowskiego (chemia organiczna) oraz profesor\u00f3w: B. Pawlewskiego i W. Syniewskiego (technologia chemiczna).<\/p>\n<p style=\"text-align: justify;\"><em>Jan Poradzisz<br \/>\n<\/em><span style=\"font-size: 10pt;\">\u0179r\u00f3d\u0142o: <em>Przewodnik po zasobie Archiwum PAN<\/em>, praca zbiorowa pod kier. H. Krajewska, A. Kulecka, Warszawa 1999, s. 383.<\/span><\/p>\n","protected":false},"excerpt":{"rendered":"<p>Edward Mianowski (1884-1960), chemia. Wyk\u0142adowca UJ. Fragment materia\u0142\u00f3w z okresu studi\u00f3w w Politechnice Lwowskiej z lat 1904-1907: notatki z wyk\u0142ad\u00f3w prof. S. Niementowskiego (chemia organiczna) oraz profesor\u00f3w: B. Pawlewskiego i W. Syniewskiego (technologia chemiczna). Jan Poradzisz \u0179r\u00f3d\u0142o: Przewodnik po zasobie Archiwum PAN, praca zbiorowa pod kier. H. Krajewska, A. Kulecka, Warszawa 1999, s. 383.<\/p>\n","protected":false},"author":55,"featured_media":0,"parent":0,"menu_order":0,"comment_status":"closed","ping_status":"closed","template":"","meta":[],"_links":{"self":[{"href":"https:\/\/archiwumnauki.pan.pl\/index.php?rest_route=\/wp\/v2\/pages\/4843"}],"collection":[{"href":"https:\/\/archiwumnauki.pan.pl\/index.php?rest_route=\/wp\/v2\/pages"}],"about":[{"href":"https:\/\/archiwumnauki.pan.pl\/index.php?rest_route=\/wp\/v2\/types\/page"}],"author":[{"embeddable":true,"href":"https:\/\/archiwumnauki.pan.pl\/index.php?rest_route=\/wp\/v2\/users\/55"}],"replies":[{"embeddable":true,"href":"https:\/\/archiwumnauki.pan.pl\/index.php?rest_route=%2Fwp%2Fv2%2Fcomments&post=4843"}],"version-history":[{"count":1,"href":"https:\/\/archiwumnauki.pan.pl\/index.php?rest_route=\/wp\/v2\/pages\/4843\/revisions"}],"predecessor-version":[{"id":4844,"href":"https:\/\/archiwumnauki.pan.pl\/index.php?rest_route=\/wp\/v2\/pages\/4843\/revisions\/4844"}],"wp:attachment":[{"href":"https:\/\/archiwumnauki.pan.pl\/index.php?rest_route=%2Fwp%2Fv2%2Fmedia&parent=4843"}],"curies":[{"name":"wp","href":"https:\/\/api.w.org\/{rel}","templated":true}]}}