{"id":4834,"date":"2023-03-29T16:51:43","date_gmt":"2023-03-29T14:51:43","guid":{"rendered":"https:\/\/archiwumnauki.pan.pl\/?page_id=4834"},"modified":"2023-03-30T12:55:21","modified_gmt":"2023-03-30T10:55:21","slug":"materialy-leona-marchlewskiego-1869-1946-sygn-k-iii-73","status":"publish","type":"page","link":"https:\/\/archiwumnauki.pan.pl\/?page_id=4834","title":{"rendered":"Materia\u0142y Leona Marchlewskiego (1869\u20131946) \u2013 sygn. K III\u201373"},"content":{"rendered":"<p style=\"text-align: justify;\"><strong>Leon Marchlewski (1869\u20131946),<\/strong> chemia, biochemia.<\/p>\n<p style=\"text-align: justify;\">Prof. i rektor UJ, cz\u0142. PAU.<\/p>\n<ul style=\"text-align: justify;\">\n<li>Prace, ekspertyzy, materia\u0142y warsztatowe.<\/li>\n<li>Fragmenty materia\u0142\u00f3w dzia\u0142alno\u015bci dydaktyczno\u2013organizacyjnej w UJ, Instytucie Rolniczym w Bydgoszczy, Pu\u0142awach, w PAU i w Krakowskim Ksi\u0105\u017c\u0119co-Biskupim Komitecie Pomocy w latach 1917\u20131918. Obszerna grupa materia\u0142\u00f3w dzia\u0142alno\u015bci w Fundacji Zak\u0142ady K\u00f3rnickie z lat 1927\u20131931.<\/li>\n<li>Fragment materia\u0142\u00f3w biograficznych i korespondencji z lat 1901\u20131937.<\/li>\n<\/ul>\n<p style=\"text-align: justify;\"><em>Rita Majkowska<br \/>\n<\/em><span style=\"font-size: 10pt;\">\u0179r\u00f3d\u0142o:\u00a0<em>Przewodnik po zasobie Archiwum PAN,\u00a0<\/em>praca zbiorowa pod kier. H. Krajewska, A. Kulecka, Warszawa 1999, s. 382.<\/span><\/p>\n","protected":false},"excerpt":{"rendered":"<p>Leon Marchlewski (1869\u20131946), chemia, biochemia. Prof. i rektor UJ, cz\u0142. PAU. Prace, ekspertyzy, materia\u0142y warsztatowe. Fragmenty materia\u0142\u00f3w dzia\u0142alno\u015bci dydaktyczno\u2013organizacyjnej w UJ, Instytucie Rolniczym w Bydgoszczy, Pu\u0142awach, w PAU i w Krakowskim Ksi\u0105\u017c\u0119co-Biskupim Komitecie Pomocy w latach 1917\u20131918. Obszerna grupa materia\u0142\u00f3w dzia\u0142alno\u015bci w Fundacji Zak\u0142ady K\u00f3rnickie z lat 1927\u20131931. Fragment materia\u0142\u00f3w biograficznych i korespondencji z lat &hellip; <\/p>\n<p class=\"read-more\"><a class=\"btn btn-default\" href=\"https:\/\/archiwumnauki.pan.pl\/?page_id=4834\"> Read More<span class=\"screen-reader-text\">  Read More<\/span><\/a><\/p>\n","protected":false},"author":55,"featured_media":0,"parent":0,"menu_order":0,"comment_status":"closed","ping_status":"closed","template":"","meta":[],"_links":{"self":[{"href":"https:\/\/archiwumnauki.pan.pl\/index.php?rest_route=\/wp\/v2\/pages\/4834"}],"collection":[{"href":"https:\/\/archiwumnauki.pan.pl\/index.php?rest_route=\/wp\/v2\/pages"}],"about":[{"href":"https:\/\/archiwumnauki.pan.pl\/index.php?rest_route=\/wp\/v2\/types\/page"}],"author":[{"embeddable":true,"href":"https:\/\/archiwumnauki.pan.pl\/index.php?rest_route=\/wp\/v2\/users\/55"}],"replies":[{"embeddable":true,"href":"https:\/\/archiwumnauki.pan.pl\/index.php?rest_route=%2Fwp%2Fv2%2Fcomments&post=4834"}],"version-history":[{"count":5,"href":"https:\/\/archiwumnauki.pan.pl\/index.php?rest_route=\/wp\/v2\/pages\/4834\/revisions"}],"predecessor-version":[{"id":4878,"href":"https:\/\/archiwumnauki.pan.pl\/index.php?rest_route=\/wp\/v2\/pages\/4834\/revisions\/4878"}],"wp:attachment":[{"href":"https:\/\/archiwumnauki.pan.pl\/index.php?rest_route=%2Fwp%2Fv2%2Fmedia&parent=4834"}],"curies":[{"name":"wp","href":"https:\/\/api.w.org\/{rel}","templated":true}]}}