{"id":4830,"date":"2023-03-29T16:48:13","date_gmt":"2023-03-29T14:48:13","guid":{"rendered":"https:\/\/archiwumnauki.pan.pl\/?page_id=4830"},"modified":"2023-03-29T16:48:13","modified_gmt":"2023-03-29T14:48:13","slug":"materialy-tadeusza-mankowskiego-1878-1956-sygn-k-iii-12","status":"publish","type":"page","link":"https:\/\/archiwumnauki.pan.pl\/?page_id=4830","title":{"rendered":"Materia\u0142y Tadeusza Ma\u0144kowskiego (1878\u20131956) \u2013 sygn. K III\u201312"},"content":{"rendered":"<p><strong>Tadeusz Ma\u0144kowski<\/strong> (1878\u20131956) by\u0142 historykiem sztuki, prof. UJ, cz\u0142onkiem Polskiej Akademii Umiej\u0119tno\u015bci i Towarzystwa Naukowego Warszawskiego.<\/p>\n<p>Z wykszta\u0142cenia by\u0142 prawnikiem (absolwent Uniwersytetu Lwowskiego), pracowa\u0142 jako adwokat. R\u00f3wnolegle rozwija\u0142 swoj\u0105 pasj\u0119, jak\u0105 by\u0142a historia sztuki. Jeszcze jako czynny adwokat opublikowa\u0142 kilkana\u015bcie prac naukowych, w 1930 r. ostatecznie zerwa\u0142 z adwokatur\u0105 i po\u015bwi\u0119ci\u0142 si\u0119 dzia\u0142alno\u015bci badawczej. Cz\u0142onek Komisji Historii Sztuki PAU od 1927 r. Cz\u0142onek TNW od 1936 r. Okres II wojny \u015bwiatowej sp\u0119dzi\u0142 we Lwowie, gdzie pracowa\u0142 w Bibliotece im. Ossoli\u0144skich. Od 1945 r. dyrektor Pa\u0144stwowych Zbior\u00f3w Sztuki na Wawelu. Cz\u0142onek PAN, kierowa\u0142 Zak\u0142adem Historii Sztuki. Od 1951 r. wyk\u0142ada\u0142 na UJ.<\/p>\n<p>Spu\u015bcizna Tadeusza Ma\u0144kowskiego (sygn. K III\u201312) obejmuje 2,00 mb. akt. Zosta\u0142a opracowana przez Andrzeja Kami\u0144skiego. Inwentarz opublikowano w &#8222;Biuletynie Archiwum PAN&#8221; nr 8.<\/p>\n<p>W sk\u0142ad materia\u0142\u00f3w T. Ma\u0144kowskiego wchodz\u0105 m.in.:<\/p>\n<ul>\n<li>prace w\u0142asne tw\u00f3rcy spu\u015bcizny, zar\u00f3wno publikowane, jak i niepublikowane, po\u015bwi\u0119cone historii sztuki polskiej, rzemios\u0142u artystycznemu, kolekcjonerstwie dzie\u0142 sztuki, wp\u0142ywu sztuki orientalnej na sztuk\u0119 polsk\u0105, sztuki Lwowa oraz dziej\u00f3w Wawelu,<\/li>\n<li>recenzje, \u017cyciorysy historyk\u00f3w sztuki, teksty i konspekty wyk\u0142ad\u00f3w na Uniwersytecie Jagiello\u0144skim (w tym po\u015bwi\u0119cone sztuce orientalnej oraz sztuce i kulturze polskiej epoki stanis\u0142awowskiej),<\/li>\n<li>materia\u0142y warsztatowe (wypisy archiwalne i biblioteczne, notatki bibliograficzne, wycinki prasowe dotycz\u0105ce historii sztuki, rzemios\u0142a artystycznego, wp\u0142ywu sztuki orientalnej na polsk\u0105,<\/li>\n<li>zbi\u00f3r fotografii, rysunk\u00f3w, klisz (ok. 2100 szt.), dokumentuj\u0105cych zabytki architektury i dzie\u0142a sztuki (w tym rzemios\u0142a artystycznego), a tak\u017ce fotografie z podr\u00f3\u017cy do kraj\u00f3w Europt Zachodniej (1929, 1930, 1932),<\/li>\n<li>materia\u0142y dzia\u0142alno\u015bci wydawniczej, w tym korespondencja 1937\u20131938, artyku\u0142y i recenzje, korespondencja i umowy z wydawnictwami w sprawie druku prac (1950-1961),<\/li>\n<li>nieliczne materia\u0142y zwi\u0105zane z dzia\u0142alno\u015bci\u0105 dydaktyczn\u0105 na Uniwersytecie Jagiello\u0144skim z lat 1951\u20131955,<\/li>\n<li>materia\u0142y biograficzne (1878\u20131956): dokumenty szkolne i uniwersyteckie, dotycz\u0105ce dzia\u0142alno\u015bci zawodowej w adwokaturze oraz w instytucjach nauki i kultury, cz\u0142onkostwa w towarzystwach naukowych (polskich i zagranicznych), dyplomy i odznaczenia pa\u0144stwowe, legitymacje s\u0142u\u017cbowe, autoreferaty i bibliografia prac,<\/li>\n<li>korespondencja z uczonymi polskimi i zagranicznymi oraz z instytucjami naukowymi z lat 1903\u20131956,<\/li>\n<li>materia\u0142y rodzinne (korespondencja \u017cony, materia\u0142y rodzic\u00f3w T. Ma\u0144kowskiego) i os\u00f3b obcych, m. in. Z. Wygodzkiej oraz dwa albumy fotografii znajomych.<\/li>\n<\/ul>\n<p>Inwentarz spu\u015bcizny T. Ma\u0144kowskiego dost\u0119pny jest pod linkiem: <a href=\"https:\/\/archiwum.pan.pl\/images\/wydawnictwa\/Biuletyn_8.pdf\">https:\/\/archiwum.pan.pl\/images\/wydawnictwa\/Biuletyn_8.pdf<\/a>.<\/p>\n<p><span style=\"font-size: 10pt;\">Na podstawie: A. Kami\u0144ski,<em> Materia\u0142y T. Ma\u0144kowskiego, <\/em>\u201cBiul. APAN\u201d Nr 8: 1965, s. 13\u201354; R. Majkowska, <em>Tadeusz Ma\u0144kowski<\/em>, w: <em>Przewodnik po zasobie Archiwum PAN,\u00a0<\/em>praca zbiorowa pod kier. H. Krajewska, A. Kulecka, Warszawa 1999, s. 381.<\/span><\/p>\n","protected":false},"excerpt":{"rendered":"<p>Tadeusz Ma\u0144kowski (1878\u20131956) by\u0142 historykiem sztuki, prof. UJ, cz\u0142onkiem Polskiej Akademii Umiej\u0119tno\u015bci i Towarzystwa Naukowego Warszawskiego. Z wykszta\u0142cenia by\u0142 prawnikiem (absolwent Uniwersytetu Lwowskiego), pracowa\u0142 jako adwokat. R\u00f3wnolegle rozwija\u0142 swoj\u0105 pasj\u0119, jak\u0105 by\u0142a historia sztuki. Jeszcze jako czynny adwokat opublikowa\u0142 kilkana\u015bcie prac naukowych, w 1930 r. ostatecznie zerwa\u0142 z adwokatur\u0105 i po\u015bwi\u0119ci\u0142 si\u0119 dzia\u0142alno\u015bci badawczej. Cz\u0142onek &hellip; <\/p>\n<p class=\"read-more\"><a class=\"btn btn-default\" href=\"https:\/\/archiwumnauki.pan.pl\/?page_id=4830\"> Read More<span class=\"screen-reader-text\">  Read More<\/span><\/a><\/p>\n","protected":false},"author":55,"featured_media":0,"parent":0,"menu_order":0,"comment_status":"closed","ping_status":"closed","template":"","meta":[],"_links":{"self":[{"href":"https:\/\/archiwumnauki.pan.pl\/index.php?rest_route=\/wp\/v2\/pages\/4830"}],"collection":[{"href":"https:\/\/archiwumnauki.pan.pl\/index.php?rest_route=\/wp\/v2\/pages"}],"about":[{"href":"https:\/\/archiwumnauki.pan.pl\/index.php?rest_route=\/wp\/v2\/types\/page"}],"author":[{"embeddable":true,"href":"https:\/\/archiwumnauki.pan.pl\/index.php?rest_route=\/wp\/v2\/users\/55"}],"replies":[{"embeddable":true,"href":"https:\/\/archiwumnauki.pan.pl\/index.php?rest_route=%2Fwp%2Fv2%2Fcomments&post=4830"}],"version-history":[{"count":1,"href":"https:\/\/archiwumnauki.pan.pl\/index.php?rest_route=\/wp\/v2\/pages\/4830\/revisions"}],"predecessor-version":[{"id":4832,"href":"https:\/\/archiwumnauki.pan.pl\/index.php?rest_route=\/wp\/v2\/pages\/4830\/revisions\/4832"}],"wp:attachment":[{"href":"https:\/\/archiwumnauki.pan.pl\/index.php?rest_route=%2Fwp%2Fv2%2Fmedia&parent=4830"}],"curies":[{"name":"wp","href":"https:\/\/api.w.org\/{rel}","templated":true}]}}