{"id":4813,"date":"2023-03-29T15:10:03","date_gmt":"2023-03-29T13:10:03","guid":{"rendered":"https:\/\/archiwumnauki.pan.pl\/?page_id=4813"},"modified":"2023-03-29T15:19:24","modified_gmt":"2023-03-29T13:19:24","slug":"grupa-robocza-ds-odszkodowan-dla-wiezniow-zakladow-ludobojstwa-trzeciej-rzeszy-oraz-dla-ich-spadkobiercow-sygn-k-i-10","status":"publish","type":"page","link":"https:\/\/archiwumnauki.pan.pl\/?page_id=4813","title":{"rendered":"Grupa Robocza ds. Odszkodowa\u0144 dla Wi\u0119\u017ani\u00f3w Zak\u0142ad\u00f3w Ludob\u00f3jstwa Trzeciej Rzeszy oraz dla ich Spadkobierc\u00f3w (sygn. K I\u201310)"},"content":{"rendered":"<p style=\"text-align: justify;\">Materia\u0142y <strong>Grupy<\/strong>\u00a0<strong>Roboczej\u00a0ds. Odszkodowa\u0144 dla Wi\u0119\u017ani\u00f3w Zak\u0142ad\u00f3w Ludob\u00f3jstwa Trzeciej Rzeszy oraz dla ich Spadkobierc\u00f3w<\/strong> (sygn. K I\u201310) zosta\u0142y przekazane do Archiwum w 1995 r.<\/p>\n<p style=\"text-align: justify;\">Zesp\u00f3\u0142 zawiera 0,30 mb. akt (19 j.). Jako pomoc ewidencyjna sporz\u0105dzony zosta\u0142 spis jednostek. W sk\u0142ad zespo\u0142u wchodzi dokumentacja Grupy, m.in. sprawozdania, wyst\u0105pienia Grupy wobec w\u0142adz i instytucji (w tym skargi do Europejskiej Komisji Praw Cz\u0142owieka, podpisy by\u0142ych wi\u0119\u017ani\u00f3w oboz\u00f3w koncentracyjnych pod &#8222;Apelem do wszystkich narod\u00f3w \u015bwiata&#8221;) oraz otrzymane odpowiedzi, opinie prawne, korespondencja cz\u0142onk\u00f3w Grupy.<\/p>\n<p style=\"text-align: justify;\"><em>M.P.<\/em><\/p>\n","protected":false},"excerpt":{"rendered":"<p>Materia\u0142y Grupy\u00a0Roboczej\u00a0ds. Odszkodowa\u0144 dla Wi\u0119\u017ani\u00f3w Zak\u0142ad\u00f3w Ludob\u00f3jstwa Trzeciej Rzeszy oraz dla ich Spadkobierc\u00f3w (sygn. K I\u201310) zosta\u0142y przekazane do Archiwum w 1995 r. Zesp\u00f3\u0142 zawiera 0,30 mb. akt (19 j.). Jako pomoc ewidencyjna sporz\u0105dzony zosta\u0142 spis jednostek. W sk\u0142ad zespo\u0142u wchodzi dokumentacja Grupy, m.in. sprawozdania, wyst\u0105pienia Grupy wobec w\u0142adz i instytucji (w tym skargi do &hellip; <\/p>\n<p class=\"read-more\"><a class=\"btn btn-default\" href=\"https:\/\/archiwumnauki.pan.pl\/?page_id=4813\"> Read More<span class=\"screen-reader-text\">  Read More<\/span><\/a><\/p>\n","protected":false},"author":55,"featured_media":0,"parent":0,"menu_order":0,"comment_status":"closed","ping_status":"closed","template":"","meta":[],"_links":{"self":[{"href":"https:\/\/archiwumnauki.pan.pl\/index.php?rest_route=\/wp\/v2\/pages\/4813"}],"collection":[{"href":"https:\/\/archiwumnauki.pan.pl\/index.php?rest_route=\/wp\/v2\/pages"}],"about":[{"href":"https:\/\/archiwumnauki.pan.pl\/index.php?rest_route=\/wp\/v2\/types\/page"}],"author":[{"embeddable":true,"href":"https:\/\/archiwumnauki.pan.pl\/index.php?rest_route=\/wp\/v2\/users\/55"}],"replies":[{"embeddable":true,"href":"https:\/\/archiwumnauki.pan.pl\/index.php?rest_route=%2Fwp%2Fv2%2Fcomments&post=4813"}],"version-history":[{"count":2,"href":"https:\/\/archiwumnauki.pan.pl\/index.php?rest_route=\/wp\/v2\/pages\/4813\/revisions"}],"predecessor-version":[{"id":4823,"href":"https:\/\/archiwumnauki.pan.pl\/index.php?rest_route=\/wp\/v2\/pages\/4813\/revisions\/4823"}],"wp:attachment":[{"href":"https:\/\/archiwumnauki.pan.pl\/index.php?rest_route=%2Fwp%2Fv2%2Fmedia&parent=4813"}],"curies":[{"name":"wp","href":"https:\/\/api.w.org\/{rel}","templated":true}]}}