{"id":4810,"date":"2023-03-29T10:42:28","date_gmt":"2023-03-29T08:42:28","guid":{"rendered":"https:\/\/archiwumnauki.pan.pl\/?page_id=4810"},"modified":"2023-03-29T15:19:31","modified_gmt":"2023-03-29T13:19:31","slug":"materialy-fundacji-panteon-narodowy-na-skalce-sygn-k-i-21","status":"publish","type":"page","link":"https:\/\/archiwumnauki.pan.pl\/?page_id=4810","title":{"rendered":"Materia\u0142y Fundacji \u201ePanteon Narodowy na Ska\u0142ce&#8221; (sygn. K I\u201321)"},"content":{"rendered":"<p style=\"text-align: justify;\"><strong>Fundacja &#8222;Panteon Narodowy na Ska\u0142ce&#8221;\u00a0<\/strong>zosta\u0142a za\u0142o\u017cona w 2006 roku przez Klasztor Ojc\u00f3w Paulin\u00f3w na Ska\u0142ce oraz Polsk\u0105 Akademi\u0119 Umiej\u0119tno\u015bci. Celem Fundacji by\u0142o stworzenie Panteonu Narodowego w Krakowie poprzez rozbudow\u0119 tzw. Krypty Zas\u0142u\u017conych w klasztorze na Ska\u0142ce. Zako\u0144czy\u0142a dzia\u0142alno\u015b\u0107 w 2009 roku.<\/p>\n<p style=\"text-align: justify;\">W zespole archiwalnym Fundacji &#8222;Panteon Narodowy na Ska\u0142ce&#8221; znajduje si\u0119 0,60 mb. akt. Fundacji z okresu 2006\u20132009. Pomoc\u0105 ewidencyjn\u0105 jest spis zdawczo-odbiorczy.<\/p>\n<p style=\"text-align: justify;\"><em>M. Pir\u00f3g<\/em><\/p>\n","protected":false},"excerpt":{"rendered":"<p>Fundacja &#8222;Panteon Narodowy na Ska\u0142ce&#8221;\u00a0zosta\u0142a za\u0142o\u017cona w 2006 roku przez Klasztor Ojc\u00f3w Paulin\u00f3w na Ska\u0142ce oraz Polsk\u0105 Akademi\u0119 Umiej\u0119tno\u015bci. Celem Fundacji by\u0142o stworzenie Panteonu Narodowego w Krakowie poprzez rozbudow\u0119 tzw. Krypty Zas\u0142u\u017conych w klasztorze na Ska\u0142ce. Zako\u0144czy\u0142a dzia\u0142alno\u015b\u0107 w 2009 roku. W zespole archiwalnym Fundacji &#8222;Panteon Narodowy na Ska\u0142ce&#8221; znajduje si\u0119 0,60 mb. akt. Fundacji &hellip; <\/p>\n<p class=\"read-more\"><a class=\"btn btn-default\" href=\"https:\/\/archiwumnauki.pan.pl\/?page_id=4810\"> Read More<span class=\"screen-reader-text\">  Read More<\/span><\/a><\/p>\n","protected":false},"author":55,"featured_media":0,"parent":0,"menu_order":0,"comment_status":"closed","ping_status":"closed","template":"","meta":[],"_links":{"self":[{"href":"https:\/\/archiwumnauki.pan.pl\/index.php?rest_route=\/wp\/v2\/pages\/4810"}],"collection":[{"href":"https:\/\/archiwumnauki.pan.pl\/index.php?rest_route=\/wp\/v2\/pages"}],"about":[{"href":"https:\/\/archiwumnauki.pan.pl\/index.php?rest_route=\/wp\/v2\/types\/page"}],"author":[{"embeddable":true,"href":"https:\/\/archiwumnauki.pan.pl\/index.php?rest_route=\/wp\/v2\/users\/55"}],"replies":[{"embeddable":true,"href":"https:\/\/archiwumnauki.pan.pl\/index.php?rest_route=%2Fwp%2Fv2%2Fcomments&post=4810"}],"version-history":[{"count":2,"href":"https:\/\/archiwumnauki.pan.pl\/index.php?rest_route=\/wp\/v2\/pages\/4810\/revisions"}],"predecessor-version":[{"id":4824,"href":"https:\/\/archiwumnauki.pan.pl\/index.php?rest_route=\/wp\/v2\/pages\/4810\/revisions\/4824"}],"wp:attachment":[{"href":"https:\/\/archiwumnauki.pan.pl\/index.php?rest_route=%2Fwp%2Fv2%2Fmedia&parent=4810"}],"curies":[{"name":"wp","href":"https:\/\/api.w.org\/{rel}","templated":true}]}}