{"id":4770,"date":"2023-03-28T16:01:15","date_gmt":"2023-03-28T14:01:15","guid":{"rendered":"https:\/\/archiwumnauki.pan.pl\/?page_id=4770"},"modified":"2023-03-28T16:01:15","modified_gmt":"2023-03-28T14:01:15","slug":"materialy-instytutu-kresow-wschodnich-im-sw-brunona-bonifacego-sygn-k-i-20","status":"publish","type":"page","link":"https:\/\/archiwumnauki.pan.pl\/?page_id=4770","title":{"rendered":"Materia\u0142y Instytutu Kres\u00f3w Wschodnich im. \u015bw. Brunona Bonifacego (sygn. K I\u201320)"},"content":{"rendered":"<p style=\"text-align: justify;\">Zebranie za\u0142o\u017cycielskie <strong>Instytutu Kres\u00f3w Wschodnich im. \u015bw. Brunona Bonifacego<\/strong> odby\u0142o si\u0119 w grudniu 1990 r. w Przemy\u015blu. Stowarzyszenie zosta\u0142o wpisane do rejestru w lutym 1991 r.\u00a0 Instytut ma na celu prowadzenie i promocj\u0119 bada\u0144 nad problematyk\u0105 wzajemnych stosunk\u00f3w mi\u0119dzy pa\u0144stwami i narodami Europy Wschodniej.<\/p>\n<p style=\"text-align: justify;\">Materia\u0142y Instytutu, przekazane do Archiwum Nauki, stanowi\u0105 zesp\u00f3\u0142 archiwalny o sygnaturze K I\u201320, zawieraj\u0105cy 0,07 mb. akt (7 j.). W sk\u0142ad zespo\u0142u wchodzi dokumentacja dzia\u0142alno\u015bci Instytutu z lat 1990\u20131994, w tym m.in. statut, materia\u0142y dot. organizacji Instytutu, plany i sprawozdania, dokumentacja dot. dzia\u0142alno\u015bci wydawniczej<\/p>\n<p style=\"text-align: justify;\"><em>M. Pir\u00f3g<\/em><\/p>\n","protected":false},"excerpt":{"rendered":"<p>Zebranie za\u0142o\u017cycielskie Instytutu Kres\u00f3w Wschodnich im. \u015bw. Brunona Bonifacego odby\u0142o si\u0119 w grudniu 1990 r. w Przemy\u015blu. Stowarzyszenie zosta\u0142o wpisane do rejestru w lutym 1991 r.\u00a0 Instytut ma na celu prowadzenie i promocj\u0119 bada\u0144 nad problematyk\u0105 wzajemnych stosunk\u00f3w mi\u0119dzy pa\u0144stwami i narodami Europy Wschodniej. Materia\u0142y Instytutu, przekazane do Archiwum Nauki, stanowi\u0105 zesp\u00f3\u0142 archiwalny o sygnaturze &hellip; <\/p>\n<p class=\"read-more\"><a class=\"btn btn-default\" href=\"https:\/\/archiwumnauki.pan.pl\/?page_id=4770\"> Read More<span class=\"screen-reader-text\">  Read More<\/span><\/a><\/p>\n","protected":false},"author":55,"featured_media":0,"parent":0,"menu_order":0,"comment_status":"closed","ping_status":"closed","template":"","meta":[],"_links":{"self":[{"href":"https:\/\/archiwumnauki.pan.pl\/index.php?rest_route=\/wp\/v2\/pages\/4770"}],"collection":[{"href":"https:\/\/archiwumnauki.pan.pl\/index.php?rest_route=\/wp\/v2\/pages"}],"about":[{"href":"https:\/\/archiwumnauki.pan.pl\/index.php?rest_route=\/wp\/v2\/types\/page"}],"author":[{"embeddable":true,"href":"https:\/\/archiwumnauki.pan.pl\/index.php?rest_route=\/wp\/v2\/users\/55"}],"replies":[{"embeddable":true,"href":"https:\/\/archiwumnauki.pan.pl\/index.php?rest_route=%2Fwp%2Fv2%2Fcomments&post=4770"}],"version-history":[{"count":1,"href":"https:\/\/archiwumnauki.pan.pl\/index.php?rest_route=\/wp\/v2\/pages\/4770\/revisions"}],"predecessor-version":[{"id":4771,"href":"https:\/\/archiwumnauki.pan.pl\/index.php?rest_route=\/wp\/v2\/pages\/4770\/revisions\/4771"}],"wp:attachment":[{"href":"https:\/\/archiwumnauki.pan.pl\/index.php?rest_route=%2Fwp%2Fv2%2Fmedia&parent=4770"}],"curies":[{"name":"wp","href":"https:\/\/api.w.org\/{rel}","templated":true}]}}