{"id":4762,"date":"2023-03-28T15:23:47","date_gmt":"2023-03-28T13:23:47","guid":{"rendered":"https:\/\/archiwumnauki.pan.pl\/?page_id=4762"},"modified":"2023-03-28T15:28:19","modified_gmt":"2023-03-28T13:28:19","slug":"materialy-polskiego-towarzystwa-toksykologicznego-sygn-k-i-18","status":"publish","type":"page","link":"https:\/\/archiwumnauki.pan.pl\/?page_id=4762","title":{"rendered":"Materia\u0142y Polskiego Towarzystwa Toksykologicznego (sygn. K I\u201318)"},"content":{"rendered":"<p style=\"text-align: justify;\"><strong>Polskie Towarzystwo Toksykologiczne <\/strong>powo\u0142ano 8 marca 1978 r. jako stowarzyszenie naukowe, dzia\u0142aj\u0105ce pod egid\u0105 Polskiej Akademii Nauk. Walny Zjazd Organizacyjny PTT wybra\u0142 w maju 1978 r. na pierwszego przewodnicz\u0105cego prof. W\u0142adys\u0142awa Rusieckiego, uprzednio organizatora Sekcji Toksykologicznej Polskiego Towarzystwa Farmakologicznego. Pierwsz\u0105 siedzib\u0105 Zarz\u0105du PTT by\u0142a Warszawa, w 1993 r. zadecydowano o jego przeniesieniu do Krakowa.<\/p>\n<p style=\"text-align: justify;\">Materia\u0142y Polskiego Towarzystwa Toksykologicznego (sygn. K I\u201318) stanowi\u0105 ok. 2,43 mb. akt. Pomoc\u0105 ewidencyjn\u0105 jest spis jednostek.<\/p>\n<p style=\"text-align: justify;\">W zespole akt znajduj\u0105 si\u0119 m.in. akty normatywne (statut PTT, instrukcje, regulaminy, wytyczne), dokumentacja Walnych Zjazd\u00f3w Delegat\u00f3w (1978, 1981, 1987, 1990, 1993, 1996, 1999, 2002), akta Zarz\u0105du G\u0142\u00f3wnego PTT (rejestry uchwa\u0142 z lat 1978\u20131993, protoko\u0142y posiedze\u0144 1982\u20131999, 2001, sprawozdania kadencyjne i roczne 1978\u20132005), materia\u0142y Komisji Ekspert\u00f3w, Metod Analitycznych, Nagr\u00f3d, Nomenklatury, Statutowej, Szkoleniowej, Upowszechniania Wiedzy Toksykologicznej, Wydawniczej oraz Zespo\u0142u ds. dzia\u0142alno\u015bci gospodarczej PTT, dokumentacja Komisji Rewizyjnej i S\u0105du Kole\u017ce\u0144skiego, akta cz\u0142onk\u00f3w wg oddzia\u0142\u00f3w oraz wykazy publikacji cz\u0142onk\u00f3w.<\/p>\n<p style=\"text-align: justify;\">Zesp\u00f3\u0142 zawiera r\u00f3wnie\u017c materia\u0142y poszczeg\u00f3lnych Oddzia\u0142\u00f3w (Bia\u0142ostockiego, Gda\u0144skiego, Krakowskiego, Lubelskiego, \u0141\u00f3dzkiego, Pozna\u0144skiego, Szczeci\u0144skiego, \u015al\u0105skiego, Warmi\u0144sk0-Mazurskiego, Warszawskiego, Wroc\u0142awskiego), materia\u0142y redakcyjne wydawnictw PTT, dokumentacj\u0119 dot. zjazd\u00f3w i konferencji, szkole\u0144, wsp\u00f3\u0142pracy mi\u0119dzynarodowej, a tak\u017ce akta finansowe i korespondencj\u0119 w sprawach r\u00f3\u017cnych.<\/p>\n<p style=\"text-align: justify;\"><em>MP<\/em><\/p>\n","protected":false},"excerpt":{"rendered":"<p>Polskie Towarzystwo Toksykologiczne powo\u0142ano 8 marca 1978 r. jako stowarzyszenie naukowe, dzia\u0142aj\u0105ce pod egid\u0105 Polskiej Akademii Nauk. Walny Zjazd Organizacyjny PTT wybra\u0142 w maju 1978 r. na pierwszego przewodnicz\u0105cego prof. W\u0142adys\u0142awa Rusieckiego, uprzednio organizatora Sekcji Toksykologicznej Polskiego Towarzystwa Farmakologicznego. Pierwsz\u0105 siedzib\u0105 Zarz\u0105du PTT by\u0142a Warszawa, w 1993 r. zadecydowano o jego przeniesieniu do Krakowa. Materia\u0142y &hellip; <\/p>\n<p class=\"read-more\"><a class=\"btn btn-default\" href=\"https:\/\/archiwumnauki.pan.pl\/?page_id=4762\"> Read More<span class=\"screen-reader-text\">  Read More<\/span><\/a><\/p>\n","protected":false},"author":55,"featured_media":0,"parent":0,"menu_order":0,"comment_status":"closed","ping_status":"closed","template":"","meta":[],"_links":{"self":[{"href":"https:\/\/archiwumnauki.pan.pl\/index.php?rest_route=\/wp\/v2\/pages\/4762"}],"collection":[{"href":"https:\/\/archiwumnauki.pan.pl\/index.php?rest_route=\/wp\/v2\/pages"}],"about":[{"href":"https:\/\/archiwumnauki.pan.pl\/index.php?rest_route=\/wp\/v2\/types\/page"}],"author":[{"embeddable":true,"href":"https:\/\/archiwumnauki.pan.pl\/index.php?rest_route=\/wp\/v2\/users\/55"}],"replies":[{"embeddable":true,"href":"https:\/\/archiwumnauki.pan.pl\/index.php?rest_route=%2Fwp%2Fv2%2Fcomments&post=4762"}],"version-history":[{"count":1,"href":"https:\/\/archiwumnauki.pan.pl\/index.php?rest_route=\/wp\/v2\/pages\/4762\/revisions"}],"predecessor-version":[{"id":4763,"href":"https:\/\/archiwumnauki.pan.pl\/index.php?rest_route=\/wp\/v2\/pages\/4762\/revisions\/4763"}],"wp:attachment":[{"href":"https:\/\/archiwumnauki.pan.pl\/index.php?rest_route=%2Fwp%2Fv2%2Fmedia&parent=4762"}],"curies":[{"name":"wp","href":"https:\/\/api.w.org\/{rel}","templated":true}]}}