{"id":4744,"date":"2023-03-28T14:35:07","date_gmt":"2023-03-28T12:35:07","guid":{"rendered":"https:\/\/archiwumnauki.pan.pl\/?page_id=4744"},"modified":"2025-12-23T14:01:25","modified_gmt":"2025-12-23T13:01:25","slug":"materialy-polskiego-towarzystwa-farmakologicznego-sygn-k-i-14","status":"publish","type":"page","link":"https:\/\/archiwumnauki.pan.pl\/?page_id=4744","title":{"rendered":"Materia\u0142y Polskiego Towarzystwa Farmakologicznego (sygn. K I\u201314)"},"content":{"rendered":"<p style=\"text-align: justify;\"><strong>Polskie Towarzystwo Farmakologiczne\u00a0<\/strong>zawi\u0105zano w 1965 roku na bazie sekcji farmakologicznej dzia\u0142aj\u0105cej przy Polskim Towarzystwie Fizjologicznym. Statut nowego stowarzyszenia zaakceptowa\u0142 w 1967 r. I Walny Zjazd PTF w Szczecinie. Od pocz\u0105tku istnienia Towarzystwa dzia\u0142alno\u015b\u0107 prowadzi\u0142o r\u00f3wnie\u017c 10 oddzia\u0142\u00f3w terenowych PTF, w tym Oddzia\u0142 w Krakowie.<\/p>\n<p style=\"text-align: justify;\">Materia\u0142y Polskiego Towarzystwa Farmakologicznego (sygn. K I\u201314) stanowi\u0105 1,40 mb. akt (84 j.a.). Pomoc\u0105 ewidencyjn\u0105 jest spis jednostek.<\/p>\n<p style=\"text-align: justify;\">Zesp\u00f3\u0142 archiwalny zawiera m.in. statuty Towarzystwa, materia\u0142y Zjazd\u00f3w i Walnych Zgromadze\u0144 Delegat\u00f3w PTF z lat 1966\u20131977, akta Zarz\u0105du G\u0142\u00f3wnego PTF, w tym protoko\u0142y z posiedze\u0144 (1966\u20131984), sprawozdania (1968\u20131969, 1976\u20131986) i korespondencj\u0119 Zarz\u0105du (1979\u20131980), materia\u0142y komisji (Rewizyjnej, Dydaktycznej, Nagr\u00f3d), karty cz\u0142onkowskie, materia\u0142y dot. sympozj\u00f3w naukowych (w tym Polsko-w\u0119gierskiego sympozjum \u201eO\u015brodkowe mechanizmy monoaminergiczne\u201d w Zakopanem 13\u201315 X 1976) oraz wsp\u00f3\u0142pracy z zagranicznymi towarzystwami naukowymi.<\/p>\n<p style=\"text-align: justify;\">Do dokumentacji Oddzia\u0142u PTF w Krakowie nale\u017c\u0105 m.in. akta Walnych Zgromadze\u0144 Oddzia\u0142u z lat 1965\u20131973, sprawozdania z dzia\u0142alno\u015bci (1975\u20131978), protoko\u0142y z zebra\u0144 naukowych (1966\u20131976), korespondencja wp\u0142ywaj\u0105ca i wychodz\u0105ca z lat 1965\u20131988.<\/p>\n<p style=\"text-align: justify;\"><em>M. Pir\u00f3g<\/em><\/p>\n","protected":false},"excerpt":{"rendered":"<p>Polskie Towarzystwo Farmakologiczne\u00a0zawi\u0105zano w 1965 roku na bazie sekcji farmakologicznej dzia\u0142aj\u0105cej przy Polskim Towarzystwie Fizjologicznym. Statut nowego stowarzyszenia zaakceptowa\u0142 w 1967 r. I Walny Zjazd PTF w Szczecinie. Od pocz\u0105tku istnienia Towarzystwa dzia\u0142alno\u015b\u0107 prowadzi\u0142o r\u00f3wnie\u017c 10 oddzia\u0142\u00f3w terenowych PTF, w tym Oddzia\u0142 w Krakowie. Materia\u0142y Polskiego Towarzystwa Farmakologicznego (sygn. K I\u201314) stanowi\u0105 1,40 mb. akt &hellip; <\/p>\n<p class=\"read-more\"><a class=\"btn btn-default\" href=\"https:\/\/archiwumnauki.pan.pl\/?page_id=4744\"> Read More<span class=\"screen-reader-text\">  Read More<\/span><\/a><\/p>\n","protected":false},"author":55,"featured_media":0,"parent":0,"menu_order":0,"comment_status":"closed","ping_status":"closed","template":"","meta":[],"_links":{"self":[{"href":"https:\/\/archiwumnauki.pan.pl\/index.php?rest_route=\/wp\/v2\/pages\/4744"}],"collection":[{"href":"https:\/\/archiwumnauki.pan.pl\/index.php?rest_route=\/wp\/v2\/pages"}],"about":[{"href":"https:\/\/archiwumnauki.pan.pl\/index.php?rest_route=\/wp\/v2\/types\/page"}],"author":[{"embeddable":true,"href":"https:\/\/archiwumnauki.pan.pl\/index.php?rest_route=\/wp\/v2\/users\/55"}],"replies":[{"embeddable":true,"href":"https:\/\/archiwumnauki.pan.pl\/index.php?rest_route=%2Fwp%2Fv2%2Fcomments&post=4744"}],"version-history":[{"count":6,"href":"https:\/\/archiwumnauki.pan.pl\/index.php?rest_route=\/wp\/v2\/pages\/4744\/revisions"}],"predecessor-version":[{"id":7076,"href":"https:\/\/archiwumnauki.pan.pl\/index.php?rest_route=\/wp\/v2\/pages\/4744\/revisions\/7076"}],"wp:attachment":[{"href":"https:\/\/archiwumnauki.pan.pl\/index.php?rest_route=%2Fwp%2Fv2%2Fmedia&parent=4744"}],"curies":[{"name":"wp","href":"https:\/\/api.w.org\/{rel}","templated":true}]}}