{"id":4739,"date":"2023-03-28T13:15:05","date_gmt":"2023-03-28T11:15:05","guid":{"rendered":"https:\/\/archiwumnauki.pan.pl\/?page_id=4739"},"modified":"2023-03-29T10:24:35","modified_gmt":"2023-03-29T08:24:35","slug":"materialy-towarzystwa-przyjazni-polsko-indyjskiej-sygn-k-i-13","status":"publish","type":"page","link":"https:\/\/archiwumnauki.pan.pl\/?page_id=4739","title":{"rendered":"Materia\u0142y Towarzystwa Przyja\u017ani Polsko-Indyjskiej (sygn. K I\u201313)"},"content":{"rendered":"<p style=\"text-align: justify;\"><strong>Towarzystwo Przyja\u017ani Polsko-Indyjskiej <\/strong>powsta\u0142o w Warszawie. W nast\u0119pstwie dzia\u0142alno\u015bci zawi\u0105zanego w czerwcu 1957 roku Komitetu Organizacyjnego odby\u0142o si\u0119 dnia 1 grudnia 1957 r. w Warszawie pierwsze zebranie Towarzystwa. Statut wymienia\u0142 w\u015br\u00f3d cel\u00f3w m.in. promocj\u0119 wsp\u00f3\u0142pracy obu narod\u00f3w na polu kultury, sztuki i nauki. Zorganizowano r\u00f3wnie\u017c ko\u0142a terenowe m.in. w Krakowie, Poznaniu, Toruniu.<\/p>\n<p style=\"text-align: justify;\">Zesp\u00f3\u0142 archiwalny Towarzystwa Przyja\u017ani Polsko-Indyjskiej (sygn. K I\u201313) zawiera 1,17 mb. akt (83 j.). Pomoc\u0105 ewidencyjn\u0105 jest spis jednostek.<\/p>\n<p style=\"text-align: justify;\">W sk\u0142ad zespo\u0142u wchodz\u0105 m.in. dokumentacja Walnych Zjazd\u00f3w Towarzystwa (1984) oraz Zarz\u0105du G\u0142\u00f3wnego (1966\u20131968), plany i sprawozdania Zarz\u0105du (1959\u20131971), zarz\u0105dzenia wewn\u0119trzne (1974), polecenia i wytyczne Zarz\u0105du do dzia\u0142alno\u015bci Ko\u0142a krakowskiego TPPI (1959\u20131974), materia\u0142y Biblioteki TPPI (ksi\u0119ga inwentarzowa, spis ksi\u0105\u017cek, rejestry ubytk\u00f3w, materia\u0142y ze skontrum), deklaracje cz\u0142onkowskie.<\/p>\n<p style=\"text-align: justify;\">Inn\u0105 grup\u0119 stanowi\u0105 materia\u0142y krakowskiego Ko\u0142a TPPI, w tym m.in. dokumentacja walnych zebra\u0144 Ko\u0142a (1961\u20131977), posiedze\u0144 zarz\u0105du, komisji rewizyjnej, korespondencja z innymi ko\u0142ami TPPI, plany i sprawozdania z dzia\u0142alno\u015bci Ko\u0142a. Charakterystyczn\u0105 cech\u0105 zespo\u0142u s\u0105 liczne fotografie, obrazuj\u0105ce dzia\u0142alno\u015b\u0107 TPPI i jego cz\u0142onk\u00f3w.<\/p>\n<p style=\"text-align: justify;\"><em>MP<\/em><\/p>\n","protected":false},"excerpt":{"rendered":"<p>Towarzystwo Przyja\u017ani Polsko-Indyjskiej powsta\u0142o w Warszawie. W nast\u0119pstwie dzia\u0142alno\u015bci zawi\u0105zanego w czerwcu 1957 roku Komitetu Organizacyjnego odby\u0142o si\u0119 dnia 1 grudnia 1957 r. w Warszawie pierwsze zebranie Towarzystwa. Statut wymienia\u0142 w\u015br\u00f3d cel\u00f3w m.in. promocj\u0119 wsp\u00f3\u0142pracy obu narod\u00f3w na polu kultury, sztuki i nauki. Zorganizowano r\u00f3wnie\u017c ko\u0142a terenowe m.in. w Krakowie, Poznaniu, Toruniu. Zesp\u00f3\u0142 archiwalny Towarzystwa &hellip; <\/p>\n<p class=\"read-more\"><a class=\"btn btn-default\" href=\"https:\/\/archiwumnauki.pan.pl\/?page_id=4739\"> Read More<span class=\"screen-reader-text\">  Read More<\/span><\/a><\/p>\n","protected":false},"author":55,"featured_media":0,"parent":0,"menu_order":0,"comment_status":"closed","ping_status":"closed","template":"","meta":[],"_links":{"self":[{"href":"https:\/\/archiwumnauki.pan.pl\/index.php?rest_route=\/wp\/v2\/pages\/4739"}],"collection":[{"href":"https:\/\/archiwumnauki.pan.pl\/index.php?rest_route=\/wp\/v2\/pages"}],"about":[{"href":"https:\/\/archiwumnauki.pan.pl\/index.php?rest_route=\/wp\/v2\/types\/page"}],"author":[{"embeddable":true,"href":"https:\/\/archiwumnauki.pan.pl\/index.php?rest_route=\/wp\/v2\/users\/55"}],"replies":[{"embeddable":true,"href":"https:\/\/archiwumnauki.pan.pl\/index.php?rest_route=%2Fwp%2Fv2%2Fcomments&post=4739"}],"version-history":[{"count":7,"href":"https:\/\/archiwumnauki.pan.pl\/index.php?rest_route=\/wp\/v2\/pages\/4739\/revisions"}],"predecessor-version":[{"id":4809,"href":"https:\/\/archiwumnauki.pan.pl\/index.php?rest_route=\/wp\/v2\/pages\/4739\/revisions\/4809"}],"wp:attachment":[{"href":"https:\/\/archiwumnauki.pan.pl\/index.php?rest_route=%2Fwp%2Fv2%2Fmedia&parent=4739"}],"curies":[{"name":"wp","href":"https:\/\/api.w.org\/{rel}","templated":true}]}}