{"id":4730,"date":"2023-03-28T12:08:05","date_gmt":"2023-03-28T10:08:05","guid":{"rendered":"https:\/\/archiwumnauki.pan.pl\/?page_id=4730"},"modified":"2023-03-28T16:03:19","modified_gmt":"2023-03-28T14:03:19","slug":"akta-polskiego-towarzystwa-matematycznego-sygn-k-i-17","status":"publish","type":"page","link":"https:\/\/archiwumnauki.pan.pl\/?page_id=4730","title":{"rendered":"Akta Polskiego Towarzystwa Matematycznego (sygn. K I\u201317)"},"content":{"rendered":"<p style=\"text-align: justify;\"><strong>Polskie Towarzystwo Matematyczne <\/strong>wywodzi si\u0119 z Towarzystwa Matematycznego w Krakowie, za\u0142o\u017conego w 1919 r. W 1920 roku przekszta\u0142cono je w stowarzyszenie og\u00f3lnopolskie z siedzib\u0105 w Krakowie. Od 1921 r. powstawa\u0142y lokalne oddzia\u0142y PTM. W 1936 r. zadecydowano o przeniesieniu siedziby zarz\u0105du do Warszawy, co skutkowa\u0142o reorganizacj\u0105 i utworzeniem w 1937 r. Oddzia\u0142u Krakowskiego PTM.<\/p>\n<p style=\"text-align: justify;\">Zesp\u00f3\u0142 akt Polskiego Towarzystwa Matematycznego (sygn. K I\u201317) zawiera 3,10 mb. akt (178 j.), posiada ewidencj\u0119 w postaci spisu jednostek.<\/p>\n<p style=\"text-align: justify;\">W sk\u0142ad akt PTM, przechowywanych w Archiwum Nauki, wchodz\u0105 m.in. protoko\u0142y z posiedze\u0144 Zarz\u0105du i Walnych Zebra\u0144 PTM (okres 1919\u20132001) oraz zebra\u0144 oddzia\u0142\u00f3w terenowych PTM (1949\u20131969), sprawozdania z dzia\u0142alno\u015bci (1949\u20132001), materia\u0142y dot. organizacji Zjazd\u00f3w Matematyk\u00f3w Polskich (m.in. w 1947, 1948, 1953, 1970, 1977, 1979, 1989, 1990, 1992\u20132001) oraz nagr\u00f3d PTM (1946\u20132001), korespondencja naukowa z lat 1946\u20131964 oraz dot. wsp\u00f3\u0142pracy zagranicznej z l. 1955\u20131971.<\/p>\n<p style=\"text-align: justify;\">Ponadto w zespole znajduj\u0105 si\u0119 m.in. dokumentacja dot. cz\u0142onk\u00f3w zagranicznych PTM oraz wizyt zagranicznych go\u015bci PTM, akta poszczeg\u00f3lnych oddzia\u0142\u00f3w PTM (bia\u0142ostockiego, bydgoskiego, cz\u0119stochowskiego, gda\u0144skiego, g\u00f3rnosl\u0105skiego, gliwickiego, kieleckiego, krakowskiego, lubelskiego, \u0142\u00f3dzkiego, olszty\u0144skiego, opolskiego, pozna\u0144skiego, rzeszowskiego, s\u0105deckiego, s\u0142upskiego, szczeci\u0144skiego, toru\u0144skiego, warszawskiego, wroc\u0142awskiego, zielonog\u00f3rskiego) oraz poszczeg\u00f3lnych komisji PTM (ds. wydawnictw, szkolnictwa podstawowego, szkolnictwa \u015bredniego, szkolnictwa wy\u017cszego, popularyzacji matematyki, zastosowa\u0144 matematyki, historii matematyki), materia\u0142y redakcyjne czasopism (m.in. &#8222;Commentationes Mathematicae&#8221;, &#8222;Wiadomo\u015bci Matematyczne&#8221;,\u00a0 &#8222;Studia Mathematicae&#8221;) oraz wydawnictw Towarzystwa, materia\u0142y kongres\u00f3w mi\u0119dzynarodowych (Helsinki 1978).<\/p>\n<p style=\"text-align: justify;\"><em>M. Pir\u00f3g<\/em><\/p>\n","protected":false},"excerpt":{"rendered":"<p>Polskie Towarzystwo Matematyczne wywodzi si\u0119 z Towarzystwa Matematycznego w Krakowie, za\u0142o\u017conego w 1919 r. W 1920 roku przekszta\u0142cono je w stowarzyszenie og\u00f3lnopolskie z siedzib\u0105 w Krakowie. Od 1921 r. powstawa\u0142y lokalne oddzia\u0142y PTM. W 1936 r. zadecydowano o przeniesieniu siedziby zarz\u0105du do Warszawy, co skutkowa\u0142o reorganizacj\u0105 i utworzeniem w 1937 r. Oddzia\u0142u Krakowskiego PTM. Zesp\u00f3\u0142 &hellip; <\/p>\n<p class=\"read-more\"><a class=\"btn btn-default\" href=\"https:\/\/archiwumnauki.pan.pl\/?page_id=4730\"> Read More<span class=\"screen-reader-text\">  Read More<\/span><\/a><\/p>\n","protected":false},"author":55,"featured_media":0,"parent":0,"menu_order":0,"comment_status":"closed","ping_status":"closed","template":"","meta":[],"_links":{"self":[{"href":"https:\/\/archiwumnauki.pan.pl\/index.php?rest_route=\/wp\/v2\/pages\/4730"}],"collection":[{"href":"https:\/\/archiwumnauki.pan.pl\/index.php?rest_route=\/wp\/v2\/pages"}],"about":[{"href":"https:\/\/archiwumnauki.pan.pl\/index.php?rest_route=\/wp\/v2\/types\/page"}],"author":[{"embeddable":true,"href":"https:\/\/archiwumnauki.pan.pl\/index.php?rest_route=\/wp\/v2\/users\/55"}],"replies":[{"embeddable":true,"href":"https:\/\/archiwumnauki.pan.pl\/index.php?rest_route=%2Fwp%2Fv2%2Fcomments&post=4730"}],"version-history":[{"count":4,"href":"https:\/\/archiwumnauki.pan.pl\/index.php?rest_route=\/wp\/v2\/pages\/4730\/revisions"}],"predecessor-version":[{"id":4774,"href":"https:\/\/archiwumnauki.pan.pl\/index.php?rest_route=\/wp\/v2\/pages\/4730\/revisions\/4774"}],"wp:attachment":[{"href":"https:\/\/archiwumnauki.pan.pl\/index.php?rest_route=%2Fwp%2Fv2%2Fmedia&parent=4730"}],"curies":[{"name":"wp","href":"https:\/\/api.w.org\/{rel}","templated":true}]}}