{"id":4712,"date":"2023-03-27T16:28:58","date_gmt":"2023-03-27T14:28:58","guid":{"rendered":"https:\/\/archiwumnauki.pan.pl\/?page_id=4712"},"modified":"2023-03-28T10:55:40","modified_gmt":"2023-03-28T08:55:40","slug":"akta-zakladu-gospodarki-gorskiej-pan","status":"publish","type":"page","link":"https:\/\/archiwumnauki.pan.pl\/?page_id=4712","title":{"rendered":"Akta Zak\u0142adu Gospodarki G\u00f3rskiej PAN (sygn. K II\u201310)"},"content":{"rendered":"<p style=\"text-align: justify;\">Zak\u0142ad Gospodarki G\u00f3rskiej powsta\u0142 w 1963 roku z przekszta\u0142cenia Zak\u0142adu Bada\u0144 Le\u015bnych PAN. Uchwa\u0142\u0105 Prezydium PAN nr 7\/69 z dn. 18 II 1969 r. (w 1969 roku Zak\u0142ad Bada\u0144 Le\u015bnych powo\u0142any uchwa\u0142\u0105 Sekr. Nauk. PAN nr 29\/56 z dn. 7 II 1956 pocz\u0105tkowo jako ZBL przy Komitecie Nauk Rolniczych, a nast\u0119pnie uchwa\u0142\u0105 Prezydium PAN nr 4\/56 z 2.X 1956 przeniesiony do Wydzia\u0142u V) przej\u0119ty zosta\u0142 przez Zak\u0142ad Ochrony Przyrody i Zasob\u00f3w Naturalnych PAN (od 1993 r. Instytutu Ochrony Przyrody).<\/p>\n<p style=\"text-align: justify;\">Akta Zak\u0142adu zawieraj\u0105: statut, regulamin pracy, materia\u0142y (m. in. protoko\u0142y) z posiedze\u0144 Rady Naukowej (1964\u20131968), sprawozdania z dzia\u0142alno\u015bci pracownik\u00f3w i Zak\u0142adu (1964\u20131966), materia\u0142y dotycz\u0105ce: studi\u00f3w i stypendi\u00f3w doktoranckich (1961\u20131969); prowadzonych bada\u0144 naukowych (1965\u20131968); kontakt\u00f3w mi\u0119dzynarodowych (m. in. zarz\u0105dzenia, kwestionariusze); udzia\u0142u w zjazdach i konferencjach (1964\u20131969).<\/p>\n<p style=\"text-align: justify;\">W aktach zak\u0142adu znajduj\u0105 si\u0119 r\u00f3wnie\u017c materia\u0142y Kazimierza Zabierowskiego zawieraj\u0105ce m. in. materia\u0142y tw\u00f3rczo\u015bci naukowej z zakresu rolnictwa (m. in. plany rolniczego zagospodarowania miasta O\u015bwi\u0119cimia i jego najbli\u017cszego zaplecza), materia\u0142y warsztatowe \u2013 g\u0142\u00f3wnie wypisy z literatury, wyci\u0105gi z materia\u0142\u00f3w statystycznych, tabele, wykazy, materia\u0142y dzia\u0142alno\u015bci (m. in. w Radzie Naukowej Zak\u0142adu Biologii W\u00f3d PAN w Krakowie, Komitecie Ekonomiki Rolnictwa Wydzia\u0142u V PAN.<\/p>\n<p><em>P. Milczanowski<br \/>\n<\/em><span style=\"font-size: 10pt;\">\u0179r\u00f3d\u0142o:\u00a0<em>Przewodnik po zasobie Archiwum PAN,\u00a0<\/em>praca zbiorowa pod kier. H. Krajewska, A. Kulecka, Warszawa 1999.<\/span><\/p>\n","protected":false},"excerpt":{"rendered":"<p>Zak\u0142ad Gospodarki G\u00f3rskiej powsta\u0142 w 1963 roku z przekszta\u0142cenia Zak\u0142adu Bada\u0144 Le\u015bnych PAN. Uchwa\u0142\u0105 Prezydium PAN nr 7\/69 z dn. 18 II 1969 r. (w 1969 roku Zak\u0142ad Bada\u0144 Le\u015bnych powo\u0142any uchwa\u0142\u0105 Sekr. Nauk. PAN nr 29\/56 z dn. 7 II 1956 pocz\u0105tkowo jako ZBL przy Komitecie Nauk Rolniczych, a nast\u0119pnie uchwa\u0142\u0105 Prezydium PAN nr &hellip; <\/p>\n<p class=\"read-more\"><a class=\"btn btn-default\" href=\"https:\/\/archiwumnauki.pan.pl\/?page_id=4712\"> Read More<span class=\"screen-reader-text\">  Read More<\/span><\/a><\/p>\n","protected":false},"author":27,"featured_media":0,"parent":0,"menu_order":0,"comment_status":"closed","ping_status":"closed","template":"","meta":[],"_links":{"self":[{"href":"https:\/\/archiwumnauki.pan.pl\/index.php?rest_route=\/wp\/v2\/pages\/4712"}],"collection":[{"href":"https:\/\/archiwumnauki.pan.pl\/index.php?rest_route=\/wp\/v2\/pages"}],"about":[{"href":"https:\/\/archiwumnauki.pan.pl\/index.php?rest_route=\/wp\/v2\/types\/page"}],"author":[{"embeddable":true,"href":"https:\/\/archiwumnauki.pan.pl\/index.php?rest_route=\/wp\/v2\/users\/27"}],"replies":[{"embeddable":true,"href":"https:\/\/archiwumnauki.pan.pl\/index.php?rest_route=%2Fwp%2Fv2%2Fcomments&post=4712"}],"version-history":[{"count":6,"href":"https:\/\/archiwumnauki.pan.pl\/index.php?rest_route=\/wp\/v2\/pages\/4712\/revisions"}],"predecessor-version":[{"id":4724,"href":"https:\/\/archiwumnauki.pan.pl\/index.php?rest_route=\/wp\/v2\/pages\/4712\/revisions\/4724"}],"wp:attachment":[{"href":"https:\/\/archiwumnauki.pan.pl\/index.php?rest_route=%2Fwp%2Fv2%2Fmedia&parent=4712"}],"curies":[{"name":"wp","href":"https:\/\/api.w.org\/{rel}","templated":true}]}}