{"id":4709,"date":"2023-03-27T16:25:51","date_gmt":"2023-03-27T14:25:51","guid":{"rendered":"https:\/\/archiwumnauki.pan.pl\/?page_id=4709"},"modified":"2024-02-12T14:17:49","modified_gmt":"2024-02-12T13:17:49","slug":"akta-zakladu-biologii-wod-pan-w-krakowie","status":"publish","type":"page","link":"https:\/\/archiwumnauki.pan.pl\/?page_id=4709","title":{"rendered":"Akta Zak\u0142adu Biologii W\u00f3d PAN w Krakowie (sygn. K II-5)"},"content":{"rendered":"<p style=\"text-align: justify;\">W grudniu 1952 r. powo\u0142ano Zak\u0142ad Gospodarki Stawowej, od marca 1953 przyj\u0105\u0142 nazw\u0119 Zak\u0142ad Biologii Staw\u00f3w, do kt\u00f3rego w\u0142\u0105czono maj\u0105tki do\u015bwiadczalne Polskiej Akademii Umiej\u0119tno\u015bci (Ochaby, Go\u0142ysz, Landek) oraz cz\u0119\u015b\u0107 agend Instytutu Rybactwa \u015ar\u00f3dl\u0105dowego w Olsztynie. W 1956 r. na bazie Zak\u0142adu Biologii Staw\u00f3w powsta\u0142 <strong>Zak\u0142ad Biologii W\u00f3d<\/strong>.<\/p>\n<p style=\"text-align: justify;\">Akta Zak\u0142adu z l. 1953\u20131990 zawieraj\u0105: zarz\u0105dzenia, uchwa\u0142y (z l. 1976\u20131984), korespondencj\u0119 dotycz\u0105c\u0105 spraw osobowych (m. in. etaty, stopnie naukowe, stypendia); plany finansowe (1974\u20131986), bilanse roczne (1955\u20131967, 1974, 1988), roczne sprawozdania finansowe (1967, 1976\u20131984). Plany gospodarczo-finansowe Zespo\u0142u Gospodarstw Do\u015bwiadczalnych (1954\u20131968), sprawozdania finansowe ZGD (1953, 1955\u20131956, 1958\u20131967), protoko\u0142y posiedze\u0144 w sprawach administracyjno-finansowych ZGD (1957\u20131963), listy p\u0142ac z l. 1957\u20131967, 1970\u20131988.<\/p>\n<p style=\"text-align: justify;\">Akta zwi\u0105zane z badaniami naukowymi: korespondencja dotycz\u0105ca organizacji bada\u0144, plany i programy, sprawozdania (z l. 1976\u20131984). Plany, sprawozdania i korespondencja Centralnego Programu Bada\u0144 Podstawowych (z lat 1986\u20131990).<\/p>\n<p style=\"text-align: justify;\">Wsp\u00f3\u0142praca naukowa z zagranic\u0105: plany, sprawozdania, korespondencja (z l. 1976\u20131984).<\/p>\n<p style=\"text-align: justify;\">Korespondencja dotycz\u0105ca biblioteki, wydawnictwa \u201cActa Hydrobiologica\u201d (z l. 1976\u20131984).<\/p>\n<p><em>M. P\u0142atek (Tylka)<br \/>\n<\/em><span style=\"font-size: 10pt;\">\u0179r\u00f3d\u0142o:\u00a0<em>Przewodnik po zasobie Archiwum PAN,\u00a0<\/em>praca zbiorowa pod kier. H. Krajewska, A. Kulecka, Warszawa 1999.<\/span><\/p>\n","protected":false},"excerpt":{"rendered":"<p>W grudniu 1952 r. powo\u0142ano Zak\u0142ad Gospodarki Stawowej, od marca 1953 przyj\u0105\u0142 nazw\u0119 Zak\u0142ad Biologii Staw\u00f3w, do kt\u00f3rego w\u0142\u0105czono maj\u0105tki do\u015bwiadczalne Polskiej Akademii Umiej\u0119tno\u015bci (Ochaby, Go\u0142ysz, Landek) oraz cz\u0119\u015b\u0107 agend Instytutu Rybactwa \u015ar\u00f3dl\u0105dowego w Olsztynie. W 1956 r. na bazie Zak\u0142adu Biologii Staw\u00f3w powsta\u0142 Zak\u0142ad Biologii W\u00f3d. Akta Zak\u0142adu z l. 1953\u20131990 zawieraj\u0105: zarz\u0105dzenia, uchwa\u0142y &hellip; <\/p>\n<p class=\"read-more\"><a class=\"btn btn-default\" href=\"https:\/\/archiwumnauki.pan.pl\/?page_id=4709\"> Read More<span class=\"screen-reader-text\">  Read More<\/span><\/a><\/p>\n","protected":false},"author":27,"featured_media":0,"parent":0,"menu_order":0,"comment_status":"closed","ping_status":"closed","template":"","meta":[],"_links":{"self":[{"href":"https:\/\/archiwumnauki.pan.pl\/index.php?rest_route=\/wp\/v2\/pages\/4709"}],"collection":[{"href":"https:\/\/archiwumnauki.pan.pl\/index.php?rest_route=\/wp\/v2\/pages"}],"about":[{"href":"https:\/\/archiwumnauki.pan.pl\/index.php?rest_route=\/wp\/v2\/types\/page"}],"author":[{"embeddable":true,"href":"https:\/\/archiwumnauki.pan.pl\/index.php?rest_route=\/wp\/v2\/users\/27"}],"replies":[{"embeddable":true,"href":"https:\/\/archiwumnauki.pan.pl\/index.php?rest_route=%2Fwp%2Fv2%2Fcomments&post=4709"}],"version-history":[{"count":6,"href":"https:\/\/archiwumnauki.pan.pl\/index.php?rest_route=\/wp\/v2\/pages\/4709\/revisions"}],"predecessor-version":[{"id":5910,"href":"https:\/\/archiwumnauki.pan.pl\/index.php?rest_route=\/wp\/v2\/pages\/4709\/revisions\/5910"}],"wp:attachment":[{"href":"https:\/\/archiwumnauki.pan.pl\/index.php?rest_route=%2Fwp%2Fv2%2Fmedia&parent=4709"}],"curies":[{"name":"wp","href":"https:\/\/api.w.org\/{rel}","templated":true}]}}