{"id":4706,"date":"2023-03-27T16:19:31","date_gmt":"2023-03-27T14:19:31","guid":{"rendered":"https:\/\/archiwumnauki.pan.pl\/?page_id=4706"},"modified":"2024-02-12T14:11:51","modified_gmt":"2024-02-12T13:11:51","slug":"akta-zakladu-polskiego-slownika-biograficznego-instytutu-historii-polskiej-akademii-nauk","status":"publish","type":"page","link":"https:\/\/archiwumnauki.pan.pl\/?page_id=4706","title":{"rendered":"Akta Zak\u0142adu Polskiego S\u0142ownika Biograficznego Instytutu Historii Polskiej Akademii Nauk (sygn. K II\u20134)"},"content":{"rendered":"<p style=\"text-align: justify;\">W roku 1953 powsta\u0142 Zak\u0142ad Dokumentacji Instytutu Historii PAN, kt\u00f3ry przej\u0105\u0142 zbiory Komisji Historycznej i <em>Polskiego S\u0142ownika Biograficznego<\/em> Polskiej Akademii Umiej\u0119tno\u015bci, w 1975 r. <strong>Zak\u0142ad PSB <\/strong>wyodr\u0119bni\u0142 si\u0119 z Zak\u0142adu Dokumentacji.<\/p>\n<p style=\"text-align: justify;\">Teki redakcyjne PSB od t. VII \u2013 XXXIII (egz. tzw. matki z za\u0142\u0105cznikami, korekty, egz. do druku), tzw. kreda t. VIII \u2013 XXIX (arkusz drukarski), korespondencja redakcyjna, umowy, kartoteka autor\u00f3w i prenumerator\u00f3w. Instrukcje, regulamin, statut z l. 1953\u20131955.<\/p>\n<p><em>M. P\u0142atek (Tylka)<br \/>\n<\/em><span style=\"font-size: 10pt;\">\u0179r\u00f3d\u0142o:\u00a0<em>Przewodnik po zasobie Archiwum PAN,\u00a0<\/em>praca zbiorowa pod kier. H. Krajewska, A. Kulecka, Warszawa 1999.<\/span><\/p>\n","protected":false},"excerpt":{"rendered":"<p>W roku 1953 powsta\u0142 Zak\u0142ad Dokumentacji Instytutu Historii PAN, kt\u00f3ry przej\u0105\u0142 zbiory Komisji Historycznej i Polskiego S\u0142ownika Biograficznego Polskiej Akademii Umiej\u0119tno\u015bci, w 1975 r. Zak\u0142ad PSB wyodr\u0119bni\u0142 si\u0119 z Zak\u0142adu Dokumentacji. Teki redakcyjne PSB od t. VII \u2013 XXXIII (egz. tzw. matki z za\u0142\u0105cznikami, korekty, egz. do druku), tzw. kreda t. VIII \u2013 XXIX (arkusz &hellip; <\/p>\n<p class=\"read-more\"><a class=\"btn btn-default\" href=\"https:\/\/archiwumnauki.pan.pl\/?page_id=4706\"> Read More<span class=\"screen-reader-text\">  Read More<\/span><\/a><\/p>\n","protected":false},"author":27,"featured_media":0,"parent":0,"menu_order":0,"comment_status":"closed","ping_status":"closed","template":"","meta":[],"_links":{"self":[{"href":"https:\/\/archiwumnauki.pan.pl\/index.php?rest_route=\/wp\/v2\/pages\/4706"}],"collection":[{"href":"https:\/\/archiwumnauki.pan.pl\/index.php?rest_route=\/wp\/v2\/pages"}],"about":[{"href":"https:\/\/archiwumnauki.pan.pl\/index.php?rest_route=\/wp\/v2\/types\/page"}],"author":[{"embeddable":true,"href":"https:\/\/archiwumnauki.pan.pl\/index.php?rest_route=\/wp\/v2\/users\/27"}],"replies":[{"embeddable":true,"href":"https:\/\/archiwumnauki.pan.pl\/index.php?rest_route=%2Fwp%2Fv2%2Fcomments&post=4706"}],"version-history":[{"count":5,"href":"https:\/\/archiwumnauki.pan.pl\/index.php?rest_route=\/wp\/v2\/pages\/4706\/revisions"}],"predecessor-version":[{"id":5909,"href":"https:\/\/archiwumnauki.pan.pl\/index.php?rest_route=\/wp\/v2\/pages\/4706\/revisions\/5909"}],"wp:attachment":[{"href":"https:\/\/archiwumnauki.pan.pl\/index.php?rest_route=%2Fwp%2Fv2%2Fmedia&parent=4706"}],"curies":[{"name":"wp","href":"https:\/\/api.w.org\/{rel}","templated":true}]}}