{"id":4703,"date":"2023-03-27T16:17:14","date_gmt":"2023-03-27T14:17:14","guid":{"rendered":"https:\/\/archiwumnauki.pan.pl\/?page_id=4703"},"modified":"2023-03-28T11:34:39","modified_gmt":"2023-03-28T09:34:39","slug":"akta-zakladu-numizmatyki-instytutu-archeologii-i-etnologii-pan-w-krakowie","status":"publish","type":"page","link":"https:\/\/archiwumnauki.pan.pl\/?page_id=4703","title":{"rendered":"Akta Zak\u0142adu Numizmatyki Instytutu Archeologii i Etnologii PAN w Krakowie (sygn. K II\u201341)"},"content":{"rendered":"<p style=\"text-align: justify;\"><strong>Zak\u0142ad Numizmatyki<\/strong> wchodzi\u0142 w sk\u0142ad Instytutu Archeologii i Etnologii PAN \u2013 Oddzia\u0142 w Krakowie. Utworzony zosta\u0142 w 1954 roku.<\/p>\n<p style=\"text-align: justify;\">Akta Zak\u0142adu zawieraj\u0105: sprawozdania z dzia\u0142alno\u015bci Zak\u0142adu (1960\u20131967) i Instytutu Historii Kultury Materialnej PAN (1960\u20131964), sprawozdania i plany naukowe (1953\u20131959), korespondencja (1953\u20131965), akta personalne, ankiety o znaleziskach monet, materia\u0142y dotycz\u0105ce spraw finansowych, wydawniczych, bibliotecznych (1955\u20131969)<\/p>\n<p><span style=\"font-size: 10pt;\">\u0179r\u00f3d\u0142o:\u00a0<em>Przewodnik po zasobie Archiwum PAN,\u00a0<\/em>praca zbiorowa pod kier. H. Krajewska, A. Kulecka, Warszawa 1999.<\/span><\/p>\n","protected":false},"excerpt":{"rendered":"<p>Zak\u0142ad Numizmatyki wchodzi\u0142 w sk\u0142ad Instytutu Archeologii i Etnologii PAN \u2013 Oddzia\u0142 w Krakowie. Utworzony zosta\u0142 w 1954 roku. Akta Zak\u0142adu zawieraj\u0105: sprawozdania z dzia\u0142alno\u015bci Zak\u0142adu (1960\u20131967) i Instytutu Historii Kultury Materialnej PAN (1960\u20131964), sprawozdania i plany naukowe (1953\u20131959), korespondencja (1953\u20131965), akta personalne, ankiety o znaleziskach monet, materia\u0142y dotycz\u0105ce spraw finansowych, wydawniczych, bibliotecznych (1955\u20131969) \u0179r\u00f3d\u0142o:\u00a0Przewodnik &hellip; <\/p>\n<p class=\"read-more\"><a class=\"btn btn-default\" href=\"https:\/\/archiwumnauki.pan.pl\/?page_id=4703\"> Read More<span class=\"screen-reader-text\">  Read More<\/span><\/a><\/p>\n","protected":false},"author":27,"featured_media":0,"parent":0,"menu_order":0,"comment_status":"closed","ping_status":"closed","template":"","meta":[],"_links":{"self":[{"href":"https:\/\/archiwumnauki.pan.pl\/index.php?rest_route=\/wp\/v2\/pages\/4703"}],"collection":[{"href":"https:\/\/archiwumnauki.pan.pl\/index.php?rest_route=\/wp\/v2\/pages"}],"about":[{"href":"https:\/\/archiwumnauki.pan.pl\/index.php?rest_route=\/wp\/v2\/types\/page"}],"author":[{"embeddable":true,"href":"https:\/\/archiwumnauki.pan.pl\/index.php?rest_route=\/wp\/v2\/users\/27"}],"replies":[{"embeddable":true,"href":"https:\/\/archiwumnauki.pan.pl\/index.php?rest_route=%2Fwp%2Fv2%2Fcomments&post=4703"}],"version-history":[{"count":4,"href":"https:\/\/archiwumnauki.pan.pl\/index.php?rest_route=\/wp\/v2\/pages\/4703\/revisions"}],"predecessor-version":[{"id":4732,"href":"https:\/\/archiwumnauki.pan.pl\/index.php?rest_route=\/wp\/v2\/pages\/4703\/revisions\/4732"}],"wp:attachment":[{"href":"https:\/\/archiwumnauki.pan.pl\/index.php?rest_route=%2Fwp%2Fv2%2Fmedia&parent=4703"}],"curies":[{"name":"wp","href":"https:\/\/api.w.org\/{rel}","templated":true}]}}